
{"id":1328,"date":"2014-05-27T21:31:33","date_gmt":"2014-05-27T19:31:33","guid":{"rendered":"http:\/\/gs-cms.com\/?page_id=1328"},"modified":"2016-01-28T00:16:05","modified_gmt":"2016-01-27T23:16:05","slug":"rib-connector","status":"publish","type":"page","link":"https:\/\/gs-cms.com\/?page_id=1328","title":{"rendered":"RIB Connector"},"content":{"rendered":"<p>Mit dem RIB-Connector k\u00f6nnen Daten aus der CMS Adressverwaltung direkt in RIB iTWO verwendet werden.<\/p>\n<p>Hierzu m\u00fcssen Sie\u00a0im\u00a0RIB\u00a0iTWO\u00a0Adressfenster mit der rechten Maustaste auf eine Kategorie klicken\u00a0und &#8222;Import\u2026&#8220; w\u00e4hlen.<\/p>\n<p><a href=\"https:\/\/gs-cms.com\/wp-content\/uploads\/RIB-Import.png\" data-rel=\"lightbox-gallery-ufRdPQaO\" data-rl_title=\"\" data-rl_caption=\"\" title=\"\"><img loading=\"lazy\" decoding=\"async\" data-attachment-id=\"1331\" data-permalink=\"https:\/\/gs-cms.com\/?attachment_id=1331\" data-orig-file=\"https:\/\/gs-cms.com\/wp-content\/uploads\/RIB-Import.png\" data-orig-size=\"617,373\" data-comments-opened=\"1\" data-image-meta=\"{&quot;aperture&quot;:&quot;0&quot;,&quot;credit&quot;:&quot;&quot;,&quot;camera&quot;:&quot;&quot;,&quot;caption&quot;:&quot;&quot;,&quot;created_timestamp&quot;:&quot;0&quot;,&quot;copyright&quot;:&quot;&quot;,&quot;focal_length&quot;:&quot;0&quot;,&quot;iso&quot;:&quot;0&quot;,&quot;shutter_speed&quot;:&quot;0&quot;,&quot;title&quot;:&quot;&quot;,&quot;orientation&quot;:&quot;0&quot;}\" data-image-title=\"RIB-Import\" data-image-description=\"\" data-image-caption=\"\" data-large-file=\"https:\/\/gs-cms.com\/wp-content\/uploads\/RIB-Import.png\" class=\"alignnone size-full wp-image-1331\" src=\"https:\/\/gs-cms.com\/wp-content\/uploads\/RIB-Import.png\" alt=\"RIB-Import\" width=\"617\" height=\"373\" srcset=\"https:\/\/gs-cms.com\/wp-content\/uploads\/RIB-Import.png 617w, https:\/\/gs-cms.com\/wp-content\/uploads\/RIB-Import-300x181.png 300w\" sizes=\"auto, (max-width: 617px) 100vw, 617px\" \/><\/a><\/p>\n<p>Im folgenden Fenster muss das Construction Management System als Import-Filter verwendet werden.<\/p>\n<p><a href=\"https:\/\/gs-cms.com\/wp-content\/uploads\/RIB-Filterauswahl.png\" data-rel=\"lightbox-gallery-ufRdPQaO\" data-rl_title=\"\" data-rl_caption=\"\" title=\"\"><img loading=\"lazy\" decoding=\"async\" data-attachment-id=\"1330\" data-permalink=\"https:\/\/gs-cms.com\/?attachment_id=1330\" data-orig-file=\"https:\/\/gs-cms.com\/wp-content\/uploads\/RIB-Filterauswahl.png\" data-orig-size=\"424,346\" data-comments-opened=\"1\" data-image-meta=\"{&quot;aperture&quot;:&quot;0&quot;,&quot;credit&quot;:&quot;&quot;,&quot;camera&quot;:&quot;&quot;,&quot;caption&quot;:&quot;&quot;,&quot;created_timestamp&quot;:&quot;0&quot;,&quot;copyright&quot;:&quot;&quot;,&quot;focal_length&quot;:&quot;0&quot;,&quot;iso&quot;:&quot;0&quot;,&quot;shutter_speed&quot;:&quot;0&quot;,&quot;title&quot;:&quot;&quot;,&quot;orientation&quot;:&quot;0&quot;}\" data-image-title=\"RIB-Filterauswahl\" data-image-description=\"\" data-image-caption=\"\" data-large-file=\"https:\/\/gs-cms.com\/wp-content\/uploads\/RIB-Filterauswahl.png\" class=\"alignnone size-full wp-image-1330\" src=\"https:\/\/gs-cms.com\/wp-content\/uploads\/RIB-Filterauswahl.png\" alt=\"RIB-Filterauswahl\" width=\"424\" height=\"346\" srcset=\"https:\/\/gs-cms.com\/wp-content\/uploads\/RIB-Filterauswahl.png 424w, https:\/\/gs-cms.com\/wp-content\/uploads\/RIB-Filterauswahl-300x244.png 300w\" sizes=\"auto, (max-width: 424px) 100vw, 424px\" \/><\/a><\/p>\n<p>Nach einer Weile wird die CMS Adressverwaltung ge\u00f6ffnet und es kann eine Adresse ausgew\u00e4hlt werden.<\/p>\n<p><a href=\"https:\/\/gs-cms.com\/wp-content\/uploads\/RIB-Adressauswahl.png\" data-rel=\"lightbox-gallery-ufRdPQaO\" data-rl_title=\"\" data-rl_caption=\"\" title=\"\"><img loading=\"lazy\" decoding=\"async\" data-attachment-id=\"1329\" data-permalink=\"https:\/\/gs-cms.com\/?attachment_id=1329\" data-orig-file=\"https:\/\/gs-cms.com\/wp-content\/uploads\/RIB-Adressauswahl.png\" data-orig-size=\"800,599\" data-comments-opened=\"1\" data-image-meta=\"{&quot;aperture&quot;:&quot;0&quot;,&quot;credit&quot;:&quot;&quot;,&quot;camera&quot;:&quot;&quot;,&quot;caption&quot;:&quot;&quot;,&quot;created_timestamp&quot;:&quot;0&quot;,&quot;copyright&quot;:&quot;&quot;,&quot;focal_length&quot;:&quot;0&quot;,&quot;iso&quot;:&quot;0&quot;,&quot;shutter_speed&quot;:&quot;0&quot;,&quot;title&quot;:&quot;&quot;,&quot;orientation&quot;:&quot;0&quot;}\" data-image-title=\"RIB-Adressauswahl\" data-image-description=\"\" data-image-caption=\"\" data-large-file=\"https:\/\/gs-cms.com\/wp-content\/uploads\/RIB-Adressauswahl.png\" class=\"alignnone size-full wp-image-1329\" src=\"https:\/\/gs-cms.com\/wp-content\/uploads\/RIB-Adressauswahl.png\" alt=\"RIB-Adressauswahl\" width=\"800\" height=\"599\" srcset=\"https:\/\/gs-cms.com\/wp-content\/uploads\/RIB-Adressauswahl.png 800w, https:\/\/gs-cms.com\/wp-content\/uploads\/RIB-Adressauswahl-300x224.png 300w\" sizes=\"auto, (max-width: 800px) 100vw, 800px\" \/><\/a><\/p>\n<p>Ist die Adresse bereits vorhanden, werden die Daten aktualisiert.<\/p>\n<p>&nbsp;<\/p>\n","protected":false},"excerpt":{"rendered":"<p>Mit dem RIB-Connector k\u00f6nnen Daten aus der CMS Adressverwaltung direkt in RIB iTWO verwendet werden. Hierzu m\u00fcssen Sie\u00a0im\u00a0RIB\u00a0iTWO\u00a0Adressfenster mit der rechten Maustaste auf eine Kategorie klicken\u00a0und &#8222;Import\u2026&#8220; w\u00e4hlen. Im folgenden Fenster muss das Construction Management System als Import-Filter verwendet werden. Nach einer Weile wird die CMS Adressverwaltung ge\u00f6ffnet und es kann eine Adresse ausgew\u00e4hlt werden.&hellip;<\/p>\n","protected":false},"author":11,"featured_media":0,"parent":1333,"menu_order":0,"comment_status":"closed","ping_status":"closed","template":"helppage.php","meta":{"_bbp_topic_count":0,"_bbp_reply_count":0,"_bbp_total_topic_count":0,"_bbp_total_reply_count":0,"_bbp_voice_count":0,"_bbp_anonymous_reply_count":0,"_bbp_topic_count_hidden":0,"_bbp_reply_count_hidden":0,"_bbp_forum_subforum_count":0,"jetpack_post_was_ever_published":false,"footnotes":""},"class_list":["post-1328","page","type-page","status-publish","hentry"],"aioseo_notices":[],"jetpack_sharing_enabled":true,"jetpack-related-posts":[{"id":157,"url":"https:\/\/gs-cms.com\/?page_id=157","url_meta":{"origin":1328,"position":0},"title":"Mitarbeiter","author":"Patrick Schimmel","date":"Dienstag, 3. Dezember 2013","format":false,"excerpt":"Mitarbeiter bearbeiten Grunddaten Im ersten Kartenreiter werden die Grunddaten der Person eingegeben, wie die Anrede, Telefon- und Faxnummern, Web-Adressen, Geburtsdatum und die Abteilung. Die eingegebenen Daten werden programmweit als Kontaktdaten der Person verwendet, auch in den Berichten. So wird sicher gestellt, dass \u00fcberall immer die aktuellen Daten verwendet werden. Das\u2026","rel":"","context":"In \"Adressen\"","block_context":{"text":"Adressen","link":"https:\/\/gs-cms.com\/?tag=adressen"},"img":{"alt_text":"Adressverwaltung Person Grunddaten","src":"https:\/\/i0.wp.com\/gs-cms.com\/wp-content\/uploads\/Adressverwaltung-Person-Grunddaten-300x250.png?resize=350%2C200&ssl=1","width":350,"height":200},"classes":[]},{"id":138,"url":"https:\/\/gs-cms.com\/?page_id=138","url_meta":{"origin":1328,"position":1},"title":"Firmen","author":"Patrick Schimmel","date":"Dienstag, 3. Dezember 2013","format":false,"excerpt":"Firmenkontakt hinzuf\u00fcgen Das Anlegen eines neuen Firmenkontakts erfolgt \u00fcber den Plus-Schalter in der Toolbar der Adressverwaltung. Im Anschluss k\u00f6nnen im Detailfenster die Angaben zu dem Firmenkontakt bearbeitet werden. Firmenkontakt bearbeiten Das Detailfenster zum Bearbeiten von Firmenkontakten wird durch einen Doppelklick auf die entsprechende Zeile im Hauptfenster der Adressverwaltung ge\u00f6ffnet. Im\u2026","rel":"","context":"In \"Adressen\"","block_context":{"text":"Adressen","link":"https:\/\/gs-cms.com\/?tag=adressen"},"img":{"alt_text":"Add","src":"https:\/\/i0.wp.com\/gs-cms.com\/wp-content\/uploads\/Add.png?resize=350%2C200&ssl=1","width":350,"height":200},"classes":[]},{"id":278,"url":"https:\/\/gs-cms.com\/?page_id=278","url_meta":{"origin":1328,"position":2},"title":"Benutzer","author":"Patrick Schimmel","date":"Dienstag, 10. Dezember 2013","format":false,"excerpt":"Benutzer hinzuf\u00fcgen Ein Benutzer wird mit einem Mausklick auf den Plus-Button in der Toolbar neu angelegt. Daraufhin erscheint das Detail-Fenster des Benutzers. Hier m\u00fcssen alle Daten ausgef\u00fcllt und der Benutzer muss einem Kontakt aus der Adressverwaltung zugeordnet werden. Diese Zuordnung wird programmintern in einigen Modulen verwendet. Ist der Kontakt in\u2026","rel":"","context":"In \"Admin\"","block_context":{"text":"Admin","link":"https:\/\/gs-cms.com\/?tag=admin"},"img":{"alt_text":"Add","src":"https:\/\/i0.wp.com\/gs-cms.com\/wp-content\/uploads\/Add.png?resize=350%2C200&ssl=1","width":350,"height":200},"classes":[]},{"id":168,"url":"https:\/\/gs-cms.com\/?page_id=168","url_meta":{"origin":1328,"position":3},"title":"Adressverwaltung","author":"Patrick Schimmel","date":"Mittwoch, 4. Dezember 2013","format":false,"excerpt":"In der Adressverwaltung werden die Firmenkontakte und die Mitarbeiter der Firmen mit allen Details eingegeben. Firmenkontakt anlegen Firmenkontakt bearbeiten Firmenkontakt l\u00f6schen Mitarbeiter bearbeiten Firmenhierarchie ansehen Firmenzertifikate bearbeiten Mitarbeiter finden","rel":"","context":"In \"Adressen\"","block_context":{"text":"Adressen","link":"https:\/\/gs-cms.com\/?tag=adressen"},"img":{"alt_text":"Adressverwaltung","src":"https:\/\/i0.wp.com\/gs-cms.com\/wp-content\/uploads\/Adressverwaltung-1024x622.png?resize=350%2C200&ssl=1","width":350,"height":200,"srcset":"https:\/\/i0.wp.com\/gs-cms.com\/wp-content\/uploads\/Adressverwaltung-1024x622.png?resize=350%2C200&ssl=1 1x, https:\/\/i0.wp.com\/gs-cms.com\/wp-content\/uploads\/Adressverwaltung-1024x622.png?resize=525%2C300&ssl=1 1.5x, https:\/\/i0.wp.com\/gs-cms.com\/wp-content\/uploads\/Adressverwaltung-1024x622.png?resize=700%2C400&ssl=1 2x"},"classes":[]},{"id":224,"url":"https:\/\/gs-cms.com\/?page_id=224","url_meta":{"origin":1328,"position":4},"title":"Erster Start","author":"Patrick Schimmel","date":"Freitag, 6. Dezember 2013","format":false,"excerpt":"Starten von CMS Nachdem die Software installiert wurde und die Servereinstellungen get\u00e4tigt und die Datenbank erstellt wurde, kann CMS zum ersten Mal gestartet werden. Je nach Auswahl in der Installationsroutine wurde eine Verkn\u00fcpfung im Startmen\u00fc und\/oder auf dem Desktop erstellt, mit welcher die Software gestartet werden kann. Beim Erstellen der\u2026","rel":"","context":"In \"Programmstart\"","block_context":{"text":"Programmstart","link":"https:\/\/gs-cms.com\/?tag=programmstart"},"img":{"alt_text":"Login","src":"https:\/\/i0.wp.com\/gs-cms.com\/wp-content\/uploads\/Login-300x192.jpg?resize=350%2C200&ssl=1","width":350,"height":200},"classes":[]},{"id":15,"url":"https:\/\/gs-cms.com\/?page_id=15","url_meta":{"origin":1328,"position":5},"title":"Adressverwaltung","author":"Patrick Schimmel","date":"Dienstag, 19. November 2013","format":false,"excerpt":"W\u00fcrden Sie gerne Ihre Firmen- und Personenkontakte\u00a0zentral und projektbezogen verwalten, einfach suchen und filtern k\u00f6nnen, sowie immer \u00fcber aktuelle Daten verf\u00fcgen? \u00dcbersicht Zentrale Adressverwaltung Durch die zentrale Verwaltung aller Adressen sind Aktualisierungen unmittelbar in allen Modulen verf\u00fcgbar Zertifikate Erfassen von Firmennachweisen und Mitarbeiterzertifikaten Firmen zusammenf\u00fchren Zusammenf\u00fchren von Firmen bei Mehrfacheingabe\u2026","rel":"","context":"In \"Adressen\"","block_context":{"text":"Adressen","link":"https:\/\/gs-cms.com\/?tag=adressen"},"img":{"alt_text":"Addresses","src":"https:\/\/i0.wp.com\/gs-cms.com\/wp-content\/uploads\/Addresses.png?resize=350%2C200&ssl=1","width":350,"height":200},"classes":[]}],"_links":{"self":[{"href":"https:\/\/gs-cms.com\/index.php?rest_route=\/wp\/v2\/pages\/1328","targetHints":{"allow":["GET"]}}],"collection":[{"href":"https:\/\/gs-cms.com\/index.php?rest_route=\/wp\/v2\/pages"}],"about":[{"href":"https:\/\/gs-cms.com\/index.php?rest_route=\/wp\/v2\/types\/page"}],"author":[{"embeddable":true,"href":"https:\/\/gs-cms.com\/index.php?rest_route=\/wp\/v2\/users\/11"}],"replies":[{"embeddable":true,"href":"https:\/\/gs-cms.com\/index.php?rest_route=%2Fwp%2Fv2%2Fcomments&post=1328"}],"version-history":[{"count":0,"href":"https:\/\/gs-cms.com\/index.php?rest_route=\/wp\/v2\/pages\/1328\/revisions"}],"up":[{"embeddable":true,"href":"https:\/\/gs-cms.com\/index.php?rest_route=\/wp\/v2\/pages\/1333"}],"wp:attachment":[{"href":"https:\/\/gs-cms.com\/index.php?rest_route=%2Fwp%2Fv2%2Fmedia&parent=1328"}],"curies":[{"name":"wp","href":"https:\/\/api.w.org\/{rel}","templated":true}]}}