
{"id":1282,"date":"2014-05-19T07:53:14","date_gmt":"2014-05-19T05:53:14","guid":{"rendered":"http:\/\/gs-cms.com\/?page_id=1282"},"modified":"2016-01-27T23:27:46","modified_gmt":"2016-01-27T22:27:46","slug":"berichte-bearbeiten","status":"publish","type":"page","link":"https:\/\/gs-cms.com\/?page_id=1282","title":{"rendered":"Berichte bearbeiten"},"content":{"rendered":"<h3>Berichtsdaten bearbeiten<\/h3>\n<p>Mit einem Doppelklick auf einen Eintrag im Berichtsfenster werden grundlegende Einstellungen eines Berichts bearbeitet.<\/p>\n<p><a href=\"https:\/\/gs-cms.com\/wp-content\/uploads\/Berichtsdaten.jpg\" data-rel=\"lightbox-gallery-91xFQHl0\" data-rl_title=\"\" data-rl_caption=\"\" title=\"\"><img loading=\"lazy\" decoding=\"async\" data-attachment-id=\"1273\" data-permalink=\"https:\/\/gs-cms.com\/?attachment_id=1273\" data-orig-file=\"https:\/\/gs-cms.com\/wp-content\/uploads\/Berichtsdaten.jpg\" data-orig-size=\"600,350\" data-comments-opened=\"1\" data-image-meta=\"{&quot;aperture&quot;:&quot;0&quot;,&quot;credit&quot;:&quot;&quot;,&quot;camera&quot;:&quot;&quot;,&quot;caption&quot;:&quot;&quot;,&quot;created_timestamp&quot;:&quot;0&quot;,&quot;copyright&quot;:&quot;&quot;,&quot;focal_length&quot;:&quot;0&quot;,&quot;iso&quot;:&quot;0&quot;,&quot;shutter_speed&quot;:&quot;0&quot;,&quot;title&quot;:&quot;&quot;,&quot;orientation&quot;:&quot;0&quot;}\" data-image-title=\"Berichtsdaten\" data-image-description=\"\" data-image-caption=\"\" data-large-file=\"https:\/\/gs-cms.com\/wp-content\/uploads\/Berichtsdaten.jpg\" class=\"alignnone size-full wp-image-1273\" src=\"https:\/\/gs-cms.com\/wp-content\/uploads\/Berichtsdaten.jpg\" alt=\"Berichtsdaten\" width=\"600\" height=\"350\" srcset=\"https:\/\/gs-cms.com\/wp-content\/uploads\/Berichtsdaten.jpg 600w, https:\/\/gs-cms.com\/wp-content\/uploads\/Berichtsdaten-300x175.jpg 300w\" sizes=\"auto, (max-width: 600px) 100vw, 600px\" \/><\/a><\/p>\n<p>Hier kann dem Bericht ein Name und eine Beschreibung vergeben werden. Beides wird im Berichtsauswahlfenster des jeweiligen Moduls angezeigt.<\/p>\n<p>Die Einstellung bei &#8222;Daten&#8220; regelt den Datentyp des Berichts, also welche Daten das Programm an den Bericht \u00fcbergibt.<\/p>\n<h3>\u00dcbersetzungen<\/h3>\n<p>Im rechten Bereich wird die Sprache des Berichts definiert. Jeder Bericht hat eine Sprache, in der der Bericht standardm\u00e4\u00dfig angezeigt wird. Diese wird im Auswahlfeld &#8222;Standard&#8220; definiert.<\/p>\n<p>Bei den \u00dcbersetzungen kann ein vorhandener Bericht in beliebig viele Sprachen \u00fcbersetzt werden. Falls bei einem Bericht au\u00dfer den Standardsprachen weitere \u00dcbersetzungen definiert wurde, so erh\u00e4lt der Anwender die Sprachen als Auswahlfeld im Berichtsfenster angezeigt.<\/p>\n<p>Bei einer \u00dcbersetzung eines Berichts wird die Berichtsstruktur beibehalten. Es werden lediglich die Texte des Berichts gegen die \u00dcbersetzung ausgetauscht. Beim neu Anlegen einer \u00dcbersetzung\u00a0 analysiert das Programm den Bericht und zeigt alle Textfelder in einer Tabelle an mit dem aktuellen Wert an. Hier kann dann der Wert gegen die \u00dcbersetzung ausgetauscht werden.<\/p>\n<p><strong>Achtung<\/strong>: Die Analyse eines Berichts auf vorhandene Textfelder funktioniert nur, wenn sich in jedem Textfeld im Bericht entweder reiner Text oder ein Verweis auf die Datenbank befinden. Eine Kombination beider Eintr\u00e4ge ist im Berichtseditor m\u00f6glich, dann wird das Textfeld aber nicht richtig analysiert und dies kann dazu f\u00fchren, dass die Verwendung der \u00dcbersetzungsfunktion fehlschl\u00e4gt.<\/p>\n<p>Mit dem Bearbeiten-Symbol kann die ausgew\u00e4hlte \u00dcbersetzung jederzeit ver\u00e4ndert werden. Beim Bearbeiten gibt es auch die M\u00f6glichkeit die Analyse der Berichtsdatei neu zu starten (aktualisieren). Hiermit werden neue Textfelder erkannt und der \u00dcbersetzung hinzugef\u00fcgt und entfernte Textfelder werden aus der \u00dcbersetzung entfernt.<\/p>\n<h3>Neuen Bericht konfigurieren<\/h3>\n<p>Nach dem Erstellen eines neuen Berichts m\u00fcssen einige Schritte vorgenommen werden, bevor ein Bericht verwendet werden kann.<\/p>\n<p>Falls Sie einen vorhandenen Bericht kopiert haben k\u00f6nnen diese Schritte entfallen.<\/p>\n<h4><strong>1. Berichtsdaten bearbeiten<\/strong><\/h4>\n<p>Das Fenster \u00f6ffnet sich mit einem Doppelklick auf einen vorhandenen Bericht. Bitte geben Sie hier den Namen des Berichts, eine Beschreibung und der richtige Datentyp an.<\/p>\n<h4><strong>2. Datenquelle im Bericht konfigurieren<\/strong><\/h4>\n<p>Mit einem Mausklick auf das Bearbeiten-Symbol wird der ausgew\u00e4hlte Bericht im FastReport Berichtseditor ge\u00f6ffnet.<\/p>\n<p>Hier muss im Bericht als Erstes eingestellt werden, welche Datenfelder er enthalten soll. Klicken Sie hierzu im Andockfenster &#8222;Daten&#8220; im rechten Bereich unter Aktionen auf den Punkt &#8222;Berichtsdaten ausw\u00e4hlen..&#8220;<\/p>\n<p><a href=\"https:\/\/gs-cms.com\/wp-content\/uploads\/FastReport-Datenquelle.jpg\" data-rel=\"lightbox-gallery-91xFQHl0\" data-rl_title=\"\" data-rl_caption=\"\" title=\"\"><img loading=\"lazy\" decoding=\"async\" data-attachment-id=\"1275\" data-permalink=\"https:\/\/gs-cms.com\/?attachment_id=1275\" data-orig-file=\"https:\/\/gs-cms.com\/wp-content\/uploads\/FastReport-Datenquelle.jpg\" data-orig-size=\"287,428\" data-comments-opened=\"1\" data-image-meta=\"{&quot;aperture&quot;:&quot;0&quot;,&quot;credit&quot;:&quot;&quot;,&quot;camera&quot;:&quot;&quot;,&quot;caption&quot;:&quot;&quot;,&quot;created_timestamp&quot;:&quot;0&quot;,&quot;copyright&quot;:&quot;&quot;,&quot;focal_length&quot;:&quot;0&quot;,&quot;iso&quot;:&quot;0&quot;,&quot;shutter_speed&quot;:&quot;0&quot;,&quot;title&quot;:&quot;&quot;,&quot;orientation&quot;:&quot;0&quot;}\" data-image-title=\"FastReport Datenquelle\" data-image-description=\"\" data-image-caption=\"\" data-large-file=\"https:\/\/gs-cms.com\/wp-content\/uploads\/FastReport-Datenquelle.jpg\" class=\"alignnone size-full wp-image-1275\" src=\"https:\/\/gs-cms.com\/wp-content\/uploads\/FastReport-Datenquelle.jpg\" alt=\"FastReport Datenquelle\" width=\"287\" height=\"428\" srcset=\"https:\/\/gs-cms.com\/wp-content\/uploads\/FastReport-Datenquelle.jpg 287w, https:\/\/gs-cms.com\/wp-content\/uploads\/FastReport-Datenquelle-201x300.jpg 201w\" sizes=\"auto, (max-width: 287px) 100vw, 287px\" \/><\/a><\/p>\n<p>In dem sich \u00f6ffnenden Fenster k\u00f6nnen Sie definieren welche der Datenfelder f\u00fcr den Bericht verwendbar sein sollen.<\/p>\n<p><a href=\"https:\/\/gs-cms.com\/wp-content\/uploads\/FastReport-Berichtsdaten.jpg\" data-rel=\"lightbox-gallery-91xFQHl0\" data-rl_title=\"\" data-rl_caption=\"\" title=\"\"><img loading=\"lazy\" decoding=\"async\" data-attachment-id=\"1274\" data-permalink=\"https:\/\/gs-cms.com\/?attachment_id=1274\" data-orig-file=\"https:\/\/gs-cms.com\/wp-content\/uploads\/FastReport-Berichtsdaten.jpg\" data-orig-size=\"288,335\" data-comments-opened=\"1\" data-image-meta=\"{&quot;aperture&quot;:&quot;0&quot;,&quot;credit&quot;:&quot;&quot;,&quot;camera&quot;:&quot;&quot;,&quot;caption&quot;:&quot;&quot;,&quot;created_timestamp&quot;:&quot;0&quot;,&quot;copyright&quot;:&quot;&quot;,&quot;focal_length&quot;:&quot;0&quot;,&quot;iso&quot;:&quot;0&quot;,&quot;shutter_speed&quot;:&quot;0&quot;,&quot;title&quot;:&quot;&quot;,&quot;orientation&quot;:&quot;0&quot;}\" data-image-title=\"FastReport Berichtsdaten\" data-image-description=\"\" data-image-caption=\"\" data-large-file=\"https:\/\/gs-cms.com\/wp-content\/uploads\/FastReport-Berichtsdaten.jpg\" class=\"alignnone size-full wp-image-1274\" src=\"https:\/\/gs-cms.com\/wp-content\/uploads\/FastReport-Berichtsdaten.jpg\" alt=\"FastReport Berichtsdaten\" width=\"288\" height=\"335\" srcset=\"https:\/\/gs-cms.com\/wp-content\/uploads\/FastReport-Berichtsdaten.jpg 288w, https:\/\/gs-cms.com\/wp-content\/uploads\/FastReport-Berichtsdaten-257x300.jpg 257w\" sizes=\"auto, (max-width: 288px) 100vw, 288px\" \/><\/a><\/p>\n<h4>3. Berichtsstruktur definieren und Felder hinzuf\u00fcgen<\/h4>\n<p>Die Berichtsstruktur muss definiert werden, um die Position, Formatierung, Reihenfolge und Gruppierung der ausgegebenen Datens\u00e4tze zu definieren.<\/p>\n<p>Dies geschieht \u00fcber den Schalter &#8222;Bereiche definieren&#8230;&#8220; auf der rechten Seite oberhalb der Darstellung der Berichtsstruktur.<\/p>\n<p><a href=\"https:\/\/gs-cms.com\/wp-content\/uploads\/Bericht.jpg\" data-rel=\"lightbox-gallery-91xFQHl0\" data-rl_title=\"\" data-rl_caption=\"\" title=\"\"><img loading=\"lazy\" decoding=\"async\" data-attachment-id=\"1291\" data-permalink=\"https:\/\/gs-cms.com\/?attachment_id=1291\" data-orig-file=\"https:\/\/gs-cms.com\/wp-content\/uploads\/Bericht.jpg\" data-orig-size=\"935,281\" data-comments-opened=\"1\" data-image-meta=\"{&quot;aperture&quot;:&quot;0&quot;,&quot;credit&quot;:&quot;&quot;,&quot;camera&quot;:&quot;&quot;,&quot;caption&quot;:&quot;&quot;,&quot;created_timestamp&quot;:&quot;0&quot;,&quot;copyright&quot;:&quot;&quot;,&quot;focal_length&quot;:&quot;0&quot;,&quot;iso&quot;:&quot;0&quot;,&quot;shutter_speed&quot;:&quot;0&quot;,&quot;title&quot;:&quot;&quot;,&quot;orientation&quot;:&quot;0&quot;}\" data-image-title=\"Berichtseditor\" data-image-description=\"\" data-image-caption=\"&lt;p&gt;Berichtseditor&lt;\/p&gt;\n\" data-large-file=\"https:\/\/gs-cms.com\/wp-content\/uploads\/Bericht.jpg\" class=\"alignnone size-full wp-image-1291\" src=\"https:\/\/gs-cms.com\/wp-content\/uploads\/Bericht.jpg\" alt=\"Bericht\" width=\"935\" height=\"281\" srcset=\"https:\/\/gs-cms.com\/wp-content\/uploads\/Bericht.jpg 935w, https:\/\/gs-cms.com\/wp-content\/uploads\/Bericht-300x90.jpg 300w\" sizes=\"auto, (max-width: 935px) 100vw, 935px\" \/><\/a><\/p>\n<p>Die im letzten Schritt ausgew\u00e4hlten Datenfelder werden nicht automatisch in den Bericht eingef\u00fcgt. Dies erfolgt am einfachsten, wenn Sie das Feld mit Drag-und-Drop auf den Berich auf die Stelle ziehen, wo die Daten angezeigt werden sollen.<\/p>\n<p>Prinzipiell muss jedem Datenband (Bezeichnung Data in der Berichtsstruktur) eine Datenquelle &#8211; normalerweise ein Datentabelle &#8211; zugeordnet werden. Dann k\u00f6nnen die Eigenschaften dieser Daten im Bericht angezeigt werden, in dem auf dem Datenbank Textfelder mit Verkn\u00fcpfung hinzugef\u00fcgt werden. Diese Textfelder enthalten Verweise auf die Datenbank in eckigen Klammern (z.B. TimeDay.Day f\u00fcr das Datum eines aktuellen Tags in der Datentabelle TimeDay). Wird der Bericht sp\u00e4ter zur Anzeige generiert, so werden die Texte in den eckigen Klammern gegen die tats\u00e4chlichen Werte aus der Datenbank ersetzt.<\/p>\n<p>Weitere Informationen zum Konfigurieren von Berichten und zum Anpassen der Berichtslayouts k\u00f6nnen Sie dem Benutzerhandbuch von FastReport entnehmen:<\/p>\n<p><a href=\"http:\/\/www.fast-report.com\/de\/download\/public_files\/45\/\">FastReport Handbuch (PDF)<\/a><\/p>\n","protected":false},"excerpt":{"rendered":"<p>Berichtsdaten bearbeiten Mit einem Doppelklick auf einen Eintrag im Berichtsfenster werden grundlegende Einstellungen eines Berichts bearbeitet. Hier kann dem Bericht ein Name und eine Beschreibung vergeben werden. Beides wird im Berichtsauswahlfenster des jeweiligen Moduls angezeigt. Die Einstellung bei &#8222;Daten&#8220; regelt den Datentyp des Berichts, also welche Daten das Programm an den Bericht \u00fcbergibt. \u00dcbersetzungen Im&hellip;<\/p>\n","protected":false},"author":11,"featured_media":0,"parent":1271,"menu_order":0,"comment_status":"closed","ping_status":"closed","template":"helppage.php","meta":{"_bbp_topic_count":0,"_bbp_reply_count":0,"_bbp_total_topic_count":0,"_bbp_total_reply_count":0,"_bbp_voice_count":0,"_bbp_anonymous_reply_count":0,"_bbp_topic_count_hidden":0,"_bbp_reply_count_hidden":0,"_bbp_forum_subforum_count":0,"jetpack_post_was_ever_published":false,"footnotes":""},"class_list":["post-1282","page","type-page","status-publish","hentry"],"aioseo_notices":[],"jetpack_sharing_enabled":true,"jetpack-related-posts":[{"id":1271,"url":"https:\/\/gs-cms.com\/?page_id=1271","url_meta":{"origin":1282,"position":0},"title":"Berichte","author":"Patrick Schimmel","date":"Montag, 19. Mai 2014","format":false,"excerpt":"In jedem Modul k\u00f6nnen die Datens\u00e4tze und Auswertungen der Daten in Berichten ausgegeben werden. Klicken Sie hierzu das Druckersymbol in der Taskleiste des Moduls. Das Symbol ist nur aktiv, wenn mindestens ein Datensatz im Modul exisitert. Das folgende Berichtsfenster wird angezeigt: \u00a0 Die Berichte sind in Kategorien gruppiert, die angeben\u2026","rel":"","context":"In \"Berichte\"","block_context":{"text":"Berichte","link":"https:\/\/gs-cms.com\/?tag=berichte"},"img":{"alt_text":"","src":"https:\/\/i0.wp.com\/gs-cms.com\/wp-content\/uploads\/Berichte.jpg?resize=350%2C200&ssl=1","width":350,"height":200,"srcset":"https:\/\/i0.wp.com\/gs-cms.com\/wp-content\/uploads\/Berichte.jpg?resize=350%2C200&ssl=1 1x, https:\/\/i0.wp.com\/gs-cms.com\/wp-content\/uploads\/Berichte.jpg?resize=525%2C300&ssl=1 1.5x, https:\/\/i0.wp.com\/gs-cms.com\/wp-content\/uploads\/Berichte.jpg?resize=700%2C400&ssl=1 2x"},"classes":[]},{"id":505,"url":"https:\/\/gs-cms.com\/?page_id=505","url_meta":{"origin":1282,"position":1},"title":"Bautagebuch","author":"Patrick Schimmel","date":"Montag, 16. Dezember 2013","format":false,"excerpt":"Das Bautagebuch dient der t\u00e4glichen Dokumentation der Arbeiten auf der Baustelle. In diesem Modul besteht die M\u00f6glichkeit dem Bauherrn einen Zugang zu den Berichten mit eingeschr\u00e4nkten Rechten zu geben. Der Bauherr kann dann die eingegebenen Berichte einsehen und Berichte drucken, au\u00dfer dem Eingabefeld f\u00fcr AG-Kommentare kann er jedoch keine Daten\u2026","rel":"","context":"In \"Bautagebuch\"","block_context":{"text":"Bautagebuch","link":"https:\/\/gs-cms.com\/?tag=bautagebuch"},"img":{"alt_text":"","src":"https:\/\/i0.wp.com\/gs-cms.com\/wp-content\/uploads\/Bautagebuch-Geraete.jpg?resize=350%2C200&ssl=1","width":350,"height":200,"srcset":"https:\/\/i0.wp.com\/gs-cms.com\/wp-content\/uploads\/Bautagebuch-Geraete.jpg?resize=350%2C200&ssl=1 1x, https:\/\/i0.wp.com\/gs-cms.com\/wp-content\/uploads\/Bautagebuch-Geraete.jpg?resize=525%2C300&ssl=1 1.5x, https:\/\/i0.wp.com\/gs-cms.com\/wp-content\/uploads\/Bautagebuch-Geraete.jpg?resize=700%2C400&ssl=1 2x"},"classes":[]},{"id":77,"url":"https:\/\/gs-cms.com\/?page_id=77","url_meta":{"origin":1282,"position":2},"title":"Optionen","author":"Patrick Schimmel","date":"Dienstag, 19. November 2013","format":false,"excerpt":"","rel":"","context":"In \"Optionen\"","block_context":{"text":"Optionen","link":"https:\/\/gs-cms.com\/?tag=optionen"},"img":{"alt_text":"Optionen","src":"https:\/\/i0.wp.com\/gs-cms.com\/wp-content\/uploads\/Optionen-300x213.jpg?resize=350%2C200&ssl=1","width":350,"height":200},"classes":[]},{"id":332,"url":"https:\/\/gs-cms.com\/?page_id=332","url_meta":{"origin":1282,"position":3},"title":"Optionen","author":"Patrick Schimmel","date":"Samstag, 14. Dezember 2013","format":false,"excerpt":"Im Modul Optionen werden die Programmoptionen festgelegt. Auf der linkten Seite sind die verschiedenen Module dargestellt und darunter die Optionen dieses Moduls aufgelistet. Durch Auswahl eines Punktes werden auf der rechten Seite des Fensters die Daten zu der Option angezeigt. Die eingegebenen Daten werden im jeweiligen Modul als Auswahlfeld angezeigt.\u2026","rel":"","context":"In \"Optionen\"","block_context":{"text":"Optionen","link":"https:\/\/gs-cms.com\/?tag=optionen"},"img":{"alt_text":"","src":"https:\/\/i0.wp.com\/gs-cms.com\/wp-content\/uploads\/Optionen-Grunddaten.jpg?resize=350%2C200&ssl=1","width":350,"height":200,"srcset":"https:\/\/i0.wp.com\/gs-cms.com\/wp-content\/uploads\/Optionen-Grunddaten.jpg?resize=350%2C200&ssl=1 1x, https:\/\/i0.wp.com\/gs-cms.com\/wp-content\/uploads\/Optionen-Grunddaten.jpg?resize=525%2C300&ssl=1 1.5x, https:\/\/i0.wp.com\/gs-cms.com\/wp-content\/uploads\/Optionen-Grunddaten.jpg?resize=700%2C400&ssl=1 2x"},"classes":[]},{"id":2059,"url":"https:\/\/gs-cms.com\/?page_id=2059","url_meta":{"origin":1282,"position":4},"title":"CMSMobile (Android)","author":"Patrick Schimmel","date":"Dienstag, 30. Dezember 2014","format":false,"excerpt":"CMSMobile ist die mobile Datenerfassung f\u00fcr das Construction Management System CMS. Systemvoraussetzungen Um CMSMobile\u00a0zu verwenden ben\u00f6tigen\u00a0Sie ein Ger\u00e4t mit Android Betriebssystem. Die erforderliche Mindestversion von Android ist 4.4.2. Des weiteren m\u00fcssen Sie den\u00a0CMS Web Service (CMS WebAPI) installieren und so konfigurieren, dass der Web\u00a0Service\u00a0Zugriff auf Ihre Datenbank erh\u00e4lt. Details zur\u2026","rel":"","context":"\u00c4hnlicher Beitrag","block_context":{"text":"\u00c4hnlicher Beitrag","link":""},"img":{"alt_text":"CMSMobile Main","src":"https:\/\/i0.wp.com\/gs-cms.com\/wp-content\/uploads\/CMSMobile-Main-182x300.png?resize=350%2C200&ssl=1","width":350,"height":200},"classes":[]},{"id":25,"url":"https:\/\/gs-cms.com\/?page_id=25","url_meta":{"origin":1282,"position":5},"title":"Bautagebuch","author":"Patrick Schimmel","date":"Dienstag, 19. November 2013","format":false,"excerpt":"W\u00fcrden Sie gerne Ihre Projekte einfach und vertragssicher dokumentieren und dabei die eingegebenen Daten nach verschiedenen Gesichtspunkten auswerten k\u00f6nnen? \u00dcbersicht Kooperation Sie k\u00f6nnen Ihren Auftraggebern direkten, beschr\u00e4nkten Zugriff auf die Berichte erlauben und so Kommentare direkt erhalten. Ressourcen Erfassen von Arbeitskr\u00e4ften, verbauten Materialien und Materiallieferungen. Bilder Bilder k\u00f6nnen mit Ihrem\u2026","rel":"","context":"In \"Bautagebuch\"","block_context":{"text":"Bautagebuch","link":"https:\/\/gs-cms.com\/?tag=bautagebuch"},"img":{"alt_text":"Meetings","src":"https:\/\/i0.wp.com\/gs-cms.com\/wp-content\/uploads\/Meetings.png?resize=350%2C200&ssl=1","width":350,"height":200},"classes":[]}],"_links":{"self":[{"href":"https:\/\/gs-cms.com\/index.php?rest_route=\/wp\/v2\/pages\/1282","targetHints":{"allow":["GET"]}}],"collection":[{"href":"https:\/\/gs-cms.com\/index.php?rest_route=\/wp\/v2\/pages"}],"about":[{"href":"https:\/\/gs-cms.com\/index.php?rest_route=\/wp\/v2\/types\/page"}],"author":[{"embeddable":true,"href":"https:\/\/gs-cms.com\/index.php?rest_route=\/wp\/v2\/users\/11"}],"replies":[{"embeddable":true,"href":"https:\/\/gs-cms.com\/index.php?rest_route=%2Fwp%2Fv2%2Fcomments&post=1282"}],"version-history":[{"count":0,"href":"https:\/\/gs-cms.com\/index.php?rest_route=\/wp\/v2\/pages\/1282\/revisions"}],"up":[{"embeddable":true,"href":"https:\/\/gs-cms.com\/index.php?rest_route=\/wp\/v2\/pages\/1271"}],"wp:attachment":[{"href":"https:\/\/gs-cms.com\/index.php?rest_route=%2Fwp%2Fv2%2Fmedia&parent=1282"}],"curies":[{"name":"wp","href":"https:\/\/api.w.org\/{rel}","templated":true}]}}