
{"id":1271,"date":"2014-05-19T07:42:45","date_gmt":"2014-05-19T05:42:45","guid":{"rendered":"http:\/\/gs-cms.com\/?page_id=1271"},"modified":"2016-01-27T23:27:13","modified_gmt":"2016-01-27T22:27:13","slug":"berichte-2","status":"publish","type":"page","link":"https:\/\/gs-cms.com\/?page_id=1271","title":{"rendered":"Berichte"},"content":{"rendered":"<p>In jedem Modul k\u00f6nnen die Datens\u00e4tze und Auswertungen der Daten in Berichten ausgegeben werden. Klicken Sie hierzu das Druckersymbol in der Taskleiste des Moduls. Das Symbol ist nur aktiv, wenn mindestens ein Datensatz im Modul exisitert.<\/p>\n<p>Das folgende Berichtsfenster wird angezeigt:<\/p>\n<p><a href=\"https:\/\/gs-cms.com\/wp-content\/uploads\/Berichte.jpg\" data-rel=\"lightbox-gallery-B83qmNyQ\" data-rl_title=\"\" data-rl_caption=\"\" title=\"\"><img loading=\"lazy\" decoding=\"async\" data-attachment-id=\"1276\" data-permalink=\"https:\/\/gs-cms.com\/?attachment_id=1276\" data-orig-file=\"https:\/\/gs-cms.com\/wp-content\/uploads\/Berichte.jpg\" data-orig-size=\"750,550\" data-comments-opened=\"1\" data-image-meta=\"{&quot;aperture&quot;:&quot;0&quot;,&quot;credit&quot;:&quot;&quot;,&quot;camera&quot;:&quot;&quot;,&quot;caption&quot;:&quot;&quot;,&quot;created_timestamp&quot;:&quot;0&quot;,&quot;copyright&quot;:&quot;&quot;,&quot;focal_length&quot;:&quot;0&quot;,&quot;iso&quot;:&quot;0&quot;,&quot;shutter_speed&quot;:&quot;0&quot;,&quot;title&quot;:&quot;&quot;,&quot;orientation&quot;:&quot;0&quot;}\" data-image-title=\"Berichte\" data-image-description=\"\" data-image-caption=\"\" data-large-file=\"https:\/\/gs-cms.com\/wp-content\/uploads\/Berichte.jpg\" class=\"alignnone size-full wp-image-1276\" src=\"https:\/\/gs-cms.com\/wp-content\/uploads\/Berichte.jpg\" alt=\"Berichte\" width=\"750\" height=\"550\" srcset=\"https:\/\/gs-cms.com\/wp-content\/uploads\/Berichte.jpg 750w, https:\/\/gs-cms.com\/wp-content\/uploads\/Berichte-300x220.jpg 300w\" sizes=\"auto, (max-width: 750px) 100vw, 750px\" \/><\/a><\/p>\n<p>&nbsp;<\/p>\n<p>Die Berichte sind in Kategorien gruppiert, die angeben welche Daten der Bericht enth\u00e4lt. Im angezeigten Beispiel gibt es Berichte, welche in die Kategorie &#8222;Standard&#8220; fallen und welche, die in die Kategorie &#8222;Ein Eintrag&#8220; fallen.<\/p>\n<p>Die Einstellung &#8222;Standard&#8220; \u00fcbergibt alle aktuell im Hauptfenster angezeigten Datens\u00e4tze an den Bericht. Ein eventuell gesetzter Filter wird dabei ber\u00fccksichtigt.<\/p>\n<p>Die Einstellung &#8222;Ein Eintrag&#8220; \u00fcbergibt nur den aktuell ausgew\u00e4hlten Datensatz an den Bericht.<\/p>\n<p>Auf der rechten Seite des Fensters wird eine Beschreibung zu dem ausgew\u00e4hlten Bericht angezeigt und weitere Filterm\u00f6glichkeiten und Einstellungen angezeigt.<\/p>\n<p>Mit den Buttons rechts unten wird die Berichtserstellung gestartet und der Bericht in der Berichtsvorschau angezeigt oder als Anhang im PDF-Format als Email verschickt.<\/p>\n<h3>Bericht hinzuf\u00fcgen<\/h3>\n<p><img loading=\"lazy\" decoding=\"async\" data-attachment-id=\"1109\" data-permalink=\"https:\/\/gs-cms.com\/?attachment_id=1109\" data-orig-file=\"https:\/\/gs-cms.com\/wp-content\/uploads\/Add-e1390558548460.png\" data-orig-size=\"32,32\" data-comments-opened=\"1\" data-image-meta=\"{&quot;aperture&quot;:&quot;0&quot;,&quot;credit&quot;:&quot;&quot;,&quot;camera&quot;:&quot;&quot;,&quot;caption&quot;:&quot;&quot;,&quot;created_timestamp&quot;:&quot;0&quot;,&quot;copyright&quot;:&quot;&quot;,&quot;focal_length&quot;:&quot;0&quot;,&quot;iso&quot;:&quot;0&quot;,&quot;shutter_speed&quot;:&quot;0&quot;,&quot;title&quot;:&quot;&quot;,&quot;orientation&quot;:&quot;0&quot;}\" data-image-title=\"Add\" data-image-description=\"\" data-image-caption=\"\" data-large-file=\"https:\/\/gs-cms.com\/wp-content\/uploads\/Add-e1390558548460.png\" class=\"alignnone size-full wp-image-1109\" src=\"https:\/\/gs-cms.com\/wp-content\/uploads\/Add-e1390558548460.png\" alt=\"Add\" width=\"32\" height=\"32\" srcset=\"https:\/\/gs-cms.com\/wp-content\/uploads\/Add-e1390558548460.png 32w, https:\/\/gs-cms.com\/wp-content\/uploads\/Add-e1390558548460-150x150.png 150w, https:\/\/gs-cms.com\/wp-content\/uploads\/Add-e1390558548460-160x160.png 160w\" sizes=\"auto, (max-width: 32px) 100vw, 32px\" \/><\/p>\n<p>F\u00fcgt einen neuen Bericht zur Liste hinzu. Nach dem Hinzuf\u00fcgen m\u00fcssen grundlegende Berichtsdaten eingegeben werden wie Name, Beschreibung und der Datentyp des Berichts.<\/p>\n<p>Wird der Bericht in der Liste der Bericht angezeigt, muss er noch konfiguriert werden, damit Daten angezeigt werden.<\/p>\n<p>Benutzern, die wenig Erfahrungen mit Berichtseditoren besitzen wird empfohlen, dass sie einen der Standardberichte kopieren und an Ihre Zwecke anpassen.<\/p>\n<h3>Bericht entfernen<\/h3>\n<p><img loading=\"lazy\" decoding=\"async\" data-attachment-id=\"772\" data-permalink=\"https:\/\/gs-cms.com\/?attachment_id=772\" data-orig-file=\"https:\/\/gs-cms.com\/wp-content\/uploads\/Delete.png\" data-orig-size=\"32,32\" data-comments-opened=\"1\" data-image-meta=\"{&quot;aperture&quot;:&quot;0&quot;,&quot;credit&quot;:&quot;&quot;,&quot;camera&quot;:&quot;&quot;,&quot;caption&quot;:&quot;&quot;,&quot;created_timestamp&quot;:&quot;0&quot;,&quot;copyright&quot;:&quot;&quot;,&quot;focal_length&quot;:&quot;0&quot;,&quot;iso&quot;:&quot;0&quot;,&quot;shutter_speed&quot;:&quot;0&quot;,&quot;title&quot;:&quot;&quot;,&quot;orientation&quot;:&quot;0&quot;}\" data-image-title=\"Delete\" data-image-description=\"\" data-image-caption=\"\" data-large-file=\"https:\/\/gs-cms.com\/wp-content\/uploads\/Delete.png\" class=\"alignnone size-full wp-image-772\" src=\"https:\/\/gs-cms.com\/wp-content\/uploads\/Delete.png\" alt=\"Delete\" width=\"32\" height=\"32\" srcset=\"https:\/\/gs-cms.com\/wp-content\/uploads\/Delete.png 32w, https:\/\/gs-cms.com\/wp-content\/uploads\/Delete-150x150.png 150w, https:\/\/gs-cms.com\/wp-content\/uploads\/Delete-160x160.png 160w\" sizes=\"auto, (max-width: 32px) 100vw, 32px\" \/><\/p>\n<p>L\u00f6scht einen Bericht aus der Liste. Die Standardberichte, welche mit dem Programm ausgeliefert werden k\u00f6nnen nicht gel\u00f6scht werden. Beim Ausw\u00e4hlen eines Standardberichts wird ein kleines Schlosssymbol neben dem Berichtsnamen angezeigt.<\/p>\n<h3>Bericht kopieren<\/h3>\n<p><img loading=\"lazy\" decoding=\"async\" data-attachment-id=\"781\" data-permalink=\"https:\/\/gs-cms.com\/?attachment_id=781\" data-orig-file=\"https:\/\/gs-cms.com\/wp-content\/uploads\/Copy.png\" data-orig-size=\"32,32\" data-comments-opened=\"1\" data-image-meta=\"{&quot;aperture&quot;:&quot;0&quot;,&quot;credit&quot;:&quot;&quot;,&quot;camera&quot;:&quot;&quot;,&quot;caption&quot;:&quot;&quot;,&quot;created_timestamp&quot;:&quot;0&quot;,&quot;copyright&quot;:&quot;&quot;,&quot;focal_length&quot;:&quot;0&quot;,&quot;iso&quot;:&quot;0&quot;,&quot;shutter_speed&quot;:&quot;0&quot;,&quot;title&quot;:&quot;&quot;,&quot;orientation&quot;:&quot;0&quot;}\" data-image-title=\"Copy\" data-image-description=\"\" data-image-caption=\"\" data-large-file=\"https:\/\/gs-cms.com\/wp-content\/uploads\/Copy.png\" class=\"alignnone size-full wp-image-781\" src=\"https:\/\/gs-cms.com\/wp-content\/uploads\/Copy.png\" alt=\"Copy\" width=\"32\" height=\"32\" srcset=\"https:\/\/gs-cms.com\/wp-content\/uploads\/Copy.png 32w, https:\/\/gs-cms.com\/wp-content\/uploads\/Copy-150x150.png 150w, https:\/\/gs-cms.com\/wp-content\/uploads\/Copy-160x160.png 160w\" sizes=\"auto, (max-width: 32px) 100vw, 32px\" \/><\/p>\n<p>Kopiert einen kompletten Bericht mit allen Einstellungen.<\/p>\n<h3>Bericht bearbeiten<\/h3>\n<p><img loading=\"lazy\" decoding=\"async\" data-attachment-id=\"811\" data-permalink=\"https:\/\/gs-cms.com\/?attachment_id=811\" data-orig-file=\"https:\/\/gs-cms.com\/wp-content\/uploads\/Edit.png\" data-orig-size=\"32,32\" data-comments-opened=\"1\" data-image-meta=\"{&quot;aperture&quot;:&quot;0&quot;,&quot;credit&quot;:&quot;&quot;,&quot;camera&quot;:&quot;&quot;,&quot;caption&quot;:&quot;&quot;,&quot;created_timestamp&quot;:&quot;0&quot;,&quot;copyright&quot;:&quot;&quot;,&quot;focal_length&quot;:&quot;0&quot;,&quot;iso&quot;:&quot;0&quot;,&quot;shutter_speed&quot;:&quot;0&quot;,&quot;title&quot;:&quot;&quot;,&quot;orientation&quot;:&quot;0&quot;}\" data-image-title=\"Edit\" data-image-description=\"\" data-image-caption=\"\" data-large-file=\"https:\/\/gs-cms.com\/wp-content\/uploads\/Edit.png\" class=\"alignnone size-full wp-image-811\" src=\"https:\/\/gs-cms.com\/wp-content\/uploads\/Edit.png\" alt=\"Edit\" width=\"32\" height=\"32\" srcset=\"https:\/\/gs-cms.com\/wp-content\/uploads\/Edit.png 32w, https:\/\/gs-cms.com\/wp-content\/uploads\/Edit-150x150.png 150w, https:\/\/gs-cms.com\/wp-content\/uploads\/Edit-160x160.png 160w\" sizes=\"auto, (max-width: 32px) 100vw, 32px\" \/><\/p>\n<p>\u00d6ffnet den ausgew\u00e4hlten Bericht im Berichtseditor. Hier k\u00f6nnen die angezeigten Datenfelder, das Layout und die Berichtsstruktur angepasst werden.<\/p>\n<h3>Bericht importieren<\/h3>\n<p><img loading=\"lazy\" decoding=\"async\" data-attachment-id=\"1279\" data-permalink=\"https:\/\/gs-cms.com\/?attachment_id=1279\" data-orig-file=\"https:\/\/gs-cms.com\/wp-content\/uploads\/Upload.png\" data-orig-size=\"32,32\" data-comments-opened=\"1\" data-image-meta=\"{&quot;aperture&quot;:&quot;0&quot;,&quot;credit&quot;:&quot;&quot;,&quot;camera&quot;:&quot;&quot;,&quot;caption&quot;:&quot;&quot;,&quot;created_timestamp&quot;:&quot;0&quot;,&quot;copyright&quot;:&quot;&quot;,&quot;focal_length&quot;:&quot;0&quot;,&quot;iso&quot;:&quot;0&quot;,&quot;shutter_speed&quot;:&quot;0&quot;,&quot;title&quot;:&quot;&quot;,&quot;orientation&quot;:&quot;0&quot;}\" data-image-title=\"Upload\" data-image-description=\"\" data-image-caption=\"\" data-large-file=\"https:\/\/gs-cms.com\/wp-content\/uploads\/Upload.png\" class=\"alignnone size-full wp-image-1279\" src=\"https:\/\/gs-cms.com\/wp-content\/uploads\/Upload.png\" alt=\"Upload\" width=\"32\" height=\"32\" srcset=\"https:\/\/gs-cms.com\/wp-content\/uploads\/Upload.png 32w, https:\/\/gs-cms.com\/wp-content\/uploads\/Upload-150x150.png 150w, https:\/\/gs-cms.com\/wp-content\/uploads\/Upload-160x160.png 160w\" sizes=\"auto, (max-width: 32px) 100vw, 32px\" \/><\/p>\n<p>Importiert eine Berichtsdatei mit der Endung .frx. Bitte beachten Sie, dass der importierte Bericht unbedingt zu dem aktuellen Modul geh\u00f6ren muss. Der Bericht kann nicht nachtr\u00e4glich verschoben werden.<\/p>\n<h3>Bericht exportieren<\/h3>\n<p><img loading=\"lazy\" decoding=\"async\" data-attachment-id=\"813\" data-permalink=\"https:\/\/gs-cms.com\/?attachment_id=813\" data-orig-file=\"https:\/\/gs-cms.com\/wp-content\/uploads\/Download.png\" data-orig-size=\"32,32\" data-comments-opened=\"1\" data-image-meta=\"{&quot;aperture&quot;:&quot;0&quot;,&quot;credit&quot;:&quot;&quot;,&quot;camera&quot;:&quot;&quot;,&quot;caption&quot;:&quot;&quot;,&quot;created_timestamp&quot;:&quot;0&quot;,&quot;copyright&quot;:&quot;&quot;,&quot;focal_length&quot;:&quot;0&quot;,&quot;iso&quot;:&quot;0&quot;,&quot;shutter_speed&quot;:&quot;0&quot;,&quot;title&quot;:&quot;&quot;,&quot;orientation&quot;:&quot;0&quot;}\" data-image-title=\"Download\" data-image-description=\"\" data-image-caption=\"\" data-large-file=\"https:\/\/gs-cms.com\/wp-content\/uploads\/Download.png\" class=\"alignnone size-full wp-image-813\" src=\"https:\/\/gs-cms.com\/wp-content\/uploads\/Download.png\" alt=\"Download\" width=\"32\" height=\"32\" srcset=\"https:\/\/gs-cms.com\/wp-content\/uploads\/Download.png 32w, https:\/\/gs-cms.com\/wp-content\/uploads\/Download-150x150.png 150w, https:\/\/gs-cms.com\/wp-content\/uploads\/Download-160x160.png 160w\" sizes=\"auto, (max-width: 32px) 100vw, 32px\" \/><\/p>\n<p>Speichert den ausgew\u00e4hlten Bericht auf einen Datentr\u00e4ger. Der Bericht wird im .frx-Format gespeichert. Es eignet sich nur dazu den Bericht in andere Datenbanken zu importieren oder um Ihn zur Analyse an den Hersteller zu schicken.<\/p>\n<p>Falls Sie den Bericht mit Daten in andere Dateiformate abspeichern m\u00f6chten, m\u00fcssen Sie zuerst die Druckvorschau anzeigen (Bericht anzeigen). Dort lassen sich alle Berichte in verschiedene Formate exportieren.<\/p>\n<h3>Bericht anzeigen<\/h3>\n<p>Hiermit wird der Berichtsgenerator gestarted und das Ergebnis des ausgew\u00e4hlten Berichts in einer Druckvorschau angezeigt.<\/p>\n<p>Hier kann der angezeigte Bericht gedruckt oder in verschiedene Formate exportiert werden.<\/p>\n<h3>Bericht verschicken<\/h3>\n<p>Hiermit wird der ausgew\u00e4hlte Bericht generiert und kann im Anschluss als PDF-Datei direkt aus dem Programm heraus per Email verschickt werden.<\/p>\n<p>Bitte beachten Sie, dass die versendete Email nicht in Ihrem Postausgang zu finden ist und dass sie keine Fehlermeldung erhalten, falls die \u00dcbermittlung aufgrund einer falschen Emailadresse nicht funktioniert.<\/p>\n","protected":false},"excerpt":{"rendered":"<p>In jedem Modul k\u00f6nnen die Datens\u00e4tze und Auswertungen der Daten in Berichten ausgegeben werden. Klicken Sie hierzu das Druckersymbol in der Taskleiste des Moduls. Das Symbol ist nur aktiv, wenn mindestens ein Datensatz im Modul exisitert. Das folgende Berichtsfenster wird angezeigt: &nbsp; Die Berichte sind in Kategorien gruppiert, die angeben welche Daten der Bericht enth\u00e4lt.&hellip;<\/p>\n","protected":false},"author":11,"featured_media":0,"parent":448,"menu_order":0,"comment_status":"closed","ping_status":"closed","template":"helppage.php","meta":{"_bbp_topic_count":0,"_bbp_reply_count":0,"_bbp_total_topic_count":0,"_bbp_total_reply_count":0,"_bbp_voice_count":0,"_bbp_anonymous_reply_count":0,"_bbp_topic_count_hidden":0,"_bbp_reply_count_hidden":0,"_bbp_forum_subforum_count":0,"footnotes":""},"class_list":["post-1271","page","type-page","status-publish","hentry"],"aioseo_notices":[],"jetpack_sharing_enabled":true,"jetpack-related-posts":[{"id":251,"url":"https:\/\/gs-cms.com\/?page_id=251","url_meta":{"origin":1271,"position":0},"title":"Allgemeine Bedienelemente","author":"Patrick Schimmel","date":"Dienstag, 10. Dezember 2013","format":false,"excerpt":"Auf der folgenden Grafik werden beispielhaft die Bedienelemente der Projektakquisition dargestellt. \u00a0 Hauptmen\u00fc Das Hauptmen\u00fc befindet sich auf der linken Seite des Hauptfensters. Hier werden hierarchisch die Module angezeigt, zu denen der angemeldete Anwender Zugriff hat. Fall der Anwender keine Zugriffsrechte auf ein Modul besitzt, so wird der Punkt im\u2026","rel":"","context":"In \"Bedienelemente\"","block_context":{"text":"Bedienelemente","link":"https:\/\/gs-cms.com\/?tag=bedienelemente"},"img":{"alt_text":"Bedienelemente","src":"https:\/\/i0.wp.com\/gs-cms.com\/wp-content\/uploads\/Bedienelemente-1024x668.png?resize=350%2C200&ssl=1","width":350,"height":200,"srcset":"https:\/\/i0.wp.com\/gs-cms.com\/wp-content\/uploads\/Bedienelemente-1024x668.png?resize=350%2C200&ssl=1 1x, https:\/\/i0.wp.com\/gs-cms.com\/wp-content\/uploads\/Bedienelemente-1024x668.png?resize=525%2C300&ssl=1 1.5x, https:\/\/i0.wp.com\/gs-cms.com\/wp-content\/uploads\/Bedienelemente-1024x668.png?resize=700%2C400&ssl=1 2x"},"classes":[]},{"id":1282,"url":"https:\/\/gs-cms.com\/?page_id=1282","url_meta":{"origin":1271,"position":1},"title":"Berichte bearbeiten","author":"Patrick Schimmel","date":"Montag, 19. Mai 2014","format":false,"excerpt":"Berichtsdaten bearbeiten Mit einem Doppelklick auf einen Eintrag im Berichtsfenster werden grundlegende Einstellungen eines Berichts bearbeitet. Hier kann dem Bericht ein Name und eine Beschreibung vergeben werden. Beides wird im Berichtsauswahlfenster des jeweiligen Moduls angezeigt. Die Einstellung bei \"Daten\" regelt den Datentyp des Berichts, also welche Daten das Programm an\u2026","rel":"","context":"In \"Berichte\"","block_context":{"text":"Berichte","link":"https:\/\/gs-cms.com\/?tag=berichte"},"img":{"alt_text":"","src":"https:\/\/i0.wp.com\/gs-cms.com\/wp-content\/uploads\/Bericht.jpg?resize=350%2C200&ssl=1","width":350,"height":200,"srcset":"https:\/\/i0.wp.com\/gs-cms.com\/wp-content\/uploads\/Bericht.jpg?resize=350%2C200&ssl=1 1x, https:\/\/i0.wp.com\/gs-cms.com\/wp-content\/uploads\/Bericht.jpg?resize=525%2C300&ssl=1 1.5x, https:\/\/i0.wp.com\/gs-cms.com\/wp-content\/uploads\/Bericht.jpg?resize=700%2C400&ssl=1 2x"},"classes":[]},{"id":332,"url":"https:\/\/gs-cms.com\/?page_id=332","url_meta":{"origin":1271,"position":2},"title":"Optionen","author":"Patrick Schimmel","date":"Samstag, 14. Dezember 2013","format":false,"excerpt":"Im Modul Optionen werden die Programmoptionen festgelegt. Auf der linkten Seite sind die verschiedenen Module dargestellt und darunter die Optionen dieses Moduls aufgelistet. Durch Auswahl eines Punktes werden auf der rechten Seite des Fensters die Daten zu der Option angezeigt. Die eingegebenen Daten werden im jeweiligen Modul als Auswahlfeld angezeigt.\u2026","rel":"","context":"In \"Optionen\"","block_context":{"text":"Optionen","link":"https:\/\/gs-cms.com\/?tag=optionen"},"img":{"alt_text":"","src":"https:\/\/i0.wp.com\/gs-cms.com\/wp-content\/uploads\/Optionen-Grunddaten.jpg?resize=350%2C200&ssl=1","width":350,"height":200,"srcset":"https:\/\/i0.wp.com\/gs-cms.com\/wp-content\/uploads\/Optionen-Grunddaten.jpg?resize=350%2C200&ssl=1 1x, https:\/\/i0.wp.com\/gs-cms.com\/wp-content\/uploads\/Optionen-Grunddaten.jpg?resize=525%2C300&ssl=1 1.5x, https:\/\/i0.wp.com\/gs-cms.com\/wp-content\/uploads\/Optionen-Grunddaten.jpg?resize=700%2C400&ssl=1 2x"},"classes":[]},{"id":339,"url":"https:\/\/gs-cms.com\/?page_id=339","url_meta":{"origin":1271,"position":3},"title":"Administratives L\u00f6schen","author":"Patrick Schimmel","date":"Samstag, 14. Dezember 2013","format":false,"excerpt":"Einige wichtige Datens\u00e4tze k\u00f6nnen nicht durch normale Benutzer gel\u00f6scht werden. Dies sind Firmenkontakte, Personen und Projekte. Da diese Daten viele Verkn\u00fcpfungen zu anderen Datens\u00e4tzen besitzen, sind sie essenziell und k\u00f6nnen nur durch einen Administrator gel\u00f6scht werden. Soll ein Datensatz durch einen normalen Benutzer gel\u00f6scht werden, so muss er einen Grund\u2026","rel":"","context":"In \"Admin\"","block_context":{"text":"Admin","link":"https:\/\/gs-cms.com\/?tag=admin"},"img":{"alt_text":"","src":"https:\/\/i0.wp.com\/gs-cms.com\/wp-content\/uploads\/Administratives-Loeschen.jpg?resize=350%2C200&ssl=1","width":350,"height":200,"srcset":"https:\/\/i0.wp.com\/gs-cms.com\/wp-content\/uploads\/Administratives-Loeschen.jpg?resize=350%2C200&ssl=1 1x, https:\/\/i0.wp.com\/gs-cms.com\/wp-content\/uploads\/Administratives-Loeschen.jpg?resize=525%2C300&ssl=1 1.5x, https:\/\/i0.wp.com\/gs-cms.com\/wp-content\/uploads\/Administratives-Loeschen.jpg?resize=700%2C400&ssl=1 2x"},"classes":[]},{"id":358,"url":"https:\/\/gs-cms.com\/?page_id=358","url_meta":{"origin":1271,"position":4},"title":"Projektakquisition","author":"Patrick Schimmel","date":"Samstag, 14. Dezember 2013","format":false,"excerpt":"In der Projektakquisition werden die Daten von Gelegenheiten gesammelt und verwaltet, die zu einem Projekt werden k\u00f6nnen. \u00a0 Gelegenheit hinzuf\u00fcgen Durch einen Mausklick auf das Plus-Symbol in der Toolbar der Projektakquisition wird eine neue Gelegenheit angelegt. Danach wird das Detailfenster ge\u00f6ffnet und die Daten der Gelegenheit k\u00f6nnen eingegeben werden. \u00a0\u2026","rel":"","context":"In \"Akquisition\"","block_context":{"text":"Akquisition","link":"https:\/\/gs-cms.com\/?tag=akquisition"},"img":{"alt_text":"","src":"https:\/\/i0.wp.com\/gs-cms.com\/wp-content\/uploads\/Akquisition-Grunddaten.jpg?resize=350%2C200&ssl=1","width":350,"height":200,"srcset":"https:\/\/i0.wp.com\/gs-cms.com\/wp-content\/uploads\/Akquisition-Grunddaten.jpg?resize=350%2C200&ssl=1 1x, https:\/\/i0.wp.com\/gs-cms.com\/wp-content\/uploads\/Akquisition-Grunddaten.jpg?resize=525%2C300&ssl=1 1.5x, https:\/\/i0.wp.com\/gs-cms.com\/wp-content\/uploads\/Akquisition-Grunddaten.jpg?resize=700%2C400&ssl=1 2x"},"classes":[]},{"id":505,"url":"https:\/\/gs-cms.com\/?page_id=505","url_meta":{"origin":1271,"position":5},"title":"Bautagebuch","author":"Patrick Schimmel","date":"Montag, 16. Dezember 2013","format":false,"excerpt":"Das Bautagebuch dient der t\u00e4glichen Dokumentation der Arbeiten auf der Baustelle. In diesem Modul besteht die M\u00f6glichkeit dem Bauherrn einen Zugang zu den Berichten mit eingeschr\u00e4nkten Rechten zu geben. Der Bauherr kann dann die eingegebenen Berichte einsehen und Berichte drucken, au\u00dfer dem Eingabefeld f\u00fcr AG-Kommentare kann er jedoch keine Daten\u2026","rel":"","context":"In \"Bautagebuch\"","block_context":{"text":"Bautagebuch","link":"https:\/\/gs-cms.com\/?tag=bautagebuch"},"img":{"alt_text":"","src":"https:\/\/i0.wp.com\/gs-cms.com\/wp-content\/uploads\/Bautagebuch-Geraete.jpg?resize=350%2C200&ssl=1","width":350,"height":200,"srcset":"https:\/\/i0.wp.com\/gs-cms.com\/wp-content\/uploads\/Bautagebuch-Geraete.jpg?resize=350%2C200&ssl=1 1x, https:\/\/i0.wp.com\/gs-cms.com\/wp-content\/uploads\/Bautagebuch-Geraete.jpg?resize=525%2C300&ssl=1 1.5x, https:\/\/i0.wp.com\/gs-cms.com\/wp-content\/uploads\/Bautagebuch-Geraete.jpg?resize=700%2C400&ssl=1 2x"},"classes":[]}],"_links":{"self":[{"href":"https:\/\/gs-cms.com\/index.php?rest_route=\/wp\/v2\/pages\/1271","targetHints":{"allow":["GET"]}}],"collection":[{"href":"https:\/\/gs-cms.com\/index.php?rest_route=\/wp\/v2\/pages"}],"about":[{"href":"https:\/\/gs-cms.com\/index.php?rest_route=\/wp\/v2\/types\/page"}],"author":[{"embeddable":true,"href":"https:\/\/gs-cms.com\/index.php?rest_route=\/wp\/v2\/users\/11"}],"replies":[{"embeddable":true,"href":"https:\/\/gs-cms.com\/index.php?rest_route=%2Fwp%2Fv2%2Fcomments&post=1271"}],"version-history":[{"count":0,"href":"https:\/\/gs-cms.com\/index.php?rest_route=\/wp\/v2\/pages\/1271\/revisions"}],"up":[{"embeddable":true,"href":"https:\/\/gs-cms.com\/index.php?rest_route=\/wp\/v2\/pages\/448"}],"wp:attachment":[{"href":"https:\/\/gs-cms.com\/index.php?rest_route=%2Fwp%2Fv2%2Fmedia&parent=1271"}],"curies":[{"name":"wp","href":"https:\/\/api.w.org\/{rel}","templated":true}]}}