
{"id":1258,"date":"2014-05-14T11:20:10","date_gmt":"2014-05-14T09:20:10","guid":{"rendered":"http:\/\/gs-cms.com\/?page_id=1258"},"modified":"2016-01-28T00:13:37","modified_gmt":"2016-01-27T23:13:37","slug":"konfiguration","status":"publish","type":"page","link":"https:\/\/gs-cms.com\/?page_id=1258","title":{"rendered":"Erweiterte Konfiguration"},"content":{"rendered":"<p>Grundlegende Funktionen zum Erstellen der Datenbank und dem Benutzen des Config-Tools wurden bereits <a title=\"Konfiguration\" href=\"https:\/\/gs-cms.com\/?page_id=213\">hier<\/a> erl\u00e4utert. In diesem Abschnitt werden die erweiterten Funktionen kurz erkl\u00e4rt.<\/p>\n<p><a href=\"https:\/\/gs-cms.com\/wp-content\/uploads\/Config-Tool.jpg\" data-rel=\"lightbox-gallery-JnlNsS0P\" data-rl_title=\"\" data-rl_caption=\"\" title=\"\"><img loading=\"lazy\" decoding=\"async\" data-attachment-id=\"1254\" data-permalink=\"https:\/\/gs-cms.com\/?attachment_id=1254\" data-orig-file=\"https:\/\/gs-cms.com\/wp-content\/uploads\/Config-Tool.jpg\" data-orig-size=\"550,450\" data-comments-opened=\"1\" data-image-meta=\"{&quot;aperture&quot;:&quot;0&quot;,&quot;credit&quot;:&quot;&quot;,&quot;camera&quot;:&quot;&quot;,&quot;caption&quot;:&quot;&quot;,&quot;created_timestamp&quot;:&quot;0&quot;,&quot;copyright&quot;:&quot;&quot;,&quot;focal_length&quot;:&quot;0&quot;,&quot;iso&quot;:&quot;0&quot;,&quot;shutter_speed&quot;:&quot;0&quot;,&quot;title&quot;:&quot;&quot;,&quot;orientation&quot;:&quot;0&quot;}\" data-image-title=\"Config-Tool\" data-image-description=\"\" data-image-caption=\"\" data-large-file=\"https:\/\/gs-cms.com\/wp-content\/uploads\/Config-Tool.jpg\" class=\"alignnone wp-image-1254 size-medium\" src=\"https:\/\/gs-cms.com\/wp-content\/uploads\/Config-Tool-300x245.jpg\" alt=\"Config-Tool\" width=\"300\" height=\"245\" srcset=\"https:\/\/gs-cms.com\/wp-content\/uploads\/Config-Tool-300x245.jpg 300w, https:\/\/gs-cms.com\/wp-content\/uploads\/Config-Tool.jpg 550w\" sizes=\"auto, (max-width: 300px) 100vw, 300px\" \/><\/a><\/p>\n<h3>Anlegen einer neuen Datenbankverbindung<\/h3>\n<p>Mit dem Plus-Symbol wird eine neue Verbindung angelegt. Sie k\u00f6nnen beliebig viele Verbindungen anlegen, jeder Client-Rechner kann somit \u00fcber mehrere Verbindungen verf\u00fcgen.<\/p>\n<p><a href=\"https:\/\/gs-cms.com\/wp-content\/uploads\/Config-Tool-Datenverbindung.jpg\" data-rel=\"lightbox-gallery-JnlNsS0P\" data-rl_title=\"\" data-rl_caption=\"\" title=\"\"><img loading=\"lazy\" decoding=\"async\" class=\"alignnone size-medium wp-image-636\" src=\"https:\/\/gs-cms.com\/wp-content\/uploads\/Config-Tool-Datenverbindung-300x200.jpg\" alt=\"Config-Tool Datenverbindung\" width=\"300\" height=\"200\" \/><\/a><\/p>\n<h3>Entfernen einer Datenbankverbindung<\/h3>\n<p>Mit dem Minus-Symbol kann eine bestehende Verbindung gel\u00f6scht werden.<\/p>\n<h3>Datenbank\u00a0\u00fcberpr\u00fcfen<\/h3>\n<p>Bevor \u00c4nderungen an einer Datenbank (Erstellen, L\u00f6schen, Update, usw.) durchgef\u00fchrt werden k\u00f6nnen, muss die Datenbankverbindung mit dem Schalter &#8222;\u00dcberpr\u00fcfen&#8220; gepr\u00fcft werden. Hiermit wird der aktuelle Status der Datenbank gepr\u00fcft und die anderen Schalter entsprechend aktiviert. Der Datenbank-Status wird unterhalb des Meldungsfensters angezeigt.<\/p>\n<h3>Erstellen einer neuen Datenbank<\/h3>\n<p>Mit diesem Schalter wird eine neue Datenbank mit der aktuellen Datenbankstruktur angelegt. Hierzu werden die Verbindungsdaten und der Datenbankname der aktuell ausgew\u00e4hlten Verbindung verwendet. Vor dem Anlegen der Datenbank werden Sie gefragt, ob sie eine Testlizenz in der Datenbank anlegen m\u00f6chten.<\/p>\n<p>Falls sie \u00fcber keine Registrierungsdaten verf\u00fcgen, haben sie hiermit die M\u00f6glichkeit das Programm und die Datenbank f\u00fcr 30 Tage kostenfrei zu testen. Falls sie bereits \u00fcber einen g\u00fcltigen Lizenzschl\u00fcssel f\u00fcr die Vollversion verf\u00fcgen, sollten Sie keinen Testschl\u00fcssel anlegen.<\/p>\n<p><strong>Das Erstellen der Datenbank dauert mehrere Minuten und es kann vorkommen, dass die Anzeige f\u00fcr einige Zeit nicht reagiert. Bitte brechen Sie den Vorgang nicht ab, bevor die Operation abgeschlossen ist.<\/strong><\/p>\n<p>Damit eine Datenbank auf dem Server erstellt werden kann muss der in der Verbindung angegebene Datenbank-User \u00fcber entsprechende Rechte verf\u00fcgen. Wurde die Datenbank erfolgreich angelegt, wird aus Sicherheitsgr\u00fcnden empfohlen dem User nur noch CRUD-Rechte (Datens\u00e4tze erstellen, lesen, aktualisieren und l\u00f6schen; create-read-update-delete)\u00a0 auf die Datentabellen zu geben. Weitergehende Rechte sind f\u00fcr das Arbeiten mit dem Programm nicht mehr erforderlich. Falls auf dem ausgew\u00e4hlten Server bereits eine Datenbank mit dem angegebenen Namen existiert, so kann keine neue Datenbank angelegt werden. Falls sie eine bestehende Datenbank ersetzen m\u00f6chten, so m\u00fcssen sie diese zuerst l\u00f6schen.<\/p>\n<h3>L\u00f6schen einer Datenbank<\/h3>\n<p>Hiermit kann eine bestehende Datenbank gel\u00f6scht werden. Hierzu werden die Verbindungsdaten und der Datenbankname der aktuell ausgew\u00e4hlten Verbindung verwendet.<\/p>\n<p><strong>Alle Daten und die Struktur der ausgew\u00e4hlten Datenbank werden komplett gel\u00f6scht. Die Funktion kann nicht r\u00fcckg\u00e4ngig gemacht werden!<\/strong><\/p>\n<h3>Datenbank-Update<\/h3>\n<p>Wenn neuere Versionen von CMS verwendet werden kann es notwendig sein die Struktur der Datenbank zu aktualisieren. Dies erfolgt durch die Update-Funktion. Ob die Datenbankstruktur aktuell ist, wird beim Start von CMS automatisch \u00fcberpr\u00fcft und eine entsprechende Nachricht angezeigt, falls ein Update erforderlich ist.<\/p>\n<p>Bevor Sie ein Datenbank-Update durchf\u00fchren k\u00f6nnen m\u00fcssen Sie die Daten der ausgew\u00e4hlten Datenverbindung mit dem Button &#8222;\u00dcberpr\u00fcfen&#8220; auf Fehler pr\u00fcfen lassen. Im Anschluss ist der Update-Button aktiv, falls ein Update erforderlich ist.<\/p>\n<h3>SQL-Skript ausf\u00fchren<\/h3>\n<p>Hiermit kann eine SQL-Datei mit SQL-Anweisungen direkt auf der Datenbank ausgef\u00fchrt werden.<\/p>\n<p><strong>Sie sollten diese Funktion nur verwenden, wenn Sie genau wissen, was das Skript bewirkt. Der Skriptinhalt wird durch das Programm nicht \u00fcberpr\u00fcft und kann bei Missbrauch komplette Datenbanken l\u00f6schen oder unbrauchbar machen. Hiervon k\u00f6nnen auch Datenbanken anderer Programmen betroffen sein.<\/strong><\/p>\n<h3>Benutzer anlegen<\/h3>\n<p>Mit dieser Funktion wird der Datenbankbenutzer der ausgew\u00e4hlten Datenbankverbindung angelegt und mit ausreichenden Rechten auf die Programmdatenbank versehen. Das Anlegen den Benutzers und das Vergeben der Rechte kann auch mit einem Datenbank-Managementtool, wie <a href=\"http:\/\/dev.mysql.com\/downloads\/tools\/\">MySQL Workbench<\/a> erfolgen.<\/p>\n<h3>Firmendaten bearbeiten<\/h3>\n<p>Hiermit k\u00f6nnen die Lizenzinformationen bearbeitet werden. Zu den\u00a0Lizenzdaten geh\u00f6ren ein Firmenname und ein g\u00fcltiger Lizenzschl\u00fcssel, die Sie hier eingeben k\u00f6nnen. Bitte beachten Sie die Gro\u00df- und Kleinschreibung.<\/p>\n<h3>Testdaten hinzuf\u00fcgen<\/h3>\n<p>Mit dieser Funktion k\u00f6nnen bei einer vorhandenen Datenbank Testdaten hinzugef\u00fcgt werden. Geben Sie hierzu einfach die Anzahl der Testdaten an und w\u00e4hlen Sie &#8222;Hinzuf\u00fcgen&#8220;. Bei Testdaten f\u00fcr Projekte muss zuvor ein Projekt aus der Liste ausgew\u00e4hlt werden.<\/p>\n<h3>Verwaiste Eintr\u00e4ge l\u00f6schen<\/h3>\n<p>Bei Problemen w\u00e4hrend dem L\u00f6schen von Datens\u00e4tzen kann es vorkommen, dass dazugeh\u00f6rige Dateianh\u00e4nge nicht mitgel\u00f6scht werden und diese verbleiben auf dem Dateiserver. Mit dieser Funktion werden die Dateien auf dem Dateiserver gel\u00f6scht, die keinen Bezug mehr zu Datens\u00e4tzen haben.<\/p>\n<h3>Berichte importieren<\/h3>\n<p>Mit dieser Funktion k\u00f6nnen Sie einen Ordner mit Berichten\u00a0in die Datenbank importieren. Sie k\u00f6nnen diese Funktion verwenden, um die Standard-Berichte neu in die Datenbank einzulesen. Diese befinden sich im Programmordner im Unterverzeichnis &#8222;Reports&#8220;. Alle vorhandenen Standard-Berichte werden mit dieser Funktion \u00fcberschrieben. Berichte, welche Sie selbst angelegt oder aus Standardberichten kopiert haben sind davon nicht betroffen.<\/p>\n<h3>Berichte exportieren<\/h3>\n<p>Mit dieser Funktion werden alle Berichte einer Datenbank in eine Ordnerstruktur exportiert.<\/p>\n","protected":false},"excerpt":{"rendered":"<p>Grundlegende Funktionen zum Erstellen der Datenbank und dem Benutzen des Config-Tools wurden bereits hier erl\u00e4utert. In diesem Abschnitt werden die erweiterten Funktionen kurz erkl\u00e4rt. Anlegen einer neuen Datenbankverbindung Mit dem Plus-Symbol wird eine neue Verbindung angelegt. Sie k\u00f6nnen beliebig viele Verbindungen anlegen, jeder Client-Rechner kann somit \u00fcber mehrere Verbindungen verf\u00fcgen. Entfernen einer Datenbankverbindung Mit dem&hellip;<\/p>\n","protected":false},"author":11,"featured_media":0,"parent":263,"menu_order":0,"comment_status":"closed","ping_status":"closed","template":"helppage.php","meta":{"_bbp_topic_count":0,"_bbp_reply_count":0,"_bbp_total_topic_count":0,"_bbp_total_reply_count":0,"_bbp_voice_count":0,"_bbp_anonymous_reply_count":0,"_bbp_topic_count_hidden":0,"_bbp_reply_count_hidden":0,"_bbp_forum_subforum_count":0,"jetpack_post_was_ever_published":false,"footnotes":""},"class_list":["post-1258","page","type-page","status-publish","hentry"],"aioseo_notices":[],"jetpack_sharing_enabled":true,"jetpack-related-posts":[{"id":213,"url":"https:\/\/gs-cms.com\/?page_id=213","url_meta":{"origin":1258,"position":0},"title":"Konfiguration","author":"Patrick Schimmel","date":"Freitag, 6. Dezember 2013","format":false,"excerpt":"Starten des Konfigurationstools Vor dem ersten Einsatz von CMS m\u00fcssen die Verbindungsdaten zu den Servern eingegeben werden. Dies geschieht \u00fcber das Tool CMS.Config.exe, welches bei der Installation von CMS in den Programmordner kopiert wurde. Sie erreichen das Tool auch \u00fcber den entsprechenden Eintrag im Windows-Startmen\u00fc. Bitte starten Sie die Datei\u2026","rel":"","context":"In \"Konfiguration\"","block_context":{"text":"Konfiguration","link":"https:\/\/gs-cms.com\/?tag=konfiguration"},"img":{"alt_text":"Config-Tool","src":"https:\/\/i0.wp.com\/gs-cms.com\/wp-content\/uploads\/Config-Tool-300x245.jpg?resize=350%2C200&ssl=1","width":350,"height":200},"classes":[]},{"id":224,"url":"https:\/\/gs-cms.com\/?page_id=224","url_meta":{"origin":1258,"position":1},"title":"Erster Start","author":"Patrick Schimmel","date":"Freitag, 6. Dezember 2013","format":false,"excerpt":"Starten von CMS Nachdem die Software installiert wurde und die Servereinstellungen get\u00e4tigt und die Datenbank erstellt wurde, kann CMS zum ersten Mal gestartet werden. Je nach Auswahl in der Installationsroutine wurde eine Verkn\u00fcpfung im Startmen\u00fc und\/oder auf dem Desktop erstellt, mit welcher die Software gestartet werden kann. Beim Erstellen der\u2026","rel":"","context":"In \"Programmstart\"","block_context":{"text":"Programmstart","link":"https:\/\/gs-cms.com\/?tag=programmstart"},"img":{"alt_text":"Login","src":"https:\/\/i0.wp.com\/gs-cms.com\/wp-content\/uploads\/Login-300x192.jpg?resize=350%2C200&ssl=1","width":350,"height":200},"classes":[]},{"id":1491,"url":"https:\/\/gs-cms.com\/?page_id=1491","url_meta":{"origin":1258,"position":2},"title":"Konfiguration des Web Services","author":"Patrick Schimmel","date":"Samstag, 5. Juli 2014","format":false,"excerpt":"Vorteile: Bew\u00e4hrte Web-Technologie Ordner ist vor Benutzerzugriffen gesch\u00fctzt Verteilung der Last auf verschiedene Rechner Download von skalierten Bildern m\u00f6glich (Bildvorschau wesentlich schneller) Authentifizierung des Benutzers \u00fcber die CMS-Datenbank Nachteile: Einrichtung eines IIS-Webservers und Installation des CMS Webservice ist erforderlich Der IIS-Webserver kann nur auf einem Windows-Server installiert werden. Installation des\u00a0Internet\u2026","rel":"","context":"In \"Konfiguration\"","block_context":{"text":"Konfiguration","link":"https:\/\/gs-cms.com\/?tag=konfiguration"},"img":{"alt_text":"","src":"https:\/\/i0.wp.com\/gs-cms.com\/wp-content\/uploads\/IISManager.jpg?resize=350%2C200&ssl=1","width":350,"height":200,"srcset":"https:\/\/i0.wp.com\/gs-cms.com\/wp-content\/uploads\/IISManager.jpg?resize=350%2C200&ssl=1 1x, https:\/\/i0.wp.com\/gs-cms.com\/wp-content\/uploads\/IISManager.jpg?resize=525%2C300&ssl=1 1.5x"},"classes":[]},{"id":1487,"url":"https:\/\/gs-cms.com\/?page_id=1487","url_meta":{"origin":1258,"position":3},"title":"Konfiguration der Verzeichnisablage","author":"Patrick Schimmel","date":"Samstag, 5. Juli 2014","format":false,"excerpt":"Vorteile: Einfache Ablage von Dateien Upload\/Download sehr schnell Keine Installation von Zusatzsoftware erforderlich Nachteile: Keine Einschr\u00e4nkung von Benutzerzugriffen auf die Dateiablage. Alle Clients m\u00fcssen st\u00e4ndig Zugriff auf einen gemeinsamen Netzwerkpfad haben. Konfiguration der Serververbindung in CMS Im CMS-Config Tool m\u00fcssen die\u00a0Verbindungsdaten\u00a0unter Dateiserver wie folgt konfiguriert werden: Der Fileserver-Typ muss auf\u2026","rel":"","context":"In \"Konfiguration\"","block_context":{"text":"Konfiguration","link":"https:\/\/gs-cms.com\/?tag=konfiguration"},"img":{"alt_text":"FileServerDirectory","src":"https:\/\/i0.wp.com\/gs-cms.com\/wp-content\/uploads\/FileServerDirectory.jpg?resize=350%2C200&ssl=1","width":350,"height":200},"classes":[]},{"id":1479,"url":"https:\/\/gs-cms.com\/?page_id=1479","url_meta":{"origin":1258,"position":4},"title":"Konfiguration des FTP-Servers","author":"Patrick Schimmel","date":"Samstag, 5. Juli 2014","format":false,"excerpt":"Vorteile: Bew\u00e4hrte Web-Technologie Ordner ist vor Benutzerzugriffen gesch\u00fctzt Verteilung der Last auf verschiedene Rechner Nachteile: Upload\/Download relativ langsam Einrichtung eines FTP-Servers ist erforderlich Installation\u00a0von FileZilla Das dargestellte Beispiel bezieht sich auf die Konfiguration des kostenlosen FTP-Servers FileZilla unter Windows.\u00a0Die Einrichtung anderer FTP-Server erfolgt prinzipiell gleich. FileZilla kann kostenlos unter der\u2026","rel":"","context":"In \"FTP\"","block_context":{"text":"FTP","link":"https:\/\/gs-cms.com\/?tag=ftp"},"img":{"alt_text":"","src":"https:\/\/i0.wp.com\/gs-cms.com\/wp-content\/uploads\/Filezilla_Users.jpg?resize=350%2C200&ssl=1","width":350,"height":200,"srcset":"https:\/\/i0.wp.com\/gs-cms.com\/wp-content\/uploads\/Filezilla_Users.jpg?resize=350%2C200&ssl=1 1x, https:\/\/i0.wp.com\/gs-cms.com\/wp-content\/uploads\/Filezilla_Users.jpg?resize=525%2C300&ssl=1 1.5x"},"classes":[]},{"id":1832,"url":"https:\/\/gs-cms.com\/?page_id=1832","url_meta":{"origin":1258,"position":5},"title":"Terminplanung","author":"Patrick Schimmel","date":"Samstag, 8. November 2014","format":false,"excerpt":"W\u00fcrden Sie gerne\u00a0Verz\u00f6gerungen und St\u00f6rungen am Bauablauf und die daraus resultierenden Auswirkungen auf andere Termine automatisch berechnen und grafisch darstellen k\u00f6nnen?","rel":"","context":"\u00c4hnlicher Beitrag","block_context":{"text":"\u00c4hnlicher Beitrag","link":""},"img":{"alt_text":"Activity","src":"https:\/\/i0.wp.com\/gs-cms.com\/wp-content\/uploads\/Activity.png?resize=350%2C200&ssl=1","width":350,"height":200},"classes":[]}],"_links":{"self":[{"href":"https:\/\/gs-cms.com\/index.php?rest_route=\/wp\/v2\/pages\/1258","targetHints":{"allow":["GET"]}}],"collection":[{"href":"https:\/\/gs-cms.com\/index.php?rest_route=\/wp\/v2\/pages"}],"about":[{"href":"https:\/\/gs-cms.com\/index.php?rest_route=\/wp\/v2\/types\/page"}],"author":[{"embeddable":true,"href":"https:\/\/gs-cms.com\/index.php?rest_route=\/wp\/v2\/users\/11"}],"replies":[{"embeddable":true,"href":"https:\/\/gs-cms.com\/index.php?rest_route=%2Fwp%2Fv2%2Fcomments&post=1258"}],"version-history":[{"count":0,"href":"https:\/\/gs-cms.com\/index.php?rest_route=\/wp\/v2\/pages\/1258\/revisions"}],"up":[{"embeddable":true,"href":"https:\/\/gs-cms.com\/index.php?rest_route=\/wp\/v2\/pages\/263"}],"wp:attachment":[{"href":"https:\/\/gs-cms.com\/index.php?rest_route=%2Fwp%2Fv2%2Fmedia&parent=1258"}],"curies":[{"name":"wp","href":"https:\/\/api.w.org\/{rel}","templated":true}]}}