
{"id":1249,"date":"2014-05-14T10:07:25","date_gmt":"2014-05-14T08:07:25","guid":{"rendered":"http:\/\/gs-cms.com\/?page_id=1249"},"modified":"2016-01-28T00:15:38","modified_gmt":"2016-01-27T23:15:38","slug":"email-listen","status":"publish","type":"page","link":"https:\/\/gs-cms.com\/?page_id=1249","title":{"rendered":"Emails"},"content":{"rendered":"<h3>Gesendete Emails<\/h3>\n<p>Bei Start zeigt das Modul einen \u00dcberblick \u00fcber die \u00fcber das System versendeten Emails. Die Emails k\u00f6nnen durchsucht werden und Sie haben die M\u00f6glichkeit Emails weiterzuleiten, Anh\u00e4nge anzusehen und zu speichern.<\/p>\n<p>Achtung!<\/p>\n<p>Das Modul zeigt nur eine Auflistung der Daten, welche als Email versendet wurden. Dies ist kein Nachweis, ob eine Nachricht empfangen oder gelesen wurde.<\/p>\n<h3>Emaillisten<\/h3>\n<p>Hier k\u00f6nnen Sie allgemeing\u00fcltige und\u00a0projektbezogene Emaillisten anlegen und bearbeiten.<\/p>\n<p>Diese Emaillisten k\u00f6nnen beim Versenden von Emails aus dem Programm heraus verwendet werden, um einfacher mehrere immer wieder verwendete Emailadressen als Empf\u00e4nger festzulegen.<\/p>\n<p>Die Bearbeitung der Emaillisten ist nicht beschr\u00e4nkt. \u00c4nderungen wirken sich also bei allen Anwendern des Programms aus.<\/p>\n<p><a href=\"https:\/\/gs-cms.com\/wp-content\/uploads\/Emaillisten.jpg\" data-rel=\"lightbox-gallery-awTwD08C\" data-rl_title=\"\" data-rl_caption=\"\" title=\"\"><img loading=\"lazy\" decoding=\"async\" data-attachment-id=\"1252\" data-permalink=\"https:\/\/gs-cms.com\/?attachment_id=1252\" data-orig-file=\"https:\/\/gs-cms.com\/wp-content\/uploads\/Emaillisten.jpg\" data-orig-size=\"400,400\" data-comments-opened=\"1\" data-image-meta=\"{&quot;aperture&quot;:&quot;0&quot;,&quot;credit&quot;:&quot;&quot;,&quot;camera&quot;:&quot;&quot;,&quot;caption&quot;:&quot;&quot;,&quot;created_timestamp&quot;:&quot;0&quot;,&quot;copyright&quot;:&quot;&quot;,&quot;focal_length&quot;:&quot;0&quot;,&quot;iso&quot;:&quot;0&quot;,&quot;shutter_speed&quot;:&quot;0&quot;,&quot;title&quot;:&quot;&quot;,&quot;orientation&quot;:&quot;0&quot;}\" data-image-title=\"Emaillisten\" data-image-description=\"\" data-image-caption=\"\" data-large-file=\"https:\/\/gs-cms.com\/wp-content\/uploads\/Emaillisten.jpg\" class=\"alignnone size-full wp-image-1252\" src=\"https:\/\/gs-cms.com\/wp-content\/uploads\/Emaillisten.jpg\" alt=\"Emaillisten\" width=\"400\" height=\"400\" srcset=\"https:\/\/gs-cms.com\/wp-content\/uploads\/Emaillisten.jpg 400w, https:\/\/gs-cms.com\/wp-content\/uploads\/Emaillisten-150x150.jpg 150w, https:\/\/gs-cms.com\/wp-content\/uploads\/Emaillisten-300x300.jpg 300w, https:\/\/gs-cms.com\/wp-content\/uploads\/Emaillisten-160x160.jpg 160w\" sizes=\"auto, (max-width: 400px) 100vw, 400px\" \/><\/a><\/p>\n","protected":false},"excerpt":{"rendered":"<p>Gesendete Emails Bei Start zeigt das Modul einen \u00dcberblick \u00fcber die \u00fcber das System versendeten Emails. Die Emails k\u00f6nnen durchsucht werden und Sie haben die M\u00f6glichkeit Emails weiterzuleiten, Anh\u00e4nge anzusehen und zu speichern. Achtung! Das Modul zeigt nur eine Auflistung der Daten, welche als Email versendet wurden. Dies ist kein Nachweis, ob eine Nachricht empfangen&hellip;<\/p>\n","protected":false},"author":11,"featured_media":0,"parent":352,"menu_order":2,"comment_status":"closed","ping_status":"closed","template":"helppage.php","meta":{"_bbp_topic_count":0,"_bbp_reply_count":0,"_bbp_total_topic_count":0,"_bbp_total_reply_count":0,"_bbp_voice_count":0,"_bbp_anonymous_reply_count":0,"_bbp_topic_count_hidden":0,"_bbp_reply_count_hidden":0,"_bbp_forum_subforum_count":0,"jetpack_post_was_ever_published":false,"footnotes":""},"class_list":["post-1249","page","type-page","status-publish","hentry"],"aioseo_notices":[],"jetpack_sharing_enabled":true,"jetpack-related-posts":[{"id":21,"url":"https:\/\/gs-cms.com\/?page_id=21","url_meta":{"origin":1249,"position":0},"title":"Projektverwaltung","author":"Patrick Schimmel","date":"Dienstag, 19. November 2013","format":false,"excerpt":"H\u00e4tten Sie gerne eine zentrale Verwaltung aller Projekte, die alle relevanten Projektdaten enth\u00e4lt und strukturiert ausgeben kann? \u00dcbersicht Vertr\u00e4ge Verwalten von Einzelvertr\u00e4gen und von Rahmenvertr\u00e4gen Leistungsmeldung Monatliche Leistungsmeldung mit \u00dcbernahme der aktuellen Projektdaten und R\u00fcckmeldungen des Leistungsstands Web-Export Export von Projektdaten als XML-Datei oder als HTML-Website und Export aller Berichte\u2026","rel":"","context":"In \"featured\"","block_context":{"text":"featured","link":"https:\/\/gs-cms.com\/?tag=featured"},"img":{"alt_text":"Contracts","src":"https:\/\/i0.wp.com\/gs-cms.com\/wp-content\/uploads\/Contracts.png?resize=350%2C200&ssl=1","width":350,"height":200},"classes":[]},{"id":1161,"url":"https:\/\/gs-cms.com\/?page_id=1161","url_meta":{"origin":1249,"position":1},"title":"Zeiterfassung","author":"Patrick Schimmel","date":"Freitag, 31. Januar 2014","format":false,"excerpt":"Das Modul Zeiterfassung dient dazu die pers\u00f6nliche Arbeitszeit auf die Projekte zu verteilen. So kann die Arbeitszeit aller Mitarbeiter nach Projekten ausgewertet und die Projekte entsprechend belastet werden. Das Modul besteht aus einer Monats\u00fcbersicht und einer Tages\u00fcbersicht auf der linken Seite, in der die Tagesleistung angezeigt wird. Mit den Pfeil-Buttons\u2026","rel":"","context":"In \"Zeiterfassung\"","block_context":{"text":"Zeiterfassung","link":"https:\/\/gs-cms.com\/?tag=zeiterfassung"},"img":{"alt_text":"","src":"https:\/\/i0.wp.com\/gs-cms.com\/wp-content\/uploads\/Zeitkontrolle.jpg?resize=350%2C200&ssl=1","width":350,"height":200,"srcset":"https:\/\/i0.wp.com\/gs-cms.com\/wp-content\/uploads\/Zeitkontrolle.jpg?resize=350%2C200&ssl=1 1x, https:\/\/i0.wp.com\/gs-cms.com\/wp-content\/uploads\/Zeitkontrolle.jpg?resize=525%2C300&ssl=1 1.5x"},"classes":[]},{"id":1143,"url":"https:\/\/gs-cms.com\/?page_id=1143","url_meta":{"origin":1249,"position":2},"title":"Todo-Liste","author":"Patrick Schimmel","date":"Donnerstag, 30. Januar 2014","format":false,"excerpt":"Mit der Todo-Liste k\u00f6nnen pers\u00f6nliche Aufgaben \u00fcberwacht werden und Aufgaben delegiert werden. Durch die Verbindung mit anderen Modulen k\u00f6nnen Todo-Punke direkt aus Besprechungsprotokollen, M\u00e4ngeln, usw. erzeugt werden. Neue Eintr\u00e4ge werden in der Liste in Rot dargestellt. Todo-Eintrag hinzuf\u00fcgen Hiermit wird ein neuer Todo-Eintrag ohne Verbindung zu einem anderen Modul erzeugt.\u2026","rel":"","context":"In \"Todo\"","block_context":{"text":"Todo","link":"https:\/\/gs-cms.com\/?tag=todo"},"img":{"alt_text":"","src":"https:\/\/i0.wp.com\/gs-cms.com\/wp-content\/uploads\/Todo-Eintrag-Grunddaten.jpg?resize=350%2C200&ssl=1","width":350,"height":200,"srcset":"https:\/\/i0.wp.com\/gs-cms.com\/wp-content\/uploads\/Todo-Eintrag-Grunddaten.jpg?resize=350%2C200&ssl=1 1x, https:\/\/i0.wp.com\/gs-cms.com\/wp-content\/uploads\/Todo-Eintrag-Grunddaten.jpg?resize=525%2C300&ssl=1 1.5x"},"classes":[]},{"id":1207,"url":"https:\/\/gs-cms.com\/?page_id=1207","url_meta":{"origin":1249,"position":3},"title":"Besprechungen","author":"Patrick Schimmel","date":"Sonntag, 2. M\u00e4rz 2014","format":false,"excerpt":"H\u00e4tten Sie auch gerne ein Tool, mit welchem Sie Besprechungen einfach erfassen und die Abarbeitung der\u00a0Besprechungspunkte nachverfolgen k\u00f6nnen? \u00dcbersicht Fortf\u00fchren Wiederkehrende Besprechungen k\u00f6nnen fortgef\u00fchrt werden, wobei automatisch alle nicht erledigten Punkte \u00fcbernommen werden Historie Die \u00c4nderungshistorie jedes Besprechungspunkts wird einzeln automatisch erfasst Verantwortlichkeiten Eindeutigte Zuordnung der Verantwortlichkeit von Besprechungspunkten zu\u2026","rel":"","context":"In \"Besprechungen\"","block_context":{"text":"Besprechungen","link":"https:\/\/gs-cms.com\/?tag=besprechungen"},"img":{"alt_text":"ArrowRight","src":"https:\/\/i0.wp.com\/gs-cms.com\/wp-content\/uploads\/ArrowRight.png?resize=350%2C200&ssl=1","width":350,"height":200},"classes":[]},{"id":332,"url":"https:\/\/gs-cms.com\/?page_id=332","url_meta":{"origin":1249,"position":4},"title":"Optionen","author":"Patrick Schimmel","date":"Samstag, 14. Dezember 2013","format":false,"excerpt":"Im Modul Optionen werden die Programmoptionen festgelegt. Auf der linkten Seite sind die verschiedenen Module dargestellt und darunter die Optionen dieses Moduls aufgelistet. Durch Auswahl eines Punktes werden auf der rechten Seite des Fensters die Daten zu der Option angezeigt. Die eingegebenen Daten werden im jeweiligen Modul als Auswahlfeld angezeigt.\u2026","rel":"","context":"In \"Optionen\"","block_context":{"text":"Optionen","link":"https:\/\/gs-cms.com\/?tag=optionen"},"img":{"alt_text":"","src":"https:\/\/i0.wp.com\/gs-cms.com\/wp-content\/uploads\/Optionen-Grunddaten.jpg?resize=350%2C200&ssl=1","width":350,"height":200,"srcset":"https:\/\/i0.wp.com\/gs-cms.com\/wp-content\/uploads\/Optionen-Grunddaten.jpg?resize=350%2C200&ssl=1 1x, https:\/\/i0.wp.com\/gs-cms.com\/wp-content\/uploads\/Optionen-Grunddaten.jpg?resize=525%2C300&ssl=1 1.5x, https:\/\/i0.wp.com\/gs-cms.com\/wp-content\/uploads\/Optionen-Grunddaten.jpg?resize=700%2C400&ssl=1 2x"},"classes":[]},{"id":251,"url":"https:\/\/gs-cms.com\/?page_id=251","url_meta":{"origin":1249,"position":5},"title":"Allgemeine Bedienelemente","author":"Patrick Schimmel","date":"Dienstag, 10. Dezember 2013","format":false,"excerpt":"Auf der folgenden Grafik werden beispielhaft die Bedienelemente der Projektakquisition dargestellt. \u00a0 Hauptmen\u00fc Das Hauptmen\u00fc befindet sich auf der linken Seite des Hauptfensters. Hier werden hierarchisch die Module angezeigt, zu denen der angemeldete Anwender Zugriff hat. Fall der Anwender keine Zugriffsrechte auf ein Modul besitzt, so wird der Punkt im\u2026","rel":"","context":"In \"Bedienelemente\"","block_context":{"text":"Bedienelemente","link":"https:\/\/gs-cms.com\/?tag=bedienelemente"},"img":{"alt_text":"Bedienelemente","src":"https:\/\/i0.wp.com\/gs-cms.com\/wp-content\/uploads\/Bedienelemente-1024x668.png?resize=350%2C200&ssl=1","width":350,"height":200,"srcset":"https:\/\/i0.wp.com\/gs-cms.com\/wp-content\/uploads\/Bedienelemente-1024x668.png?resize=350%2C200&ssl=1 1x, https:\/\/i0.wp.com\/gs-cms.com\/wp-content\/uploads\/Bedienelemente-1024x668.png?resize=525%2C300&ssl=1 1.5x, https:\/\/i0.wp.com\/gs-cms.com\/wp-content\/uploads\/Bedienelemente-1024x668.png?resize=700%2C400&ssl=1 2x"},"classes":[]}],"_links":{"self":[{"href":"https:\/\/gs-cms.com\/index.php?rest_route=\/wp\/v2\/pages\/1249","targetHints":{"allow":["GET"]}}],"collection":[{"href":"https:\/\/gs-cms.com\/index.php?rest_route=\/wp\/v2\/pages"}],"about":[{"href":"https:\/\/gs-cms.com\/index.php?rest_route=\/wp\/v2\/types\/page"}],"author":[{"embeddable":true,"href":"https:\/\/gs-cms.com\/index.php?rest_route=\/wp\/v2\/users\/11"}],"replies":[{"embeddable":true,"href":"https:\/\/gs-cms.com\/index.php?rest_route=%2Fwp%2Fv2%2Fcomments&post=1249"}],"version-history":[{"count":0,"href":"https:\/\/gs-cms.com\/index.php?rest_route=\/wp\/v2\/pages\/1249\/revisions"}],"up":[{"embeddable":true,"href":"https:\/\/gs-cms.com\/index.php?rest_route=\/wp\/v2\/pages\/352"}],"wp:attachment":[{"href":"https:\/\/gs-cms.com\/index.php?rest_route=%2Fwp%2Fv2%2Fmedia&parent=1249"}],"curies":[{"name":"wp","href":"https:\/\/api.w.org\/{rel}","templated":true}]}}