
{"id":1213,"date":"2014-03-02T21:09:22","date_gmt":"2014-03-02T20:09:22","guid":{"rendered":"http:\/\/gs-cms.com\/?page_id=1213"},"modified":"2019-02-10T23:03:08","modified_gmt":"2019-02-10T22:03:08","slug":"weitere-module","status":"publish","type":"page","link":"https:\/\/gs-cms.com\/?page_id=1213","title":{"rendered":"Weitere Module"},"content":{"rendered":"<h2>Benutzerverwaltung<\/h2>\n<figure id=\"attachment_1344\" aria-describedby=\"caption-attachment-1344\" style=\"width: 300px\" class=\"wp-caption alignright\"><a href=\"https:\/\/gs-cms.com\/wp-content\/uploads\/Benutzerverwaltung.jpg\" data-rel=\"lightbox-gallery-s4NBlpRB\" data-rl_title=\"\" data-rl_caption=\"\" title=\"\"><img loading=\"lazy\" decoding=\"async\" data-attachment-id=\"1344\" data-permalink=\"https:\/\/gs-cms.com\/?attachment_id=1344\" data-orig-file=\"https:\/\/gs-cms.com\/wp-content\/uploads\/Benutzerverwaltung.jpg\" data-orig-size=\"1211,828\" data-comments-opened=\"1\" data-image-meta=\"{&quot;aperture&quot;:&quot;0&quot;,&quot;credit&quot;:&quot;&quot;,&quot;camera&quot;:&quot;&quot;,&quot;caption&quot;:&quot;&quot;,&quot;created_timestamp&quot;:&quot;0&quot;,&quot;copyright&quot;:&quot;&quot;,&quot;focal_length&quot;:&quot;0&quot;,&quot;iso&quot;:&quot;0&quot;,&quot;shutter_speed&quot;:&quot;0&quot;,&quot;title&quot;:&quot;&quot;,&quot;orientation&quot;:&quot;0&quot;}\" data-image-title=\"Benutzerverwaltung\" data-image-description=\"\" data-image-caption=\"&lt;p&gt;Benutzerverwaltung&lt;\/p&gt;\n\" data-large-file=\"https:\/\/gs-cms.com\/wp-content\/uploads\/Benutzerverwaltung-1024x700.jpg\" class=\"wp-image-1344 size-medium\" src=\"https:\/\/gs-cms.com\/wp-content\/uploads\/Benutzerverwaltung-300x205.jpg\" alt=\"Benutzerverwaltung\" width=\"300\" height=\"205\" srcset=\"https:\/\/gs-cms.com\/wp-content\/uploads\/Benutzerverwaltung-300x205.jpg 300w, https:\/\/gs-cms.com\/wp-content\/uploads\/Benutzerverwaltung-1024x700.jpg 1024w, https:\/\/gs-cms.com\/wp-content\/uploads\/Benutzerverwaltung.jpg 1211w\" sizes=\"auto, (max-width: 300px) 100vw, 300px\" \/><\/a><figcaption id=\"caption-attachment-1344\" class=\"wp-caption-text\">Benutzerverwaltung<\/figcaption><\/figure>\n<p>Die Benutzerverwaltung des <strong>Construction Management System CMS<\/strong> ist rollenbasierend, d.h. jeder Benutzer kann mehrere Rollen mit verschiedenen Rechten besitzen. Jede Rolle besitzt wiederum\u00a0in den einzelnen Modulen verschiedene Rechte. Somit ist die Benutzerverwaltung und die Rechteverwaltung extrem flexibel. Es k\u00f6nnen sogar unterschiedliche Rechte auf einzelne Projekte vergeben werden.<\/p>\n<p>Ein weiteres Eingrenzungskriterium der Rechte erfolgt \u00fcber sogenannte Regionen. Hiermit lassen sich mehrere Unternehmenseinheiten mit unterschiedlichen Rechten auf einer Datenbank verwalten. Die Regionen lassen sich frei definieren. Die Rechte k\u00f6nnen so beschr\u00e4nkt werden, dass ein Anwender nur Zugriff auf Daten einer Region erh\u00e4lt oder umfassende Rechte auf allen\u00a0Regionen besitzt.<\/p>\n<p>Somit ist eine maximale Flexibilit\u00e4t gew\u00e4hrleistet, mit der Sie sogar unternehmensfremde Anwender einen beschr\u00e4nkten Zugang auf gewisse Bereiche gestatten k\u00f6nnen (z.B. Arge-Partner, Auftraggeber, Nachunternehmer, Planer, usw.).<\/p>\n<h2>Todo-Liste<\/h2>\n<figure id=\"attachment_1146\" aria-describedby=\"caption-attachment-1146\" style=\"width: 300px\" class=\"wp-caption alignright\"><a href=\"https:\/\/gs-cms.com\/wp-content\/uploads\/Todo-Liste.jpg\" data-rel=\"lightbox-gallery-s4NBlpRB\" data-rl_title=\"\" data-rl_caption=\"\" title=\"\"><img loading=\"lazy\" decoding=\"async\" data-attachment-id=\"1146\" data-permalink=\"https:\/\/gs-cms.com\/?attachment_id=1146\" data-orig-file=\"https:\/\/gs-cms.com\/wp-content\/uploads\/Todo-Liste.jpg\" data-orig-size=\"1360,810\" data-comments-opened=\"1\" data-image-meta=\"{&quot;aperture&quot;:&quot;0&quot;,&quot;credit&quot;:&quot;&quot;,&quot;camera&quot;:&quot;&quot;,&quot;caption&quot;:&quot;&quot;,&quot;created_timestamp&quot;:&quot;0&quot;,&quot;copyright&quot;:&quot;&quot;,&quot;focal_length&quot;:&quot;0&quot;,&quot;iso&quot;:&quot;0&quot;,&quot;shutter_speed&quot;:&quot;0&quot;,&quot;title&quot;:&quot;&quot;,&quot;orientation&quot;:&quot;0&quot;}\" data-image-title=\"Todo-Liste\" data-image-description=\"\" data-image-caption=\"\" data-large-file=\"https:\/\/gs-cms.com\/wp-content\/uploads\/Todo-Liste-1024x609.jpg\" class=\"wp-image-1146 size-medium\" src=\"https:\/\/gs-cms.com\/wp-content\/uploads\/Todo-Liste-300x178.jpg\" alt=\"Todo-Liste\" width=\"300\" height=\"178\" srcset=\"https:\/\/gs-cms.com\/wp-content\/uploads\/Todo-Liste-300x178.jpg 300w, https:\/\/gs-cms.com\/wp-content\/uploads\/Todo-Liste-1024x609.jpg 1024w, https:\/\/gs-cms.com\/wp-content\/uploads\/Todo-Liste.jpg 1360w\" sizes=\"auto, (max-width: 300px) 100vw, 300px\" \/><\/a><figcaption id=\"caption-attachment-1146\" class=\"wp-caption-text\">Todo-Liste<\/figcaption><\/figure>\n<p>Im Modul\u00a0Todo-Liste des <strong>Construction Management System CMS<\/strong> k\u00f6nnen\u00a0Aufgaben eingegeben und nachverfolgt werden.<\/p>\n<p>Jeder Mitarbeiter hat so immer einen aktuellen \u00dcberblick \u00fcber den Stand der eigenen Aufgaben und der Aufgaben, welche er delegiert hat.<\/p>\n<p>Auf Wunsch k\u00f6nnen zu jedem Todo-Eintrag Erinnerungen definiert werden. Hiermit wird der Mitarbeiter bereits beim Programmstart \u00fcber\u00a0f\u00e4llige oder \u00fcberschrittene Termine informiert.<\/p>\n<p>Durch die Verkn\u00fcpfung mit anderen Modulen k\u00f6nnen Todo-Eintr\u00e4ge automatisch erzeugt werden, z.B. aus M\u00e4ngellisten, Besprechungsprotokollen oder aus den Terminen in der Projektakquisition.<\/p>\n<h2>Linkbibliothek<\/h2>\n<figure id=\"attachment_900\" aria-describedby=\"caption-attachment-900\" style=\"width: 300px\" class=\"wp-caption alignright\"><a href=\"https:\/\/gs-cms.com\/wp-content\/uploads\/Todo-Liste.jpg\" data-rel=\"lightbox-gallery-s4NBlpRB\" data-rl_title=\"\" data-rl_caption=\"\" title=\"\"><img loading=\"lazy\" decoding=\"async\" data-attachment-id=\"900\" data-permalink=\"https:\/\/gs-cms.com\/?attachment_id=900\" data-orig-file=\"https:\/\/gs-cms.com\/wp-content\/uploads\/Linkbibliothek.jpg\" data-orig-size=\"1519,841\" data-comments-opened=\"1\" data-image-meta=\"{&quot;aperture&quot;:&quot;0&quot;,&quot;credit&quot;:&quot;&quot;,&quot;camera&quot;:&quot;&quot;,&quot;caption&quot;:&quot;&quot;,&quot;created_timestamp&quot;:&quot;0&quot;,&quot;copyright&quot;:&quot;&quot;,&quot;focal_length&quot;:&quot;0&quot;,&quot;iso&quot;:&quot;0&quot;,&quot;shutter_speed&quot;:&quot;0&quot;,&quot;title&quot;:&quot;&quot;,&quot;orientation&quot;:&quot;0&quot;}\" data-image-title=\"Linkbibliothek\" data-image-description=\"\" data-image-caption=\"&lt;p&gt;Linkbibliothek&lt;\/p&gt;\n\" data-large-file=\"https:\/\/gs-cms.com\/wp-content\/uploads\/Linkbibliothek-1024x566.jpg\" class=\"wp-image-900 size-medium\" src=\"https:\/\/gs-cms.com\/wp-content\/uploads\/Linkbibliothek-300x166.jpg\" width=\"300\" height=\"166\" srcset=\"https:\/\/gs-cms.com\/wp-content\/uploads\/Linkbibliothek-300x166.jpg 300w, https:\/\/gs-cms.com\/wp-content\/uploads\/Linkbibliothek-1024x566.jpg 1024w, https:\/\/gs-cms.com\/wp-content\/uploads\/Linkbibliothek.jpg 1519w\" sizes=\"auto, (max-width: 300px) 100vw, 300px\" \/><\/a><figcaption id=\"caption-attachment-900\" class=\"wp-caption-text\">Linkbibliothek<\/figcaption><\/figure>\n<p>In\u00a0der Linkbibliothek des <strong>Construction Management System CMS<\/strong>\u00a0kann jeder\u00a0Anwender Links anzulegen um diese mit allen anderen Anwendern zu teilen.<\/p>\n<p>Dabei ist es unerheblich, ob die Links auf interne oder externe Webseiten, lokale Ordner oder auf Dateien verweisen.<\/p>\n<p>Jedem Link k\u00f6nnen\u00a0drei Kategorien zugeordnet werden und es kann zus\u00e4tzlich eine Beschreibung\u00a0angegeben werden. Mit dem Multi-Filter oder die Freitextsuche kann ein Link\u00a0mit wenigen Mausklicks\u00a0wiedergefunden werden.<\/p>\n<h2>Zeiterfassung<\/h2>\n<figure id=\"attachment_1164\" aria-describedby=\"caption-attachment-1164\" style=\"width: 300px\" class=\"wp-caption alignright\"><a href=\"https:\/\/gs-cms.com\/wp-content\/uploads\/Zeiterfassung.jpg\" data-rel=\"lightbox-gallery-s4NBlpRB\" data-rl_title=\"\" data-rl_caption=\"\" title=\"\"><img loading=\"lazy\" decoding=\"async\" data-attachment-id=\"1164\" data-permalink=\"https:\/\/gs-cms.com\/?attachment_id=1164\" data-orig-file=\"https:\/\/gs-cms.com\/wp-content\/uploads\/Zeiterfassung.jpg\" data-orig-size=\"1343,803\" data-comments-opened=\"1\" data-image-meta=\"{&quot;aperture&quot;:&quot;0&quot;,&quot;credit&quot;:&quot;&quot;,&quot;camera&quot;:&quot;&quot;,&quot;caption&quot;:&quot;&quot;,&quot;created_timestamp&quot;:&quot;0&quot;,&quot;copyright&quot;:&quot;&quot;,&quot;focal_length&quot;:&quot;0&quot;,&quot;iso&quot;:&quot;0&quot;,&quot;shutter_speed&quot;:&quot;0&quot;,&quot;title&quot;:&quot;&quot;,&quot;orientation&quot;:&quot;0&quot;}\" data-image-title=\"Zeiterfassung\" data-image-description=\"\" data-image-caption=\"&lt;p&gt;Zeiterfassung&lt;\/p&gt;\n\" data-large-file=\"https:\/\/gs-cms.com\/wp-content\/uploads\/Zeiterfassung-1024x612.jpg\" class=\"wp-image-1164 size-medium\" src=\"https:\/\/gs-cms.com\/wp-content\/uploads\/Zeiterfassung-300x179.jpg\" alt=\"Zeiterfassung\" width=\"300\" height=\"179\" srcset=\"https:\/\/gs-cms.com\/wp-content\/uploads\/Zeiterfassung-300x179.jpg 300w, https:\/\/gs-cms.com\/wp-content\/uploads\/Zeiterfassung-1024x612.jpg 1024w, https:\/\/gs-cms.com\/wp-content\/uploads\/Zeiterfassung.jpg 1343w\" sizes=\"auto, (max-width: 300px) 100vw, 300px\" \/><\/a><figcaption id=\"caption-attachment-1164\" class=\"wp-caption-text\">Zeiterfassung<\/figcaption><\/figure>\n<p>Mit\u00a0dem Modul Zeiterfassung des <strong>Construction Management System CMS<\/strong> k\u00f6nnen die Mitarbeiter Ihre t\u00e4gliche Arbeitszeit erfassen und\u00a0minutengenau auf\u00a0die\u00a0Projekte verteilen. So kann die Arbeitszeit aller Mitarbeiter nach Projekten, bzw. nach Kostenstellen\u00a0ausgewertet und die Projekte entsprechend belastet werden.<\/p>\n<p>Das Modul\u00a0aus einer Monats\u00fcbersicht und aus einer Tages\u00fcbersicht, die gleichzeitig sichtbar sind und in denen die eingegebenen Daten grafisch dargestellt werden. So k\u00f6nnen sehr einfach und \u00fcbersichtlich Leistungsdaten, Urlaubs- und Krankheitstage eingegeben und ausgewertet werden.<\/p>\n","protected":false},"excerpt":{"rendered":"<p>Benutzerverwaltung Die Benutzerverwaltung des Construction Management System CMS ist rollenbasierend, d.h. jeder Benutzer kann mehrere Rollen mit verschiedenen Rechten besitzen. Jede Rolle besitzt wiederum\u00a0in den einzelnen Modulen verschiedene Rechte. Somit ist die Benutzerverwaltung und die Rechteverwaltung extrem flexibel. Es k\u00f6nnen sogar unterschiedliche Rechte auf einzelne Projekte vergeben werden. Ein weiteres Eingrenzungskriterium der Rechte erfolgt \u00fcber&hellip;<\/p>\n","protected":false},"author":11,"featured_media":0,"parent":11,"menu_order":10,"comment_status":"closed","ping_status":"closed","template":"","meta":{"_bbp_topic_count":0,"_bbp_reply_count":0,"_bbp_total_topic_count":0,"_bbp_total_reply_count":0,"_bbp_voice_count":0,"_bbp_anonymous_reply_count":0,"_bbp_topic_count_hidden":0,"_bbp_reply_count_hidden":0,"_bbp_forum_subforum_count":0,"jetpack_post_was_ever_published":false,"footnotes":""},"class_list":["post-1213","page","type-page","status-publish","hentry"],"aioseo_notices":[],"jetpack_sharing_enabled":true,"jetpack-related-posts":[{"id":295,"url":"https:\/\/gs-cms.com\/?page_id=295","url_meta":{"origin":1213,"position":0},"title":"Rollen","author":"Patrick Schimmel","date":"Dienstag, 10. Dezember 2013","format":false,"excerpt":"Durch einen Mausklick auf den Button in der Toolbar wird ein Fenster ge\u00f6ffnet, in dem den verschiedenen Rollen Rechte zugeordnet werden k\u00f6nnen. Die zuordenbaren Rechte unterscheiden sich je nachdem, welche art der Rollen ausgew\u00e4hlt sind. Allgemeine Rollen sind die Rollen, die der Benutzer in den allgemeinen Modulen erh\u00e4lt. Projektrollen sind\u2026","rel":"","context":"In \"Admin\"","block_context":{"text":"Admin","link":"https:\/\/gs-cms.com\/?tag=admin"},"img":{"alt_text":"","src":"https:\/\/i0.wp.com\/gs-cms.com\/wp-content\/uploads\/Benutzerverwaltung-Rollen.jpg?resize=350%2C200&ssl=1","width":350,"height":200,"srcset":"https:\/\/i0.wp.com\/gs-cms.com\/wp-content\/uploads\/Benutzerverwaltung-Rollen.jpg?resize=350%2C200&ssl=1 1x, https:\/\/i0.wp.com\/gs-cms.com\/wp-content\/uploads\/Benutzerverwaltung-Rollen.jpg?resize=525%2C300&ssl=1 1.5x"},"classes":[]},{"id":276,"url":"https:\/\/gs-cms.com\/?page_id=276","url_meta":{"origin":1213,"position":1},"title":"Benutzerverwaltung","author":"Patrick Schimmel","date":"Dienstag, 10. Dezember 2013","format":false,"excerpt":"In der Benutzerverwaltung werden die Benutzer des Programms und deren Rechte verwaltet. Die Benutzerverwaltung ist rollenbasierend, d.h. jeder Benutzer kann mehrere Rollen mit verschiedenen Rechten besitzen.","rel":"","context":"In \"Admin\"","block_context":{"text":"Admin","link":"https:\/\/gs-cms.com\/?tag=admin"},"img":{"alt_text":"Benutzerverwaltung","src":"https:\/\/i0.wp.com\/gs-cms.com\/wp-content\/uploads\/Benutzerverwaltung-1024x700.jpg?resize=350%2C200&ssl=1","width":350,"height":200,"srcset":"https:\/\/i0.wp.com\/gs-cms.com\/wp-content\/uploads\/Benutzerverwaltung-1024x700.jpg?resize=350%2C200&ssl=1 1x, https:\/\/i0.wp.com\/gs-cms.com\/wp-content\/uploads\/Benutzerverwaltung-1024x700.jpg?resize=525%2C300&ssl=1 1.5x, https:\/\/i0.wp.com\/gs-cms.com\/wp-content\/uploads\/Benutzerverwaltung-1024x700.jpg?resize=700%2C400&ssl=1 2x"},"classes":[]},{"id":224,"url":"https:\/\/gs-cms.com\/?page_id=224","url_meta":{"origin":1213,"position":2},"title":"Erster Start","author":"Patrick Schimmel","date":"Freitag, 6. Dezember 2013","format":false,"excerpt":"Starten von CMS Nachdem die Software installiert wurde und die Servereinstellungen get\u00e4tigt und die Datenbank erstellt wurde, kann CMS zum ersten Mal gestartet werden. Je nach Auswahl in der Installationsroutine wurde eine Verkn\u00fcpfung im Startmen\u00fc und\/oder auf dem Desktop erstellt, mit welcher die Software gestartet werden kann. Beim Erstellen der\u2026","rel":"","context":"In \"Programmstart\"","block_context":{"text":"Programmstart","link":"https:\/\/gs-cms.com\/?tag=programmstart"},"img":{"alt_text":"Login","src":"https:\/\/i0.wp.com\/gs-cms.com\/wp-content\/uploads\/Login-300x192.jpg?resize=350%2C200&ssl=1","width":350,"height":200},"classes":[]},{"id":278,"url":"https:\/\/gs-cms.com\/?page_id=278","url_meta":{"origin":1213,"position":3},"title":"Benutzer","author":"Patrick Schimmel","date":"Dienstag, 10. Dezember 2013","format":false,"excerpt":"Benutzer hinzuf\u00fcgen Ein Benutzer wird mit einem Mausklick auf den Plus-Button in der Toolbar neu angelegt. Daraufhin erscheint das Detail-Fenster des Benutzers. Hier m\u00fcssen alle Daten ausgef\u00fcllt und der Benutzer muss einem Kontakt aus der Adressverwaltung zugeordnet werden. Diese Zuordnung wird programmintern in einigen Modulen verwendet. Ist der Kontakt in\u2026","rel":"","context":"In \"Admin\"","block_context":{"text":"Admin","link":"https:\/\/gs-cms.com\/?tag=admin"},"img":{"alt_text":"Add","src":"https:\/\/i0.wp.com\/gs-cms.com\/wp-content\/uploads\/Add.png?resize=350%2C200&ssl=1","width":350,"height":200},"classes":[]},{"id":11,"url":"https:\/\/gs-cms.com\/?page_id=11","url_meta":{"origin":1213,"position":4},"title":"Construction Management System","author":"Patrick Schimmel","date":"Dienstag, 19. November 2013","format":false,"excerpt":"Das Construction Management System CMS ist eine umfangreiche Software zur vertragssicheren Dokumentation und Verwaltung von Bauprojekten. Es umfasst alle Phasen des Bauprojekts, von der Projektakquise \u00fcber die Bauausf\u00fchrung bis hin zur Gew\u00e4hrleistung. Einmal eingetragene Informationen werden in einer zentralen Datenbank gespeichert und k\u00f6nnen \u00fcber frei definierbare Berichte beliebig ausgewertet und\u2026","rel":"","context":"\u00c4hnlicher Beitrag","block_context":{"text":"\u00c4hnlicher Beitrag","link":""},"img":{"alt_text":"Projektzyklus","src":"https:\/\/i0.wp.com\/gs-cms.com\/wp-content\/uploads\/Projektzyklus-300x221.png?resize=350%2C200&ssl=1","width":350,"height":200},"classes":[]},{"id":1354,"url":"https:\/\/gs-cms.com\/?page_id=1354","url_meta":{"origin":1213,"position":5},"title":"Rechte","author":"Patrick Schimmel","date":"Dienstag, 3. Juni 2014","format":false,"excerpt":"Im Folgenden werden die verf\u00fcgbaren Rechte der einzelnen Module erl\u00e4utert. Allgemeine Module Modul Recht Beschreibung Akquisition Akquisitionsdaten bearbeiten Benutzer hat das Recht die Detaildaten der Akquisition zu bearbeiten. Akquisition Akquisitionstermine bearbeiten Bearbeiten der Termindaten der Akquisitionsdatens\u00e4tze. Akquisition Submissionsergebnisse bearbeiten Bearbeiten der Submissionsergebnisse von Gelegenheiten. Akquisition Akquisitionsdaten drucken Drucken von Berichten\u2026","rel":"","context":"In \"Admin\"","block_context":{"text":"Admin","link":"https:\/\/gs-cms.com\/?tag=admin"},"img":{"alt_text":"","src":"","width":0,"height":0},"classes":[]}],"_links":{"self":[{"href":"https:\/\/gs-cms.com\/index.php?rest_route=\/wp\/v2\/pages\/1213","targetHints":{"allow":["GET"]}}],"collection":[{"href":"https:\/\/gs-cms.com\/index.php?rest_route=\/wp\/v2\/pages"}],"about":[{"href":"https:\/\/gs-cms.com\/index.php?rest_route=\/wp\/v2\/types\/page"}],"author":[{"embeddable":true,"href":"https:\/\/gs-cms.com\/index.php?rest_route=\/wp\/v2\/users\/11"}],"replies":[{"embeddable":true,"href":"https:\/\/gs-cms.com\/index.php?rest_route=%2Fwp%2Fv2%2Fcomments&post=1213"}],"version-history":[{"count":2,"href":"https:\/\/gs-cms.com\/index.php?rest_route=\/wp\/v2\/pages\/1213\/revisions"}],"predecessor-version":[{"id":3364,"href":"https:\/\/gs-cms.com\/index.php?rest_route=\/wp\/v2\/pages\/1213\/revisions\/3364"}],"up":[{"embeddable":true,"href":"https:\/\/gs-cms.com\/index.php?rest_route=\/wp\/v2\/pages\/11"}],"wp:attachment":[{"href":"https:\/\/gs-cms.com\/index.php?rest_route=%2Fwp%2Fv2%2Fmedia&parent=1213"}],"curies":[{"name":"wp","href":"https:\/\/api.w.org\/{rel}","templated":true}]}}