
{"id":1207,"date":"2014-03-02T20:56:31","date_gmt":"2014-03-02T19:56:31","guid":{"rendered":"http:\/\/gs-cms.com\/?page_id=1207"},"modified":"2019-04-21T12:51:30","modified_gmt":"2019-04-21T10:51:30","slug":"besprechungen","status":"publish","type":"page","link":"https:\/\/gs-cms.com\/?page_id=1207","title":{"rendered":"Besprechungen"},"content":{"rendered":"<blockquote><p>H\u00e4tten Sie auch gerne ein Tool, mit welchem Sie Besprechungen einfach erfassen und die Abarbeitung der\u00a0Besprechungspunkte nachverfolgen k\u00f6nnen?<\/p><\/blockquote>\n<h2>\u00dcbersicht<\/h2>\n<table style=\"width: 100%;\">\n<tbody>\n<tr>\n<td style=\"vertical-align: top;\"><img loading=\"lazy\" decoding=\"async\" data-attachment-id=\"1179\" data-permalink=\"https:\/\/gs-cms.com\/?attachment_id=1179\" data-orig-file=\"https:\/\/gs-cms.com\/wp-content\/uploads\/ArrowRight.png\" data-orig-size=\"32,32\" data-comments-opened=\"1\" data-image-meta=\"{&quot;aperture&quot;:&quot;0&quot;,&quot;credit&quot;:&quot;&quot;,&quot;camera&quot;:&quot;&quot;,&quot;caption&quot;:&quot;&quot;,&quot;created_timestamp&quot;:&quot;0&quot;,&quot;copyright&quot;:&quot;&quot;,&quot;focal_length&quot;:&quot;0&quot;,&quot;iso&quot;:&quot;0&quot;,&quot;shutter_speed&quot;:&quot;0&quot;,&quot;title&quot;:&quot;&quot;,&quot;orientation&quot;:&quot;0&quot;}\" data-image-title=\"ArrowRight\" data-image-description=\"\" data-image-caption=\"\" data-large-file=\"https:\/\/gs-cms.com\/wp-content\/uploads\/ArrowRight.png\" class=\"size-full wp-image-1179 alignleft\" src=\"https:\/\/gs-cms.com\/wp-content\/uploads\/ArrowRight.png\" alt=\"ArrowRight\" width=\"32\" height=\"32\" srcset=\"https:\/\/gs-cms.com\/wp-content\/uploads\/ArrowRight.png 32w, https:\/\/gs-cms.com\/wp-content\/uploads\/ArrowRight-150x150.png 150w, https:\/\/gs-cms.com\/wp-content\/uploads\/ArrowRight-160x160.png 160w\" sizes=\"auto, (max-width: 32px) 100vw, 32px\" \/><\/td>\n<td style=\"width: 46%; vertical-align: top;\"><strong>Fortf\u00fchren<\/strong><br \/>\nWiederkehrende Besprechungen k\u00f6nnen fortgef\u00fchrt werden, wobei automatisch alle nicht erledigten Punkte \u00fcbernommen werden<\/td>\n<td style=\"vertical-align: top;\"><img loading=\"lazy\" decoding=\"async\" data-attachment-id=\"964\" data-permalink=\"https:\/\/gs-cms.com\/?attachment_id=964\" data-orig-file=\"https:\/\/gs-cms.com\/wp-content\/uploads\/Archive-e1390558936112.png\" data-orig-size=\"32,32\" data-comments-opened=\"1\" data-image-meta=\"{&quot;aperture&quot;:&quot;0&quot;,&quot;credit&quot;:&quot;&quot;,&quot;camera&quot;:&quot;&quot;,&quot;caption&quot;:&quot;&quot;,&quot;created_timestamp&quot;:&quot;0&quot;,&quot;copyright&quot;:&quot;&quot;,&quot;focal_length&quot;:&quot;0&quot;,&quot;iso&quot;:&quot;0&quot;,&quot;shutter_speed&quot;:&quot;0&quot;,&quot;title&quot;:&quot;&quot;,&quot;orientation&quot;:&quot;0&quot;}\" data-image-title=\"Archive\" data-image-description=\"\" data-image-caption=\"\" data-large-file=\"https:\/\/gs-cms.com\/wp-content\/uploads\/Archive-e1390558936112.png\" class=\"size-full wp-image-964 alignleft\" src=\"https:\/\/gs-cms.com\/wp-content\/uploads\/Archive-e1390558936112.png\" alt=\"Archive\" width=\"32\" height=\"32\" srcset=\"https:\/\/gs-cms.com\/wp-content\/uploads\/Archive-e1390558936112.png 32w, https:\/\/gs-cms.com\/wp-content\/uploads\/Archive-e1390558936112-150x150.png 150w, https:\/\/gs-cms.com\/wp-content\/uploads\/Archive-e1390558936112-160x160.png 160w\" sizes=\"auto, (max-width: 32px) 100vw, 32px\" \/><\/td>\n<td style=\"width: 46%; vertical-align: top;\"><strong>Historie<\/strong><br \/>\nDie \u00c4nderungshistorie jedes Besprechungspunkts wird einzeln automatisch erfasst<\/td>\n<\/tr>\n<tr>\n<td style=\"vertical-align: top;\"><img loading=\"lazy\" decoding=\"async\" data-attachment-id=\"2249\" data-permalink=\"https:\/\/gs-cms.com\/?attachment_id=2249\" data-orig-file=\"https:\/\/gs-cms.com\/wp-content\/uploads\/Check.png\" data-orig-size=\"32,32\" data-comments-opened=\"1\" data-image-meta=\"{&quot;aperture&quot;:&quot;0&quot;,&quot;credit&quot;:&quot;&quot;,&quot;camera&quot;:&quot;&quot;,&quot;caption&quot;:&quot;&quot;,&quot;created_timestamp&quot;:&quot;0&quot;,&quot;copyright&quot;:&quot;&quot;,&quot;focal_length&quot;:&quot;0&quot;,&quot;iso&quot;:&quot;0&quot;,&quot;shutter_speed&quot;:&quot;0&quot;,&quot;title&quot;:&quot;&quot;,&quot;orientation&quot;:&quot;0&quot;}\" data-image-title=\"Check\" data-image-description=\"\" data-image-caption=\"\" data-large-file=\"https:\/\/gs-cms.com\/wp-content\/uploads\/Check.png\" class=\"size-full wp-image-2249 alignleft\" src=\"https:\/\/gs-cms.com\/wp-content\/uploads\/Check.png\" alt=\"Check\" width=\"32\" height=\"32\" srcset=\"https:\/\/gs-cms.com\/wp-content\/uploads\/Check.png 32w, https:\/\/gs-cms.com\/wp-content\/uploads\/Check-150x150.png 150w, https:\/\/gs-cms.com\/wp-content\/uploads\/Check-160x160.png 160w, https:\/\/gs-cms.com\/wp-content\/uploads\/Check-320x320.png 320w\" sizes=\"auto, (max-width: 32px) 100vw, 32px\" \/><\/td>\n<td style=\"vertical-align: top;\"><strong>Verantwortlichkeiten<\/strong><br \/>\nEindeutigte Zuordnung der Verantwortlichkeit von Besprechungspunkten zu Personen mit Fristsetzung<\/td>\n<td style=\"vertical-align: top;\"><img loading=\"lazy\" decoding=\"async\" data-attachment-id=\"1060\" data-permalink=\"https:\/\/gs-cms.com\/?attachment_id=1060\" data-orig-file=\"https:\/\/gs-cms.com\/wp-content\/uploads\/AutoCreateTodoItems-e1390558704276.png\" data-orig-size=\"32,32\" data-comments-opened=\"1\" data-image-meta=\"{&quot;aperture&quot;:&quot;0&quot;,&quot;credit&quot;:&quot;&quot;,&quot;camera&quot;:&quot;&quot;,&quot;caption&quot;:&quot;&quot;,&quot;created_timestamp&quot;:&quot;0&quot;,&quot;copyright&quot;:&quot;&quot;,&quot;focal_length&quot;:&quot;0&quot;,&quot;iso&quot;:&quot;0&quot;,&quot;shutter_speed&quot;:&quot;0&quot;,&quot;title&quot;:&quot;&quot;,&quot;orientation&quot;:&quot;0&quot;}\" data-image-title=\"AutoCreateTodoItems\" data-image-description=\"\" data-image-caption=\"\" data-large-file=\"https:\/\/gs-cms.com\/wp-content\/uploads\/AutoCreateTodoItems-e1390558704276.png\" class=\"size-full wp-image-1060 alignleft\" src=\"https:\/\/gs-cms.com\/wp-content\/uploads\/AutoCreateTodoItems-e1390558704276.png\" alt=\"AutoCreateTodoItems\" width=\"32\" height=\"32\" srcset=\"https:\/\/gs-cms.com\/wp-content\/uploads\/AutoCreateTodoItems-e1390558704276.png 32w, https:\/\/gs-cms.com\/wp-content\/uploads\/AutoCreateTodoItems-e1390558704276-150x150.png 150w, https:\/\/gs-cms.com\/wp-content\/uploads\/AutoCreateTodoItems-e1390558704276-160x160.png 160w\" sizes=\"auto, (max-width: 32px) 100vw, 32px\" \/><\/td>\n<td style=\"vertical-align: top;\"><strong>Todo<\/strong><br \/>\nVerlinkung der Besprechungspunkte mit der pers\u00f6nlichen Todo-Liste der verantwortlichen Personen<\/td>\n<\/tr>\n<\/tbody>\n<\/table>\n<h2>Beschreibung<\/h2>\n<p>Mit dem Modul Besprechungen\u00a0im <strong><a title=\"Construction Management System\" href=\"https:\/\/gs-cms.com\/?page_id=11\">Construction Management System<\/a> CMS<\/strong> k\u00f6nnen Sie sehr einfach einmalige und wiederkehrende Besprechungen erstellen und die Besprechungspunkte nachverfolgen.<\/p>\n<p>In diesem Modul k\u00f6nnen Sie sehr einfach wiederkehrende Besprechungen protokollieren, mit Ber\u00fccksichtigung der Historie\u00a0jedes Besprechungspunkts.<\/p>\n<p>Jedem Besprechungspunkt kann ein oder mehrere Verantwortliche zugeordnet werden und\u00a0ein Erledigungstermin zuweisen werden. Somit erreichen Sie eine optimale Verfolgung der einzelnen Besprechungspunkte. Aus\u00a0den Zuordnungen kann eine individuelle Todo-Liste f\u00fcr jede Person erstellt werden oder direkt in das Modul <a title=\"Weitere Module\" href=\"https:\/\/gs-cms.com\/?page_id=1213\">Todo-Liste<\/a> in der Software \u00fcbernommen werden.<\/p>\n<p>Jeder Besprechungspunkt kann dann personenbezogen, besprechungs\u00fcbergreifend ausgewertet werden. So behalten Sie auch bei sehr gro\u00dfen Projektteams den \u00dcberblick \u00fcber die delegierten Aufgaben und deren Bearbeitungsstatus.<\/p>\n<p>Dieses Modul enth\u00e4lt Berichte, die ein klar gegliedertes Besprechungsprotokoll erm\u00f6glichen.<\/p>\n<h2>Screenshots<\/h2>\n<div class=\"rl-gallery-container rl-loading\" id=\"rl-gallery-container-1\" data-gallery_id=\"3381\"> <div class=\"rl-gallery rl-basicmasonry-gallery rl-hover-effect-2\" id=\"rl-gallery-1\" data-gallery_no=\"1\"> <div class=\"rl-gutter-sizer\"><\/div><div class=\"rl-grid-sizer\"><\/div> <div class=\"rl-gallery-item rl-gallery-item-width-4\" > <div class=\"rl-gallery-item-content\"> <a href=\"https:\/\/gs-cms.com\/wp-content\/uploads\/Besprechungen.png\" title=\"\" data-rl_title=\"\" class=\"rl-gallery-link\" data-rl_caption=\"\" data-rel=\"lightbox-gallery-1\"><img loading=\"lazy\" decoding=\"async\" src=\"https:\/\/gs-cms.com\/wp-content\/uploads\/Besprechungen-300x161.png\" width=\"300\" height=\"161\" alt=\"\" \/><span class=\"rl-gallery-caption\"><span class=\"rl-gallery-item-title\">Besprechungen<\/span><\/span><\/a> <\/div> <\/div> <div class=\"rl-gallery-item\" > <div class=\"rl-gallery-item-content\"> <a href=\"https:\/\/gs-cms.com\/wp-content\/uploads\/Besprechungen-Besprechungsdetails-e1395848069575.jpg\" title=\"\" data-rl_title=\"\" class=\"rl-gallery-link\" data-rl_caption=\"\" data-rel=\"lightbox-gallery-1\"><img loading=\"lazy\" decoding=\"async\" src=\"https:\/\/gs-cms.com\/wp-content\/uploads\/Besprechungen-Besprechungsdetails-e1395848069575-300x272.jpg\" width=\"300\" height=\"272\" alt=\"\" \/><span class=\"rl-gallery-caption\"><span class=\"rl-gallery-item-title\">Besprechungen Besprechungsdetails<\/span><\/span><\/a> <\/div> <\/div> <div class=\"rl-gallery-item\" > <div class=\"rl-gallery-item-content\"> <a href=\"https:\/\/gs-cms.com\/wp-content\/uploads\/Besprechungen-Besprechungspunkt.jpg\" title=\"\" data-rl_title=\"\" class=\"rl-gallery-link\" data-rl_caption=\"\" data-rel=\"lightbox-gallery-1\"><img loading=\"lazy\" decoding=\"async\" src=\"https:\/\/gs-cms.com\/wp-content\/uploads\/Besprechungen-Besprechungspunkt-300x265.jpg\" width=\"300\" height=\"265\" alt=\"\" \/><span class=\"rl-gallery-caption\"><span class=\"rl-gallery-item-title\">Besprechungen Besprechungspunkt<\/span><\/span><\/a> <\/div> <\/div> <\/div> <\/div>\n<h2>Funktionen<\/h2>\n<ul>\n<li>Direkte \u00dcbersicht \u00fcber die wichtigsten Daten einer Besprechung auf der Startseite des Moduls<\/li>\n<li>\u00dcbersichtliche Oberfl\u00e4che<\/li>\n<li>Freitextsuche zum einfachen Auffinden von Informationen<\/li>\n<li>Erfassen aller erforderlicher Daten, wie Beschreibung, Verantwortlichkeiten, Fristen, usw.<\/li>\n<li>Zuordnung mehrer Verantwortlichen zu einem Besprechungspunkt<\/li>\n<li>Strukturierung der Eingaben durch Angabe einer Gliederung und Zuordnung zu vordefinierten Besprechungsthemen<\/li>\n<li>Gleichzeitiges Bearbeiten wichtiger Daten von mehreren\u00a0Datens\u00e4tzen<\/li>\n<li>Automatisches Erzeugen\u00a0einer Historie\u00a0jedes Besprechungspunkts.<\/li>\n<li>Historie kann bei jedem Punkt individuell im Ausdruck ausgeblendet werden.<\/li>\n<li>Anh\u00e4ngen beliebiger Dateien an die Besprechungen<\/li>\n<li>Frei konfigurierbare eigene Berichte<\/li>\n<li>Export der Daten\u00fcbersicht der Haupttabelle in Text, CSV oder Excel-Dateien<\/li>\n<li>Export aller Berichte in verschiedene Dateiformate<\/li>\n<li>Neue Besprechungen anhand vordefinierter Vorlagen erstellen<\/li>\n<li>Besprechungspunkte k\u00f6nnen automatisch in die pers\u00f6nliche Todo-Liste \u00fcbernommen werden<\/li>\n<li>Erfassung fortlaufender Punkte, die in jeder Besprechung wiederkehren<\/li>\n<\/ul>\n","protected":false},"excerpt":{"rendered":"<p>H\u00e4tten Sie auch gerne ein Tool, mit welchem Sie Besprechungen einfach erfassen und die Abarbeitung der\u00a0Besprechungspunkte nachverfolgen k\u00f6nnen? \u00dcbersicht Fortf\u00fchren Wiederkehrende Besprechungen k\u00f6nnen fortgef\u00fchrt werden, wobei automatisch alle nicht erledigten Punkte \u00fcbernommen werden Historie Die \u00c4nderungshistorie jedes Besprechungspunkts wird einzeln automatisch erfasst Verantwortlichkeiten Eindeutigte Zuordnung der Verantwortlichkeit von Besprechungspunkten zu Personen mit Fristsetzung Todo Verlinkung&hellip;<\/p>\n","protected":false},"author":11,"featured_media":0,"parent":11,"menu_order":7,"comment_status":"closed","ping_status":"closed","template":"","meta":{"_bbp_topic_count":0,"_bbp_reply_count":0,"_bbp_total_topic_count":0,"_bbp_total_reply_count":0,"_bbp_voice_count":0,"_bbp_anonymous_reply_count":0,"_bbp_topic_count_hidden":0,"_bbp_reply_count_hidden":0,"_bbp_forum_subforum_count":0,"jetpack_post_was_ever_published":false,"footnotes":""},"class_list":["post-1207","page","type-page","status-publish","hentry"],"aioseo_notices":[],"jetpack_sharing_enabled":true,"jetpack-related-posts":[{"id":1050,"url":"https:\/\/gs-cms.com\/?page_id=1050","url_meta":{"origin":1207,"position":0},"title":"Besprechungspunkte","author":"Patrick Schimmel","date":"Montag, 20. Januar 2014","format":false,"excerpt":"Besprechungspunkte Besprechungspunkt hinzuf\u00fcgen Hiermit wird ein neuer Punkt zu einer Besprechung hinzugef\u00fcgt. Wenn beim Hinzuf\u00fcgen in der Baumstruktur ein Thema ausgew\u00e4hlt war, so wird dieses Thema beim Punkt automatisch gesetzt. Besprechungspunkt bearbeiten Durch einen Doppelklick auf eine Zeile der Besprechungstabelle wird ein Besprechungspunkt bearbeitet. Folgende Daten k\u00f6nnen erfasst werden: Grunddaten\u2026","rel":"","context":"In \"Besprechungen\"","block_context":{"text":"Besprechungen","link":"https:\/\/gs-cms.com\/?tag=besprechungen"},"img":{"alt_text":"AddMeeting","src":"https:\/\/i0.wp.com\/gs-cms.com\/wp-content\/uploads\/AddMeeting.png?resize=350%2C200&ssl=1","width":350,"height":200},"classes":[]},{"id":1046,"url":"https:\/\/gs-cms.com\/?page_id=1046","url_meta":{"origin":1207,"position":1},"title":"Besprechungen","author":"Patrick Schimmel","date":"Montag, 20. Januar 2014","format":false,"excerpt":"Besprechung hinzuf\u00fcgen Mit diesem Button wird eine neue Besprechung hinzugef\u00fcgt. Beim der ersten Besprechung einer Reihe muss eine Gliederung in Unterpunkte (Themen) definiert werden. In einer Reihe werden wiederkehrende Besprechungen zusammengefasst. Alle Besprechungen dieser Reihe haben die gleiche Untergliederung. Alle offenen Punkte der letzten Besprechung einer Reihe werden beim Fortf\u00fchren\u2026","rel":"","context":"In \"Besprechungen\"","block_context":{"text":"Besprechungen","link":"https:\/\/gs-cms.com\/?tag=besprechungen"},"img":{"alt_text":"","src":"https:\/\/i0.wp.com\/gs-cms.com\/wp-content\/uploads\/Besprechungen-Besprechungsdetails-e1395848069575.jpg?resize=350%2C200&ssl=1","width":350,"height":200,"srcset":"https:\/\/i0.wp.com\/gs-cms.com\/wp-content\/uploads\/Besprechungen-Besprechungsdetails-e1395848069575.jpg?resize=350%2C200&ssl=1 1x, https:\/\/i0.wp.com\/gs-cms.com\/wp-content\/uploads\/Besprechungen-Besprechungsdetails-e1395848069575.jpg?resize=525%2C300&ssl=1 1.5x"},"classes":[]},{"id":1039,"url":"https:\/\/gs-cms.com\/?page_id=1039","url_meta":{"origin":1207,"position":2},"title":"Besprechungen","author":"Patrick Schimmel","date":"Montag, 20. Januar 2014","format":false,"excerpt":"In diesem Modul werden die Besprechungen eines Moduls verwaltet. Es eignet sich vor allem, um Besprechungspunkte in wiederkehrenden Besprechungen zu \u00fcberwachen. \u00a0 Dieses Modul verf\u00fcgt nicht wie die anderen \u00fcber einen Multi-Filter. Die angelegten Besprechungstypen, Besprechungen und Besprechungsthemen sind entsprechend Ihrer Hierarchie in einer Baumstruktur geordnet. Durch Auswahl eines Knotens\u2026","rel":"","context":"In \"Besprechungen\"","block_context":{"text":"Besprechungen","link":"https:\/\/gs-cms.com\/?tag=besprechungen"},"img":{"alt_text":"Besprechungen","src":"https:\/\/i0.wp.com\/gs-cms.com\/wp-content\/uploads\/Besprechungen-300x161.png?resize=350%2C200&ssl=1","width":350,"height":200},"classes":[]},{"id":1354,"url":"https:\/\/gs-cms.com\/?page_id=1354","url_meta":{"origin":1207,"position":3},"title":"Rechte","author":"Patrick Schimmel","date":"Dienstag, 3. Juni 2014","format":false,"excerpt":"Im Folgenden werden die verf\u00fcgbaren Rechte der einzelnen Module erl\u00e4utert. Allgemeine Module Modul Recht Beschreibung Akquisition Akquisitionsdaten bearbeiten Benutzer hat das Recht die Detaildaten der Akquisition zu bearbeiten. Akquisition Akquisitionstermine bearbeiten Bearbeiten der Termindaten der Akquisitionsdatens\u00e4tze. Akquisition Submissionsergebnisse bearbeiten Bearbeiten der Submissionsergebnisse von Gelegenheiten. Akquisition Akquisitionsdaten drucken Drucken von Berichten\u2026","rel":"","context":"In \"Admin\"","block_context":{"text":"Admin","link":"https:\/\/gs-cms.com\/?tag=admin"},"img":{"alt_text":"","src":"","width":0,"height":0},"classes":[]},{"id":840,"url":"https:\/\/gs-cms.com\/?page_id=840","url_meta":{"origin":1207,"position":4},"title":"Anl\u00e4sse","author":"Patrick Schimmel","date":"Montag, 13. Januar 2014","format":false,"excerpt":"\u00dcber den Schalter in der Toolbar der M\u00e4ngelverwaltung k\u00f6nnen Anl\u00e4sse verwaltet werden. Anl\u00e4sse sind Begehungen, Besprechungen oder Abnahmen, an denen M\u00e4ngel festgestellt wurden. Jedem Mangel kann ein Anlass zugeordnet werden. Zu jedem Anlass k\u00f6nnen die Teilnehmer und ein Verteiler erfasst werden.","rel":"","context":"In \"Anl\u00e4sse\"","block_context":{"text":"Anl\u00e4sse","link":"https:\/\/gs-cms.com\/?tag=anlaesse"},"img":{"alt_text":"Meetings","src":"https:\/\/i0.wp.com\/gs-cms.com\/wp-content\/uploads\/Meetings.png?resize=350%2C200&ssl=1","width":350,"height":200},"classes":[]},{"id":915,"url":"https:\/\/gs-cms.com\/?page_id=915","url_meta":{"origin":1207,"position":5},"title":"Planverwaltung","author":"Patrick Schimmel","date":"Dienstag, 14. Januar 2014","format":false,"excerpt":"In der Planverwaltung k\u00f6nnen Pl\u00e4ne mit Planeingang, Versionierung und dem Planversand verwaltet und \u00fcberwacht werden. Die veralteten Pl\u00e4ne k\u00f6nnen in verschiedenen Dateiformaten auf den Server hochgeladen werden. Zu jedem Plan k\u00f6nnen beliebig viele Planversionen (\u00dcberarbeitungen) angelegt werden. Die Versionen werden \u00fcber den Planindex unterschieden. Wird eine aktualisierte Version eines Plans\u2026","rel":"","context":"In \"Besprechungen\"","block_context":{"text":"Besprechungen","link":"https:\/\/gs-cms.com\/?tag=besprechungen"},"img":{"alt_text":"Planverwaltung","src":"https:\/\/i0.wp.com\/gs-cms.com\/wp-content\/uploads\/Planverwaltung-1024x566.jpg?resize=350%2C200&ssl=1","width":350,"height":200,"srcset":"https:\/\/i0.wp.com\/gs-cms.com\/wp-content\/uploads\/Planverwaltung-1024x566.jpg?resize=350%2C200&ssl=1 1x, https:\/\/i0.wp.com\/gs-cms.com\/wp-content\/uploads\/Planverwaltung-1024x566.jpg?resize=525%2C300&ssl=1 1.5x, https:\/\/i0.wp.com\/gs-cms.com\/wp-content\/uploads\/Planverwaltung-1024x566.jpg?resize=700%2C400&ssl=1 2x"},"classes":[]}],"_links":{"self":[{"href":"https:\/\/gs-cms.com\/index.php?rest_route=\/wp\/v2\/pages\/1207","targetHints":{"allow":["GET"]}}],"collection":[{"href":"https:\/\/gs-cms.com\/index.php?rest_route=\/wp\/v2\/pages"}],"about":[{"href":"https:\/\/gs-cms.com\/index.php?rest_route=\/wp\/v2\/types\/page"}],"author":[{"embeddable":true,"href":"https:\/\/gs-cms.com\/index.php?rest_route=\/wp\/v2\/users\/11"}],"replies":[{"embeddable":true,"href":"https:\/\/gs-cms.com\/index.php?rest_route=%2Fwp%2Fv2%2Fcomments&post=1207"}],"version-history":[{"count":6,"href":"https:\/\/gs-cms.com\/index.php?rest_route=\/wp\/v2\/pages\/1207\/revisions"}],"predecessor-version":[{"id":3549,"href":"https:\/\/gs-cms.com\/index.php?rest_route=\/wp\/v2\/pages\/1207\/revisions\/3549"}],"up":[{"embeddable":true,"href":"https:\/\/gs-cms.com\/index.php?rest_route=\/wp\/v2\/pages\/11"}],"wp:attachment":[{"href":"https:\/\/gs-cms.com\/index.php?rest_route=%2Fwp%2Fv2%2Fmedia&parent=1207"}],"curies":[{"name":"wp","href":"https:\/\/api.w.org\/{rel}","templated":true}]}}