
{"id":1161,"date":"2014-01-31T11:20:53","date_gmt":"2014-01-31T10:20:53","guid":{"rendered":"http:\/\/gs-cms.com\/?page_id=1161"},"modified":"2016-01-28T00:15:27","modified_gmt":"2016-01-27T23:15:27","slug":"zeiterfassung","status":"publish","type":"page","link":"https:\/\/gs-cms.com\/?page_id=1161","title":{"rendered":"Zeiterfassung"},"content":{"rendered":"<p>Das Modul Zeiterfassung dient dazu die pers\u00f6nliche Arbeitszeit auf die Projekte zu verteilen. So kann die Arbeitszeit aller Mitarbeiter nach Projekten ausgewertet und die Projekte entsprechend belastet werden.<\/p>\n<p><a href=\"https:\/\/gs-cms.com\/wp-content\/uploads\/Zeiterfassung.jpg\" data-rel=\"lightbox-gallery-XpMxEtsI\" data-rl_title=\"\" data-rl_caption=\"\" title=\"\"><img loading=\"lazy\" decoding=\"async\" data-attachment-id=\"1164\" data-permalink=\"https:\/\/gs-cms.com\/?attachment_id=1164\" data-orig-file=\"https:\/\/gs-cms.com\/wp-content\/uploads\/Zeiterfassung.jpg\" data-orig-size=\"1343,803\" data-comments-opened=\"1\" data-image-meta=\"{&quot;aperture&quot;:&quot;0&quot;,&quot;credit&quot;:&quot;&quot;,&quot;camera&quot;:&quot;&quot;,&quot;caption&quot;:&quot;&quot;,&quot;created_timestamp&quot;:&quot;0&quot;,&quot;copyright&quot;:&quot;&quot;,&quot;focal_length&quot;:&quot;0&quot;,&quot;iso&quot;:&quot;0&quot;,&quot;shutter_speed&quot;:&quot;0&quot;,&quot;title&quot;:&quot;&quot;,&quot;orientation&quot;:&quot;0&quot;}\" data-image-title=\"Zeiterfassung\" data-image-description=\"\" data-image-caption=\"&lt;p&gt;Zeiterfassung&lt;\/p&gt;\n\" data-large-file=\"https:\/\/gs-cms.com\/wp-content\/uploads\/Zeiterfassung-1024x612.jpg\" class=\"alignnone wp-image-1164 size-large\" src=\"https:\/\/gs-cms.com\/wp-content\/uploads\/Zeiterfassung-1024x612.jpg\" alt=\"Zeiterfassung\" width=\"720\" height=\"430\" srcset=\"https:\/\/gs-cms.com\/wp-content\/uploads\/Zeiterfassung-1024x612.jpg 1024w, https:\/\/gs-cms.com\/wp-content\/uploads\/Zeiterfassung-300x179.jpg 300w, https:\/\/gs-cms.com\/wp-content\/uploads\/Zeiterfassung.jpg 1343w\" sizes=\"auto, (max-width: 720px) 100vw, 720px\" \/><\/a><\/p>\n<p>Das Modul besteht aus einer Monats\u00fcbersicht und einer Tages\u00fcbersicht auf der linken Seite, in der die Tagesleistung angezeigt wird.<\/p>\n<p>Mit den Pfeil-Buttons kann durch die Monate gebl\u00e4ttert werden.<\/p>\n<h3>Tag bearbeiten<\/h3>\n<p><a href=\"https:\/\/gs-cms.com\/wp-content\/uploads\/Zeiterfassung-Tag.jpg\" data-rel=\"lightbox-gallery-XpMxEtsI\" data-rl_title=\"\" data-rl_caption=\"\" title=\"\"><img loading=\"lazy\" decoding=\"async\" data-attachment-id=\"1163\" data-permalink=\"https:\/\/gs-cms.com\/?attachment_id=1163\" data-orig-file=\"https:\/\/gs-cms.com\/wp-content\/uploads\/Zeiterfassung-Tag.jpg\" data-orig-size=\"450,300\" data-comments-opened=\"1\" data-image-meta=\"{&quot;aperture&quot;:&quot;0&quot;,&quot;credit&quot;:&quot;&quot;,&quot;camera&quot;:&quot;&quot;,&quot;caption&quot;:&quot;&quot;,&quot;created_timestamp&quot;:&quot;0&quot;,&quot;copyright&quot;:&quot;&quot;,&quot;focal_length&quot;:&quot;0&quot;,&quot;iso&quot;:&quot;0&quot;,&quot;shutter_speed&quot;:&quot;0&quot;,&quot;title&quot;:&quot;&quot;,&quot;orientation&quot;:&quot;0&quot;}\" data-image-title=\"Zeiterfassung Tag\" data-image-description=\"\" data-image-caption=\"\" data-large-file=\"https:\/\/gs-cms.com\/wp-content\/uploads\/Zeiterfassung-Tag.jpg\" class=\"alignnone size-full wp-image-1163\" src=\"https:\/\/gs-cms.com\/wp-content\/uploads\/Zeiterfassung-Tag.jpg\" alt=\"Zeiterfassung Tag\" width=\"450\" height=\"300\" srcset=\"https:\/\/gs-cms.com\/wp-content\/uploads\/Zeiterfassung-Tag.jpg 450w, https:\/\/gs-cms.com\/wp-content\/uploads\/Zeiterfassung-Tag-300x200.jpg 300w\" sizes=\"auto, (max-width: 450px) 100vw, 450px\" \/><\/a><\/p>\n<p>Mit einem Doppelklick auf einen Tag k\u00f6nnen die Details bearbeitet werden (Arbeitsbeginn und -ende, Pausen und Soll-Arbeitszeit). Diese Daten werden beim Anlegen eines neuen Monats aus den Vorgabewerten \u00fcbernommen.<\/p>\n<h3>Leistung bearbeiten<\/h3>\n<p><a href=\"https:\/\/gs-cms.com\/wp-content\/uploads\/Zeiterfassung-Leistung.jpg\" data-rel=\"lightbox-gallery-XpMxEtsI\" data-rl_title=\"\" data-rl_caption=\"\" title=\"\"><img loading=\"lazy\" decoding=\"async\" data-attachment-id=\"1162\" data-permalink=\"https:\/\/gs-cms.com\/?attachment_id=1162\" data-orig-file=\"https:\/\/gs-cms.com\/wp-content\/uploads\/Zeiterfassung-Leistung.jpg\" data-orig-size=\"400,250\" data-comments-opened=\"1\" data-image-meta=\"{&quot;aperture&quot;:&quot;0&quot;,&quot;credit&quot;:&quot;&quot;,&quot;camera&quot;:&quot;&quot;,&quot;caption&quot;:&quot;&quot;,&quot;created_timestamp&quot;:&quot;0&quot;,&quot;copyright&quot;:&quot;&quot;,&quot;focal_length&quot;:&quot;0&quot;,&quot;iso&quot;:&quot;0&quot;,&quot;shutter_speed&quot;:&quot;0&quot;,&quot;title&quot;:&quot;&quot;,&quot;orientation&quot;:&quot;0&quot;}\" data-image-title=\"Zeiterfassung Leistung\" data-image-description=\"\" data-image-caption=\"\" data-large-file=\"https:\/\/gs-cms.com\/wp-content\/uploads\/Zeiterfassung-Leistung.jpg\" class=\"alignnone size-full wp-image-1162\" src=\"https:\/\/gs-cms.com\/wp-content\/uploads\/Zeiterfassung-Leistung.jpg\" alt=\"Zeiterfassung Leistung\" width=\"400\" height=\"250\" srcset=\"https:\/\/gs-cms.com\/wp-content\/uploads\/Zeiterfassung-Leistung.jpg 400w, https:\/\/gs-cms.com\/wp-content\/uploads\/Zeiterfassung-Leistung-300x187.jpg 300w\" sizes=\"auto, (max-width: 400px) 100vw, 400px\" \/><\/a><\/p>\n<p>Mit einem Klick der rechten Maustaste auf den Kalender kann die erfasste Leistung bearbeitet werden. Hierzu muss eine Zuordnung zu einem Projekt erfolgen und der Beginn und das Ende der auf das Projekt zu verbuchenden Zeit eingegeben werden.<\/p>\n<h3>Optionen<\/h3>\n<p>Bei den Optionen dieses Moduls k\u00f6nnen Vorgaben f\u00fcr eine normale Arbeitswoche eingegeben werden.<\/p>\n<h3>Zeitkontrolle<\/h3>\n<p><img loading=\"lazy\" decoding=\"async\" data-attachment-id=\"1294\" data-permalink=\"https:\/\/gs-cms.com\/?attachment_id=1294\" data-orig-file=\"https:\/\/gs-cms.com\/wp-content\/uploads\/Calendar.png\" data-orig-size=\"32,32\" data-comments-opened=\"1\" data-image-meta=\"{&quot;aperture&quot;:&quot;0&quot;,&quot;credit&quot;:&quot;&quot;,&quot;camera&quot;:&quot;&quot;,&quot;caption&quot;:&quot;&quot;,&quot;created_timestamp&quot;:&quot;0&quot;,&quot;copyright&quot;:&quot;&quot;,&quot;focal_length&quot;:&quot;0&quot;,&quot;iso&quot;:&quot;0&quot;,&quot;shutter_speed&quot;:&quot;0&quot;,&quot;title&quot;:&quot;&quot;,&quot;orientation&quot;:&quot;0&quot;}\" data-image-title=\"Calendar\" data-image-description=\"\" data-image-caption=\"\" data-large-file=\"https:\/\/gs-cms.com\/wp-content\/uploads\/Calendar.png\" class=\"alignnone size-full wp-image-1294\" src=\"https:\/\/gs-cms.com\/wp-content\/uploads\/Calendar.png\" alt=\"Calendar\" width=\"32\" height=\"32\" srcset=\"https:\/\/gs-cms.com\/wp-content\/uploads\/Calendar.png 32w, https:\/\/gs-cms.com\/wp-content\/uploads\/Calendar-150x150.png 150w, https:\/\/gs-cms.com\/wp-content\/uploads\/Calendar-160x160.png 160w\" sizes=\"auto, (max-width: 32px) 100vw, 32px\" \/><\/p>\n<p>Bei der Zeitkontrolle haben Sie die M\u00f6glichkeit einen \u00dcberblick \u00fcber die erfassten Arbeitstage zu erhalten. Sie k\u00f6nnen die Daten nach Person, Monat oder nach der Kategorie (Urlaubstage, Krankheitstage) filtern.<\/p>\n<p><a href=\"https:\/\/gs-cms.com\/wp-content\/uploads\/Zeitkontrolle.jpg\" data-rel=\"lightbox-gallery-XpMxEtsI\" data-rl_title=\"\" data-rl_caption=\"\" title=\"\"><img loading=\"lazy\" decoding=\"async\" data-attachment-id=\"1297\" data-permalink=\"https:\/\/gs-cms.com\/?attachment_id=1297\" data-orig-file=\"https:\/\/gs-cms.com\/wp-content\/uploads\/Zeitkontrolle.jpg\" data-orig-size=\"600,500\" data-comments-opened=\"1\" data-image-meta=\"{&quot;aperture&quot;:&quot;0&quot;,&quot;credit&quot;:&quot;&quot;,&quot;camera&quot;:&quot;&quot;,&quot;caption&quot;:&quot;&quot;,&quot;created_timestamp&quot;:&quot;0&quot;,&quot;copyright&quot;:&quot;&quot;,&quot;focal_length&quot;:&quot;0&quot;,&quot;iso&quot;:&quot;0&quot;,&quot;shutter_speed&quot;:&quot;0&quot;,&quot;title&quot;:&quot;&quot;,&quot;orientation&quot;:&quot;0&quot;}\" data-image-title=\"Zeitkontrolle\" data-image-description=\"\" data-image-caption=\"\" data-large-file=\"https:\/\/gs-cms.com\/wp-content\/uploads\/Zeitkontrolle.jpg\" class=\"alignnone size-full wp-image-1297\" src=\"https:\/\/gs-cms.com\/wp-content\/uploads\/Zeitkontrolle.jpg\" alt=\"Zeitkontrolle\" width=\"600\" height=\"500\" srcset=\"https:\/\/gs-cms.com\/wp-content\/uploads\/Zeitkontrolle.jpg 600w, https:\/\/gs-cms.com\/wp-content\/uploads\/Zeitkontrolle-300x250.jpg 300w\" sizes=\"auto, (max-width: 600px) 100vw, 600px\" \/><\/a><\/p>\n<h3>Leistungskontrolle<\/h3>\n<p><img loading=\"lazy\" decoding=\"async\" data-attachment-id=\"1295\" data-permalink=\"https:\/\/gs-cms.com\/?attachment_id=1295\" data-orig-file=\"https:\/\/gs-cms.com\/wp-content\/uploads\/Time.png\" data-orig-size=\"32,32\" data-comments-opened=\"1\" data-image-meta=\"{&quot;aperture&quot;:&quot;0&quot;,&quot;credit&quot;:&quot;&quot;,&quot;camera&quot;:&quot;&quot;,&quot;caption&quot;:&quot;&quot;,&quot;created_timestamp&quot;:&quot;0&quot;,&quot;copyright&quot;:&quot;&quot;,&quot;focal_length&quot;:&quot;0&quot;,&quot;iso&quot;:&quot;0&quot;,&quot;shutter_speed&quot;:&quot;0&quot;,&quot;title&quot;:&quot;&quot;,&quot;orientation&quot;:&quot;0&quot;}\" data-image-title=\"Time\" data-image-description=\"\" data-image-caption=\"\" data-large-file=\"https:\/\/gs-cms.com\/wp-content\/uploads\/Time.png\" class=\"alignnone size-full wp-image-1295\" src=\"https:\/\/gs-cms.com\/wp-content\/uploads\/Time.png\" alt=\"Time\" width=\"32\" height=\"32\" srcset=\"https:\/\/gs-cms.com\/wp-content\/uploads\/Time.png 32w, https:\/\/gs-cms.com\/wp-content\/uploads\/Time-150x150.png 150w, https:\/\/gs-cms.com\/wp-content\/uploads\/Time-160x160.png 160w\" sizes=\"auto, (max-width: 32px) 100vw, 32px\" \/><\/p>\n<p>In der Leistungskontrolle k\u00f6nnen Sie die eingegebenen Leistungsdaten aller Personen \u00fcbergeordnet auswerten.<\/p>\n<p>Die Daten lassen sich nach Person, Datum und nach Projekt filtern.<\/p>\n<p><a href=\"https:\/\/gs-cms.com\/wp-content\/uploads\/Leistungskontrolle.jpg\" data-rel=\"lightbox-gallery-XpMxEtsI\" data-rl_title=\"\" data-rl_caption=\"\" title=\"\"><img loading=\"lazy\" decoding=\"async\" data-attachment-id=\"1296\" data-permalink=\"https:\/\/gs-cms.com\/?attachment_id=1296\" data-orig-file=\"https:\/\/gs-cms.com\/wp-content\/uploads\/Leistungskontrolle.jpg\" data-orig-size=\"600,500\" data-comments-opened=\"1\" data-image-meta=\"{&quot;aperture&quot;:&quot;0&quot;,&quot;credit&quot;:&quot;&quot;,&quot;camera&quot;:&quot;&quot;,&quot;caption&quot;:&quot;&quot;,&quot;created_timestamp&quot;:&quot;0&quot;,&quot;copyright&quot;:&quot;&quot;,&quot;focal_length&quot;:&quot;0&quot;,&quot;iso&quot;:&quot;0&quot;,&quot;shutter_speed&quot;:&quot;0&quot;,&quot;title&quot;:&quot;&quot;,&quot;orientation&quot;:&quot;0&quot;}\" data-image-title=\"Leistungskontrolle\" data-image-description=\"\" data-image-caption=\"\" data-large-file=\"https:\/\/gs-cms.com\/wp-content\/uploads\/Leistungskontrolle.jpg\" class=\"alignnone size-full wp-image-1296\" src=\"https:\/\/gs-cms.com\/wp-content\/uploads\/Leistungskontrolle.jpg\" alt=\"Leistungskontrolle\" width=\"600\" height=\"500\" srcset=\"https:\/\/gs-cms.com\/wp-content\/uploads\/Leistungskontrolle.jpg 600w, https:\/\/gs-cms.com\/wp-content\/uploads\/Leistungskontrolle-300x250.jpg 300w\" sizes=\"auto, (max-width: 600px) 100vw, 600px\" \/><\/a><\/p>\n","protected":false},"excerpt":{"rendered":"<p>Das Modul Zeiterfassung dient dazu die pers\u00f6nliche Arbeitszeit auf die Projekte zu verteilen. So kann die Arbeitszeit aller Mitarbeiter nach Projekten ausgewertet und die Projekte entsprechend belastet werden. Das Modul besteht aus einer Monats\u00fcbersicht und einer Tages\u00fcbersicht auf der linken Seite, in der die Tagesleistung angezeigt wird. Mit den Pfeil-Buttons kann durch die Monate gebl\u00e4ttert&hellip;<\/p>\n","protected":false},"author":11,"featured_media":0,"parent":352,"menu_order":0,"comment_status":"closed","ping_status":"closed","template":"helppage.php","meta":{"_bbp_topic_count":0,"_bbp_reply_count":0,"_bbp_total_topic_count":0,"_bbp_total_reply_count":0,"_bbp_voice_count":0,"_bbp_anonymous_reply_count":0,"_bbp_topic_count_hidden":0,"_bbp_reply_count_hidden":0,"_bbp_forum_subforum_count":0,"footnotes":""},"class_list":["post-1161","page","type-page","status-publish","hentry"],"aioseo_notices":[],"jetpack_sharing_enabled":true,"jetpack-related-posts":[{"id":1213,"url":"https:\/\/gs-cms.com\/?page_id=1213","url_meta":{"origin":1161,"position":0},"title":"Weitere Module","author":"Patrick Schimmel","date":"Sonntag, 2. M\u00e4rz 2014","format":false,"excerpt":"Benutzerverwaltung Die Benutzerverwaltung des Construction Management System CMS ist rollenbasierend, d.h. jeder Benutzer kann mehrere Rollen mit verschiedenen Rechten besitzen. Jede Rolle besitzt wiederum\u00a0in den einzelnen Modulen verschiedene Rechte. Somit ist die Benutzerverwaltung und die Rechteverwaltung extrem flexibel. Es k\u00f6nnen sogar unterschiedliche Rechte auf einzelne Projekte vergeben werden. Ein weiteres\u2026","rel":"","context":"In \"Benutzerverwaltung\"","block_context":{"text":"Benutzerverwaltung","link":"https:\/\/gs-cms.com\/?tag=benutzerverwaltung"},"img":{"alt_text":"Benutzerverwaltung","src":"https:\/\/i0.wp.com\/gs-cms.com\/wp-content\/uploads\/Benutzerverwaltung-300x205.jpg?resize=350%2C200&ssl=1","width":350,"height":200},"classes":[]},{"id":1354,"url":"https:\/\/gs-cms.com\/?page_id=1354","url_meta":{"origin":1161,"position":1},"title":"Rechte","author":"Patrick Schimmel","date":"Dienstag, 3. Juni 2014","format":false,"excerpt":"Im Folgenden werden die verf\u00fcgbaren Rechte der einzelnen Module erl\u00e4utert. Allgemeine Module Modul Recht Beschreibung Akquisition Akquisitionsdaten bearbeiten Benutzer hat das Recht die Detaildaten der Akquisition zu bearbeiten. Akquisition Akquisitionstermine bearbeiten Bearbeiten der Termindaten der Akquisitionsdatens\u00e4tze. Akquisition Submissionsergebnisse bearbeiten Bearbeiten der Submissionsergebnisse von Gelegenheiten. Akquisition Akquisitionsdaten drucken Drucken von Berichten\u2026","rel":"","context":"In \"Admin\"","block_context":{"text":"Admin","link":"https:\/\/gs-cms.com\/?tag=admin"},"img":{"alt_text":"","src":"","width":0,"height":0},"classes":[]},{"id":157,"url":"https:\/\/gs-cms.com\/?page_id=157","url_meta":{"origin":1161,"position":2},"title":"Mitarbeiter","author":"Patrick Schimmel","date":"Dienstag, 3. Dezember 2013","format":false,"excerpt":"Mitarbeiter bearbeiten Grunddaten Im ersten Kartenreiter werden die Grunddaten der Person eingegeben, wie die Anrede, Telefon- und Faxnummern, Web-Adressen, Geburtsdatum und die Abteilung. Die eingegebenen Daten werden programmweit als Kontaktdaten der Person verwendet, auch in den Berichten. So wird sicher gestellt, dass \u00fcberall immer die aktuellen Daten verwendet werden. Das\u2026","rel":"","context":"In \"Adressen\"","block_context":{"text":"Adressen","link":"https:\/\/gs-cms.com\/?tag=adressen"},"img":{"alt_text":"Adressverwaltung Person Grunddaten","src":"https:\/\/i0.wp.com\/gs-cms.com\/wp-content\/uploads\/Adressverwaltung-Person-Grunddaten-300x250.png?resize=350%2C200&ssl=1","width":350,"height":200},"classes":[]},{"id":11,"url":"https:\/\/gs-cms.com\/?page_id=11","url_meta":{"origin":1161,"position":3},"title":"Construction Management System","author":"Patrick Schimmel","date":"Dienstag, 19. November 2013","format":false,"excerpt":"Das Construction Management System CMS ist eine umfangreiche Software zur vertragssicheren Dokumentation und Verwaltung von Bauprojekten. Es umfasst alle Phasen des Bauprojekts, von der Projektakquise \u00fcber die Bauausf\u00fchrung bis hin zur Gew\u00e4hrleistung. Einmal eingetragene Informationen werden in einer zentralen Datenbank gespeichert und k\u00f6nnen \u00fcber frei definierbare Berichte beliebig ausgewertet und\u2026","rel":"","context":"\u00c4hnlicher Beitrag","block_context":{"text":"\u00c4hnlicher Beitrag","link":""},"img":{"alt_text":"Projektzyklus","src":"https:\/\/i0.wp.com\/gs-cms.com\/wp-content\/uploads\/Projektzyklus-300x221.png?resize=350%2C200&ssl=1","width":350,"height":200},"classes":[]},{"id":352,"url":"https:\/\/gs-cms.com\/?page_id=352","url_meta":{"origin":1161,"position":4},"title":"Pers\u00f6nliche Module","author":"Patrick Schimmel","date":"Samstag, 14. Dezember 2013","format":false,"excerpt":"Pers\u00f6nliche Module sind direkt mit dem angemeldeten Benutzer bekn\u00fcpft. Zu den pers\u00f6nlichen Modulen geh\u00f6ren: Todo-Liste Zeiterfassung","rel":"","context":"In \"Pers\u00f6nlich\"","block_context":{"text":"Pers\u00f6nlich","link":"https:\/\/gs-cms.com\/?tag=persoenlich"},"img":{"alt_text":"","src":"","width":0,"height":0},"classes":[]},{"id":1631,"url":"https:\/\/gs-cms.com\/?page_id=1631","url_meta":{"origin":1161,"position":5},"title":"Berichte","author":"Patrick Schimmel","date":"Donnerstag, 9. Oktober 2014","format":false,"excerpt":"Berichte dienen der strukturierten Ausgabe Ihrer Daten. \u00dcber die Berichte k\u00f6nnen Sie Ihre Daten in \u00fcbersichtlicher Form in beliebigem Detaillierungsgrad darstellen und drucken oder in verschiedene Formate exportieren (z.B. PDF, Office-Formate (Excel, Word), Bildformate, usw.). Mit dem integrierten Berichtseditor k\u00f6nnen Sie einfach neue Berichte selbst erstellen, oder die vorhandenen Berichte\u2026","rel":"","context":"In \"Berichte\"","block_context":{"text":"Berichte","link":"https:\/\/gs-cms.com\/?tag=berichte"},"img":{"alt_text":"Berichtseditor","src":"https:\/\/i0.wp.com\/gs-cms.com\/wp-content\/uploads\/Bericht-300x90.jpg?resize=350%2C200&ssl=1","width":350,"height":200},"classes":[]}],"_links":{"self":[{"href":"https:\/\/gs-cms.com\/index.php?rest_route=\/wp\/v2\/pages\/1161","targetHints":{"allow":["GET"]}}],"collection":[{"href":"https:\/\/gs-cms.com\/index.php?rest_route=\/wp\/v2\/pages"}],"about":[{"href":"https:\/\/gs-cms.com\/index.php?rest_route=\/wp\/v2\/types\/page"}],"author":[{"embeddable":true,"href":"https:\/\/gs-cms.com\/index.php?rest_route=\/wp\/v2\/users\/11"}],"replies":[{"embeddable":true,"href":"https:\/\/gs-cms.com\/index.php?rest_route=%2Fwp%2Fv2%2Fcomments&post=1161"}],"version-history":[{"count":0,"href":"https:\/\/gs-cms.com\/index.php?rest_route=\/wp\/v2\/pages\/1161\/revisions"}],"up":[{"embeddable":true,"href":"https:\/\/gs-cms.com\/index.php?rest_route=\/wp\/v2\/pages\/352"}],"wp:attachment":[{"href":"https:\/\/gs-cms.com\/index.php?rest_route=%2Fwp%2Fv2%2Fmedia&parent=1161"}],"curies":[{"name":"wp","href":"https:\/\/api.w.org\/{rel}","templated":true}]}}