
{"id":1143,"date":"2014-01-30T14:29:30","date_gmt":"2014-01-30T13:29:30","guid":{"rendered":"http:\/\/gs-cms.com\/?page_id=1143"},"modified":"2016-01-28T00:15:02","modified_gmt":"2016-01-27T23:15:02","slug":"todo-liste","status":"publish","type":"page","link":"https:\/\/gs-cms.com\/?page_id=1143","title":{"rendered":"Todo-Liste"},"content":{"rendered":"<p>Mit der Todo-Liste k\u00f6nnen pers\u00f6nliche Aufgaben \u00fcberwacht werden und Aufgaben delegiert werden.<\/p>\n<p><a href=\"https:\/\/gs-cms.com\/wp-content\/uploads\/Todo-Liste.jpg\" data-rel=\"lightbox-gallery-t3aVHppq\" data-rl_title=\"\" data-rl_caption=\"\" title=\"\"><img loading=\"lazy\" decoding=\"async\" data-attachment-id=\"1146\" data-permalink=\"https:\/\/gs-cms.com\/?attachment_id=1146\" data-orig-file=\"https:\/\/gs-cms.com\/wp-content\/uploads\/Todo-Liste.jpg\" data-orig-size=\"1360,810\" data-comments-opened=\"1\" data-image-meta=\"{&quot;aperture&quot;:&quot;0&quot;,&quot;credit&quot;:&quot;&quot;,&quot;camera&quot;:&quot;&quot;,&quot;caption&quot;:&quot;&quot;,&quot;created_timestamp&quot;:&quot;0&quot;,&quot;copyright&quot;:&quot;&quot;,&quot;focal_length&quot;:&quot;0&quot;,&quot;iso&quot;:&quot;0&quot;,&quot;shutter_speed&quot;:&quot;0&quot;,&quot;title&quot;:&quot;&quot;,&quot;orientation&quot;:&quot;0&quot;}\" data-image-title=\"Todo-Liste\" data-image-description=\"\" data-image-caption=\"\" data-large-file=\"https:\/\/gs-cms.com\/wp-content\/uploads\/Todo-Liste-1024x609.jpg\" class=\"alignnone wp-image-1146 size-large\" src=\"https:\/\/gs-cms.com\/wp-content\/uploads\/Todo-Liste-1024x609.jpg\" alt=\"Todo-Liste\" width=\"720\" height=\"428\" srcset=\"https:\/\/gs-cms.com\/wp-content\/uploads\/Todo-Liste-1024x609.jpg 1024w, https:\/\/gs-cms.com\/wp-content\/uploads\/Todo-Liste-300x178.jpg 300w, https:\/\/gs-cms.com\/wp-content\/uploads\/Todo-Liste.jpg 1360w\" sizes=\"auto, (max-width: 720px) 100vw, 720px\" \/><\/a><\/p>\n<p>Durch die Verbindung mit anderen Modulen k\u00f6nnen Todo-Punke direkt aus Besprechungsprotokollen, M\u00e4ngeln, usw. erzeugt werden.<\/p>\n<p>Neue Eintr\u00e4ge werden in der Liste in Rot dargestellt.<\/p>\n<h3>Todo-Eintrag hinzuf\u00fcgen<\/h3>\n<p><img loading=\"lazy\" decoding=\"async\" data-attachment-id=\"1109\" data-permalink=\"https:\/\/gs-cms.com\/?attachment_id=1109\" data-orig-file=\"https:\/\/gs-cms.com\/wp-content\/uploads\/Add-e1390558548460.png\" data-orig-size=\"32,32\" data-comments-opened=\"1\" data-image-meta=\"{&quot;aperture&quot;:&quot;0&quot;,&quot;credit&quot;:&quot;&quot;,&quot;camera&quot;:&quot;&quot;,&quot;caption&quot;:&quot;&quot;,&quot;created_timestamp&quot;:&quot;0&quot;,&quot;copyright&quot;:&quot;&quot;,&quot;focal_length&quot;:&quot;0&quot;,&quot;iso&quot;:&quot;0&quot;,&quot;shutter_speed&quot;:&quot;0&quot;,&quot;title&quot;:&quot;&quot;,&quot;orientation&quot;:&quot;0&quot;}\" data-image-title=\"Add\" data-image-description=\"\" data-image-caption=\"\" data-large-file=\"https:\/\/gs-cms.com\/wp-content\/uploads\/Add-e1390558548460.png\" class=\"alignnone size-full wp-image-1109\" src=\"https:\/\/gs-cms.com\/wp-content\/uploads\/Add-e1390558548460.png\" alt=\"Add\" width=\"32\" height=\"32\" srcset=\"https:\/\/gs-cms.com\/wp-content\/uploads\/Add-e1390558548460.png 32w, https:\/\/gs-cms.com\/wp-content\/uploads\/Add-e1390558548460-150x150.png 150w, https:\/\/gs-cms.com\/wp-content\/uploads\/Add-e1390558548460-160x160.png 160w\" sizes=\"auto, (max-width: 32px) 100vw, 32px\" \/><\/p>\n<p>Hiermit wird ein neuer Todo-Eintrag ohne Verbindung zu einem anderen Modul erzeugt.<\/p>\n<h3>Todo-Eintrag bearbeiten<\/h3>\n<p>Durch einen Doppelklick auf eine Zeile im Hauptfenster der Todo-Liste wird ein vorhandener Eintrag zur Bearbeitung ge\u00f6ffnet.<\/p>\n<h4>Grunddaten<\/h4>\n<p><a href=\"https:\/\/gs-cms.com\/wp-content\/uploads\/Todo-Eintrag-Grunddaten.jpg\" data-rel=\"lightbox-gallery-t3aVHppq\" data-rl_title=\"\" data-rl_caption=\"\" title=\"\"><img loading=\"lazy\" decoding=\"async\" data-attachment-id=\"1145\" data-permalink=\"https:\/\/gs-cms.com\/?attachment_id=1145\" data-orig-file=\"https:\/\/gs-cms.com\/wp-content\/uploads\/Todo-Eintrag-Grunddaten.jpg\" data-orig-size=\"600,400\" data-comments-opened=\"1\" data-image-meta=\"{&quot;aperture&quot;:&quot;0&quot;,&quot;credit&quot;:&quot;&quot;,&quot;camera&quot;:&quot;&quot;,&quot;caption&quot;:&quot;&quot;,&quot;created_timestamp&quot;:&quot;0&quot;,&quot;copyright&quot;:&quot;&quot;,&quot;focal_length&quot;:&quot;0&quot;,&quot;iso&quot;:&quot;0&quot;,&quot;shutter_speed&quot;:&quot;0&quot;,&quot;title&quot;:&quot;&quot;,&quot;orientation&quot;:&quot;0&quot;}\" data-image-title=\"Todo-Eintrag Grunddaten\" data-image-description=\"\" data-image-caption=\"\" data-large-file=\"https:\/\/gs-cms.com\/wp-content\/uploads\/Todo-Eintrag-Grunddaten.jpg\" class=\"alignnone size-full wp-image-1145\" src=\"https:\/\/gs-cms.com\/wp-content\/uploads\/Todo-Eintrag-Grunddaten.jpg\" alt=\"Todo-Eintrag Grunddaten\" width=\"600\" height=\"400\" srcset=\"https:\/\/gs-cms.com\/wp-content\/uploads\/Todo-Eintrag-Grunddaten.jpg 600w, https:\/\/gs-cms.com\/wp-content\/uploads\/Todo-Eintrag-Grunddaten-300x200.jpg 300w\" sizes=\"auto, (max-width: 600px) 100vw, 600px\" \/><\/a><\/p>\n<p>Hier werden die Grunddaten des Punkts bearbeitet:<\/p>\n<ul>\n<li>Erstellungsdatum<\/li>\n<li>F\u00e4lligkeitsdatum<\/li>\n<li>Aktueller Status und die Priorit\u00e4t des Punkts<\/li>\n<li>Wer den Punkt erstellt hat und wer den Punkt erledigen soll<\/li>\n<\/ul>\n<h4>Details<\/h4>\n<p><a href=\"https:\/\/gs-cms.com\/wp-content\/uploads\/Todo-Eintrag-Details.jpg\" data-rel=\"lightbox-gallery-t3aVHppq\" data-rl_title=\"\" data-rl_caption=\"\" title=\"\"><img loading=\"lazy\" decoding=\"async\" data-attachment-id=\"1144\" data-permalink=\"https:\/\/gs-cms.com\/?attachment_id=1144\" data-orig-file=\"https:\/\/gs-cms.com\/wp-content\/uploads\/Todo-Eintrag-Details.jpg\" data-orig-size=\"600,400\" data-comments-opened=\"1\" data-image-meta=\"{&quot;aperture&quot;:&quot;0&quot;,&quot;credit&quot;:&quot;&quot;,&quot;camera&quot;:&quot;&quot;,&quot;caption&quot;:&quot;&quot;,&quot;created_timestamp&quot;:&quot;0&quot;,&quot;copyright&quot;:&quot;&quot;,&quot;focal_length&quot;:&quot;0&quot;,&quot;iso&quot;:&quot;0&quot;,&quot;shutter_speed&quot;:&quot;0&quot;,&quot;title&quot;:&quot;&quot;,&quot;orientation&quot;:&quot;0&quot;}\" data-image-title=\"Todo-Eintrag Details\" data-image-description=\"\" data-image-caption=\"\" data-large-file=\"https:\/\/gs-cms.com\/wp-content\/uploads\/Todo-Eintrag-Details.jpg\" class=\"alignnone size-full wp-image-1144\" src=\"https:\/\/gs-cms.com\/wp-content\/uploads\/Todo-Eintrag-Details.jpg\" alt=\"Todo-Eintrag Details\" width=\"600\" height=\"400\" srcset=\"https:\/\/gs-cms.com\/wp-content\/uploads\/Todo-Eintrag-Details.jpg 600w, https:\/\/gs-cms.com\/wp-content\/uploads\/Todo-Eintrag-Details-300x200.jpg 300w\" sizes=\"auto, (max-width: 600px) 100vw, 600px\" \/><\/a><\/p>\n<p>Hier werden erweiterte Daten angezeigt:<\/p>\n<ul>\n<li>Kommentare<\/li>\n<li>Modul: Zeigt an aus welchem Modul der Punkt generiert wurde. Ist hier nichts vermerkt wurde der Todo-Eintrag direkt in der Todo-Liste erstellt. Stammt der Todo-Punkt aus einem anderen Modul, so kann mit dem Bearbeiten-Button direkt das Detailfenster dieses Moduls ge\u00f6ffnet werden (falls der Anwender die notwendigen Rechte hier\u00fcr besitzt).<\/li>\n<li>Erinnerung anzeigen: Ist das H\u00e4kchen gesetzt, wird ein paar Tage vor dem Ablauf der Frist auf dem Hauptbildschirm des CMS eine Benachrichtigung angezeigt.<\/li>\n<\/ul>\n<h3>Todo-Eintrag entfernen<\/h3>\n<p><img loading=\"lazy\" decoding=\"async\" data-attachment-id=\"772\" data-permalink=\"https:\/\/gs-cms.com\/?attachment_id=772\" data-orig-file=\"https:\/\/gs-cms.com\/wp-content\/uploads\/Delete.png\" data-orig-size=\"32,32\" data-comments-opened=\"1\" data-image-meta=\"{&quot;aperture&quot;:&quot;0&quot;,&quot;credit&quot;:&quot;&quot;,&quot;camera&quot;:&quot;&quot;,&quot;caption&quot;:&quot;&quot;,&quot;created_timestamp&quot;:&quot;0&quot;,&quot;copyright&quot;:&quot;&quot;,&quot;focal_length&quot;:&quot;0&quot;,&quot;iso&quot;:&quot;0&quot;,&quot;shutter_speed&quot;:&quot;0&quot;,&quot;title&quot;:&quot;&quot;,&quot;orientation&quot;:&quot;0&quot;}\" data-image-title=\"Delete\" data-image-description=\"\" data-image-caption=\"\" data-large-file=\"https:\/\/gs-cms.com\/wp-content\/uploads\/Delete.png\" class=\"alignnone size-full wp-image-772\" src=\"https:\/\/gs-cms.com\/wp-content\/uploads\/Delete.png\" alt=\"Delete\" width=\"32\" height=\"32\" srcset=\"https:\/\/gs-cms.com\/wp-content\/uploads\/Delete.png 32w, https:\/\/gs-cms.com\/wp-content\/uploads\/Delete-150x150.png 150w, https:\/\/gs-cms.com\/wp-content\/uploads\/Delete-160x160.png 160w\" sizes=\"auto, (max-width: 32px) 100vw, 32px\" \/><\/p>\n<p>Hiermit wird ein Todo-Eintrag gel\u00f6scht.<\/p>\n","protected":false},"excerpt":{"rendered":"<p>Mit der Todo-Liste k\u00f6nnen pers\u00f6nliche Aufgaben \u00fcberwacht werden und Aufgaben delegiert werden. Durch die Verbindung mit anderen Modulen k\u00f6nnen Todo-Punke direkt aus Besprechungsprotokollen, M\u00e4ngeln, usw. erzeugt werden. Neue Eintr\u00e4ge werden in der Liste in Rot dargestellt. Todo-Eintrag hinzuf\u00fcgen Hiermit wird ein neuer Todo-Eintrag ohne Verbindung zu einem anderen Modul erzeugt. Todo-Eintrag bearbeiten Durch einen Doppelklick&hellip;<\/p>\n","protected":false},"author":11,"featured_media":0,"parent":352,"menu_order":0,"comment_status":"closed","ping_status":"closed","template":"helppage.php","meta":{"_bbp_topic_count":0,"_bbp_reply_count":0,"_bbp_total_topic_count":0,"_bbp_total_reply_count":0,"_bbp_voice_count":0,"_bbp_anonymous_reply_count":0,"_bbp_topic_count_hidden":0,"_bbp_reply_count_hidden":0,"_bbp_forum_subforum_count":0,"jetpack_post_was_ever_published":false,"footnotes":""},"class_list":["post-1143","page","type-page","status-publish","hentry"],"aioseo_notices":[],"jetpack_sharing_enabled":true,"jetpack-related-posts":[{"id":1213,"url":"https:\/\/gs-cms.com\/?page_id=1213","url_meta":{"origin":1143,"position":0},"title":"Weitere Module","author":"Patrick Schimmel","date":"Sonntag, 2. M\u00e4rz 2014","format":false,"excerpt":"Benutzerverwaltung Die Benutzerverwaltung des Construction Management System CMS ist rollenbasierend, d.h. jeder Benutzer kann mehrere Rollen mit verschiedenen Rechten besitzen. Jede Rolle besitzt wiederum\u00a0in den einzelnen Modulen verschiedene Rechte. Somit ist die Benutzerverwaltung und die Rechteverwaltung extrem flexibel. Es k\u00f6nnen sogar unterschiedliche Rechte auf einzelne Projekte vergeben werden. Ein weiteres\u2026","rel":"","context":"In \"Benutzerverwaltung\"","block_context":{"text":"Benutzerverwaltung","link":"https:\/\/gs-cms.com\/?tag=benutzerverwaltung"},"img":{"alt_text":"Benutzerverwaltung","src":"https:\/\/i0.wp.com\/gs-cms.com\/wp-content\/uploads\/Benutzerverwaltung-300x205.jpg?resize=350%2C200&ssl=1","width":350,"height":200},"classes":[]},{"id":358,"url":"https:\/\/gs-cms.com\/?page_id=358","url_meta":{"origin":1143,"position":1},"title":"Projektakquisition","author":"Patrick Schimmel","date":"Samstag, 14. Dezember 2013","format":false,"excerpt":"In der Projektakquisition werden die Daten von Gelegenheiten gesammelt und verwaltet, die zu einem Projekt werden k\u00f6nnen. \u00a0 Gelegenheit hinzuf\u00fcgen Durch einen Mausklick auf das Plus-Symbol in der Toolbar der Projektakquisition wird eine neue Gelegenheit angelegt. Danach wird das Detailfenster ge\u00f6ffnet und die Daten der Gelegenheit k\u00f6nnen eingegeben werden. \u00a0\u2026","rel":"","context":"In \"Akquisition\"","block_context":{"text":"Akquisition","link":"https:\/\/gs-cms.com\/?tag=akquisition"},"img":{"alt_text":"","src":"https:\/\/i0.wp.com\/gs-cms.com\/wp-content\/uploads\/Akquisition-Grunddaten.jpg?resize=350%2C200&ssl=1","width":350,"height":200,"srcset":"https:\/\/i0.wp.com\/gs-cms.com\/wp-content\/uploads\/Akquisition-Grunddaten.jpg?resize=350%2C200&ssl=1 1x, https:\/\/i0.wp.com\/gs-cms.com\/wp-content\/uploads\/Akquisition-Grunddaten.jpg?resize=525%2C300&ssl=1 1.5x, https:\/\/i0.wp.com\/gs-cms.com\/wp-content\/uploads\/Akquisition-Grunddaten.jpg?resize=700%2C400&ssl=1 2x"},"classes":[]},{"id":1207,"url":"https:\/\/gs-cms.com\/?page_id=1207","url_meta":{"origin":1143,"position":2},"title":"Besprechungen","author":"Patrick Schimmel","date":"Sonntag, 2. M\u00e4rz 2014","format":false,"excerpt":"H\u00e4tten Sie auch gerne ein Tool, mit welchem Sie Besprechungen einfach erfassen und die Abarbeitung der\u00a0Besprechungspunkte nachverfolgen k\u00f6nnen? \u00dcbersicht Fortf\u00fchren Wiederkehrende Besprechungen k\u00f6nnen fortgef\u00fchrt werden, wobei automatisch alle nicht erledigten Punkte \u00fcbernommen werden Historie Die \u00c4nderungshistorie jedes Besprechungspunkts wird einzeln automatisch erfasst Verantwortlichkeiten Eindeutigte Zuordnung der Verantwortlichkeit von Besprechungspunkten zu\u2026","rel":"","context":"In \"Besprechungen\"","block_context":{"text":"Besprechungen","link":"https:\/\/gs-cms.com\/?tag=besprechungen"},"img":{"alt_text":"ArrowRight","src":"https:\/\/i0.wp.com\/gs-cms.com\/wp-content\/uploads\/ArrowRight.png?resize=350%2C200&ssl=1","width":350,"height":200},"classes":[]},{"id":332,"url":"https:\/\/gs-cms.com\/?page_id=332","url_meta":{"origin":1143,"position":3},"title":"Optionen","author":"Patrick Schimmel","date":"Samstag, 14. Dezember 2013","format":false,"excerpt":"Im Modul Optionen werden die Programmoptionen festgelegt. Auf der linkten Seite sind die verschiedenen Module dargestellt und darunter die Optionen dieses Moduls aufgelistet. Durch Auswahl eines Punktes werden auf der rechten Seite des Fensters die Daten zu der Option angezeigt. Die eingegebenen Daten werden im jeweiligen Modul als Auswahlfeld angezeigt.\u2026","rel":"","context":"In \"Optionen\"","block_context":{"text":"Optionen","link":"https:\/\/gs-cms.com\/?tag=optionen"},"img":{"alt_text":"","src":"https:\/\/i0.wp.com\/gs-cms.com\/wp-content\/uploads\/Optionen-Grunddaten.jpg?resize=350%2C200&ssl=1","width":350,"height":200,"srcset":"https:\/\/i0.wp.com\/gs-cms.com\/wp-content\/uploads\/Optionen-Grunddaten.jpg?resize=350%2C200&ssl=1 1x, https:\/\/i0.wp.com\/gs-cms.com\/wp-content\/uploads\/Optionen-Grunddaten.jpg?resize=525%2C300&ssl=1 1.5x, https:\/\/i0.wp.com\/gs-cms.com\/wp-content\/uploads\/Optionen-Grunddaten.jpg?resize=700%2C400&ssl=1 2x"},"classes":[]},{"id":566,"url":"https:\/\/gs-cms.com\/?page_id=566","url_meta":{"origin":1143,"position":4},"title":"Leistung \u00fcberwachen","author":"Patrick Schimmel","date":"Dienstag, 17. Dezember 2013","format":false,"excerpt":"Leistungsmeldung Die Leistungsmeldung ist ein Untermodul der Projektverwaltung f\u00fcr welchen eigenen Benutzerrechte erforderlich sind. Die Leistungsmeldung wird durch einen Mausklick auf den entsprechenden Button in der Toolbar der Projektverwaltung ge\u00f6ffnet. Beim \u00d6ffnen des Moduls wird die Leistung des aktuellen Monats angezeigt. Unter der Toolbar befindet sich ein Auswahlfeld, in dem\u2026","rel":"","context":"In \"Leistungsmeldung\"","block_context":{"text":"Leistungsmeldung","link":"https:\/\/gs-cms.com\/?tag=leistungsmeldung"},"img":{"alt_text":"Performance","src":"https:\/\/i0.wp.com\/gs-cms.com\/wp-content\/uploads\/Performance.png?resize=350%2C200&ssl=1","width":350,"height":200},"classes":[]},{"id":138,"url":"https:\/\/gs-cms.com\/?page_id=138","url_meta":{"origin":1143,"position":5},"title":"Firmen","author":"Patrick Schimmel","date":"Dienstag, 3. Dezember 2013","format":false,"excerpt":"Firmenkontakt hinzuf\u00fcgen Das Anlegen eines neuen Firmenkontakts erfolgt \u00fcber den Plus-Schalter in der Toolbar der Adressverwaltung. Im Anschluss k\u00f6nnen im Detailfenster die Angaben zu dem Firmenkontakt bearbeitet werden. Firmenkontakt bearbeiten Das Detailfenster zum Bearbeiten von Firmenkontakten wird durch einen Doppelklick auf die entsprechende Zeile im Hauptfenster der Adressverwaltung ge\u00f6ffnet. Im\u2026","rel":"","context":"In \"Adressen\"","block_context":{"text":"Adressen","link":"https:\/\/gs-cms.com\/?tag=adressen"},"img":{"alt_text":"Add","src":"https:\/\/i0.wp.com\/gs-cms.com\/wp-content\/uploads\/Add.png?resize=350%2C200&ssl=1","width":350,"height":200},"classes":[]}],"_links":{"self":[{"href":"https:\/\/gs-cms.com\/index.php?rest_route=\/wp\/v2\/pages\/1143","targetHints":{"allow":["GET"]}}],"collection":[{"href":"https:\/\/gs-cms.com\/index.php?rest_route=\/wp\/v2\/pages"}],"about":[{"href":"https:\/\/gs-cms.com\/index.php?rest_route=\/wp\/v2\/types\/page"}],"author":[{"embeddable":true,"href":"https:\/\/gs-cms.com\/index.php?rest_route=\/wp\/v2\/users\/11"}],"replies":[{"embeddable":true,"href":"https:\/\/gs-cms.com\/index.php?rest_route=%2Fwp%2Fv2%2Fcomments&post=1143"}],"version-history":[{"count":0,"href":"https:\/\/gs-cms.com\/index.php?rest_route=\/wp\/v2\/pages\/1143\/revisions"}],"up":[{"embeddable":true,"href":"https:\/\/gs-cms.com\/index.php?rest_route=\/wp\/v2\/pages\/352"}],"wp:attachment":[{"href":"https:\/\/gs-cms.com\/index.php?rest_route=%2Fwp%2Fv2%2Fmedia&parent=1143"}],"curies":[{"name":"wp","href":"https:\/\/api.w.org\/{rel}","templated":true}]}}