
{"id":1050,"date":"2014-01-20T15:47:21","date_gmt":"2014-01-20T14:47:21","guid":{"rendered":"http:\/\/gs-cms.com\/?page_id=1050"},"modified":"2016-01-28T00:09:58","modified_gmt":"2016-01-27T23:09:58","slug":"besprechung-fortfuehren","status":"publish","type":"page","link":"https:\/\/gs-cms.com\/?page_id=1050","title":{"rendered":"Besprechungspunkte"},"content":{"rendered":"<h3>Besprechungspunkte<\/h3>\n<h4>Besprechungspunkt hinzuf\u00fcgen<\/h4>\n<p><img loading=\"lazy\" decoding=\"async\" data-attachment-id=\"1065\" data-permalink=\"https:\/\/gs-cms.com\/?attachment_id=1065\" data-orig-file=\"https:\/\/gs-cms.com\/wp-content\/uploads\/AddMeeting-e1390558599527.png\" data-orig-size=\"32,32\" data-comments-opened=\"1\" data-image-meta=\"{&quot;aperture&quot;:&quot;0&quot;,&quot;credit&quot;:&quot;&quot;,&quot;camera&quot;:&quot;&quot;,&quot;caption&quot;:&quot;&quot;,&quot;created_timestamp&quot;:&quot;0&quot;,&quot;copyright&quot;:&quot;&quot;,&quot;focal_length&quot;:&quot;0&quot;,&quot;iso&quot;:&quot;0&quot;,&quot;shutter_speed&quot;:&quot;0&quot;,&quot;title&quot;:&quot;&quot;,&quot;orientation&quot;:&quot;0&quot;}\" data-image-title=\"AddMeeting\" data-image-description=\"\" data-image-caption=\"\" data-large-file=\"https:\/\/gs-cms.com\/wp-content\/uploads\/AddMeeting-e1390558599527.png\" class=\"alignnone size-full wp-image-1065\" src=\"https:\/\/gs-cms.com\/wp-content\/uploads\/AddMeeting.png\" alt=\"AddMeeting\" width=\"32\" height=\"32\" \/><\/p>\n<p>Hiermit wird ein neuer Punkt zu einer Besprechung hinzugef\u00fcgt. Wenn beim Hinzuf\u00fcgen in der Baumstruktur ein Thema ausgew\u00e4hlt war, so wird dieses Thema beim Punkt automatisch gesetzt.<\/p>\n<h4>Besprechungspunkt bearbeiten<\/h4>\n<p>Durch einen Doppelklick auf eine Zeile der Besprechungstabelle wird ein Besprechungspunkt bearbeitet.<\/p>\n<p><a href=\"https:\/\/gs-cms.com\/wp-content\/uploads\/Besprechungen-Besprechungspunkt.jpg\" data-rel=\"lightbox-gallery-y6ZUfS0s\" data-rl_title=\"\" data-rl_caption=\"\" title=\"\"><img loading=\"lazy\" decoding=\"async\" data-attachment-id=\"1042\" data-permalink=\"https:\/\/gs-cms.com\/?attachment_id=1042\" data-orig-file=\"https:\/\/gs-cms.com\/wp-content\/uploads\/Besprechungen-Besprechungspunkt.jpg\" data-orig-size=\"474,420\" data-comments-opened=\"1\" data-image-meta=\"{&quot;aperture&quot;:&quot;0&quot;,&quot;credit&quot;:&quot;&quot;,&quot;camera&quot;:&quot;&quot;,&quot;caption&quot;:&quot;&quot;,&quot;created_timestamp&quot;:&quot;0&quot;,&quot;copyright&quot;:&quot;&quot;,&quot;focal_length&quot;:&quot;0&quot;,&quot;iso&quot;:&quot;0&quot;,&quot;shutter_speed&quot;:&quot;0&quot;,&quot;title&quot;:&quot;&quot;,&quot;orientation&quot;:&quot;0&quot;}\" data-image-title=\"Besprechungen Besprechungspunkt\" data-image-description=\"\" data-image-caption=\"\" data-large-file=\"https:\/\/gs-cms.com\/wp-content\/uploads\/Besprechungen-Besprechungspunkt.jpg\" class=\"alignnone size-full wp-image-1042\" src=\"https:\/\/gs-cms.com\/wp-content\/uploads\/Besprechungen-Besprechungspunkt.jpg\" alt=\"Besprechungen Besprechungspunkt\" width=\"474\" height=\"420\" srcset=\"https:\/\/gs-cms.com\/wp-content\/uploads\/Besprechungen-Besprechungspunkt.jpg 474w, https:\/\/gs-cms.com\/wp-content\/uploads\/Besprechungen-Besprechungspunkt-300x265.jpg 300w\" sizes=\"auto, (max-width: 474px) 100vw, 474px\" \/><\/a><\/p>\n<p>Folgende Daten k\u00f6nnen erfasst werden:<\/p>\n<p><strong>Grunddaten<\/strong><\/p>\n<ul>\n<li>Thema &#8211; Eingruppierung des Punkts zu einem Besprechungsthema<\/li>\n<li>Gliederung &#8211; Frei definierbare Gliederungsstruktur der Punkte<\/li>\n<li>Fortlaufender Punkt &#8211; Fortlaufende Besprechungspunkte erzeugen keine Historie und werden von Besprechung zu Besprechung mitkopiert (wird z.B. f\u00fcr allgemeine Infos verwendet, wie &#8222;N\u00e4chste Besprechung am&#8230;&#8220;<\/li>\n<li>\u00dcberschrift<\/li>\n<li>Beschreibung<\/li>\n<li>Kommentare<\/li>\n<\/ul>\n<p><strong>Verantwortlichkeiten<\/strong><\/p>\n<ul>\n<li>Hier k\u00f6nnen Personen eingetragen werden, die f\u00fcr die Erledigung des aktuellen Punkts verantwortlich sind.<\/li>\n<li>Au\u00dferdem kann der Verfasser eingegeben werden und ein Erfassungsdatum, eine Frist und ein Datum, wann der Punkt erledigt wurde.<\/li>\n<li>Mit dem H\u00e4kchen bei &#8222;Erledigt&#8220; wird angegen, dass der Punkt abgeschlossen ist. In der folgenden Besprechung wird der Punkt dann nicht mehr ber\u00fccksichtigt.<\/li>\n<\/ul>\n<p><strong>Historie<\/strong><\/p>\n<ul>\n<li>Die Historie wird automatisch beim Fortf\u00fchren von Besprechungen gef\u00fchrt.<\/li>\n<li>Mit dem H\u00e4kchen bei &#8222;Details drucken&#8220; wird angegeben, ob die Historie des Punkts im Ausdruck erscheinen soll.<\/li>\n<\/ul>\n<h4>Besprechungspunkt entfernen<\/h4>\n<p><img loading=\"lazy\" decoding=\"async\" data-attachment-id=\"1061\" data-permalink=\"https:\/\/gs-cms.com\/?attachment_id=1061\" data-orig-file=\"https:\/\/gs-cms.com\/wp-content\/uploads\/DeleteMeeting-e1390558716660.png\" data-orig-size=\"32,32\" data-comments-opened=\"1\" data-image-meta=\"{&quot;aperture&quot;:&quot;0&quot;,&quot;credit&quot;:&quot;&quot;,&quot;camera&quot;:&quot;&quot;,&quot;caption&quot;:&quot;&quot;,&quot;created_timestamp&quot;:&quot;0&quot;,&quot;copyright&quot;:&quot;&quot;,&quot;focal_length&quot;:&quot;0&quot;,&quot;iso&quot;:&quot;0&quot;,&quot;shutter_speed&quot;:&quot;0&quot;,&quot;title&quot;:&quot;&quot;,&quot;orientation&quot;:&quot;0&quot;}\" data-image-title=\"DeleteMeeting\" data-image-description=\"\" data-image-caption=\"\" data-large-file=\"https:\/\/gs-cms.com\/wp-content\/uploads\/DeleteMeeting-e1390558716660.png\" class=\"alignnone  wp-image-1061\" src=\"https:\/\/gs-cms.com\/wp-content\/uploads\/DeleteMeeting-e1390558716660.png\" alt=\"DeleteMeeting\" width=\"32\" height=\"32\" srcset=\"https:\/\/gs-cms.com\/wp-content\/uploads\/DeleteMeeting-e1390558716660.png 32w, https:\/\/gs-cms.com\/wp-content\/uploads\/DeleteMeeting-e1390558716660-150x150.png 150w, https:\/\/gs-cms.com\/wp-content\/uploads\/DeleteMeeting-e1390558716660-160x160.png 160w\" sizes=\"auto, (max-width: 32px) 100vw, 32px\" \/><\/p>\n<p>Hiermit wird ein Besprechungspunkt gel\u00f6scht.<\/p>\n<h3>Todo-Eintr\u00e4ge erzeugen<\/h3>\n<p><img loading=\"lazy\" decoding=\"async\" data-attachment-id=\"1060\" data-permalink=\"https:\/\/gs-cms.com\/?attachment_id=1060\" data-orig-file=\"https:\/\/gs-cms.com\/wp-content\/uploads\/AutoCreateTodoItems-e1390558704276.png\" data-orig-size=\"32,32\" data-comments-opened=\"1\" data-image-meta=\"{&quot;aperture&quot;:&quot;0&quot;,&quot;credit&quot;:&quot;&quot;,&quot;camera&quot;:&quot;&quot;,&quot;caption&quot;:&quot;&quot;,&quot;created_timestamp&quot;:&quot;0&quot;,&quot;copyright&quot;:&quot;&quot;,&quot;focal_length&quot;:&quot;0&quot;,&quot;iso&quot;:&quot;0&quot;,&quot;shutter_speed&quot;:&quot;0&quot;,&quot;title&quot;:&quot;&quot;,&quot;orientation&quot;:&quot;0&quot;}\" data-image-title=\"AutoCreateTodoItems\" data-image-description=\"\" data-image-caption=\"\" data-large-file=\"https:\/\/gs-cms.com\/wp-content\/uploads\/AutoCreateTodoItems-e1390558704276.png\" class=\"alignnone size-full wp-image-1060\" src=\"https:\/\/gs-cms.com\/wp-content\/uploads\/AutoCreateTodoItems-e1390558704276.png\" alt=\"AutoCreateTodoItems\" width=\"32\" height=\"32\" srcset=\"https:\/\/gs-cms.com\/wp-content\/uploads\/AutoCreateTodoItems-e1390558704276.png 32w, https:\/\/gs-cms.com\/wp-content\/uploads\/AutoCreateTodoItems-e1390558704276-150x150.png 150w, https:\/\/gs-cms.com\/wp-content\/uploads\/AutoCreateTodoItems-e1390558704276-160x160.png 160w\" sizes=\"auto, (max-width: 32px) 100vw, 32px\" \/><\/p>\n<p>Diese Funktion erzeugt Eintr\u00e4ge in der Todo-Liste jeder Person, die bei einem Besprechungspunkt als verantwortlich gekennzeichnet wurde.<\/p>\n","protected":false},"excerpt":{"rendered":"<p>Besprechungspunkte Besprechungspunkt hinzuf\u00fcgen Hiermit wird ein neuer Punkt zu einer Besprechung hinzugef\u00fcgt. Wenn beim Hinzuf\u00fcgen in der Baumstruktur ein Thema ausgew\u00e4hlt war, so wird dieses Thema beim Punkt automatisch gesetzt. Besprechungspunkt bearbeiten Durch einen Doppelklick auf eine Zeile der Besprechungstabelle wird ein Besprechungspunkt bearbeitet. Folgende Daten k\u00f6nnen erfasst werden: Grunddaten Thema &#8211; Eingruppierung des Punkts&hellip;<\/p>\n","protected":false},"author":11,"featured_media":0,"parent":1039,"menu_order":4,"comment_status":"closed","ping_status":"closed","template":"helppage.php","meta":{"_bbp_topic_count":0,"_bbp_reply_count":0,"_bbp_total_topic_count":0,"_bbp_total_reply_count":0,"_bbp_voice_count":0,"_bbp_anonymous_reply_count":0,"_bbp_topic_count_hidden":0,"_bbp_reply_count_hidden":0,"_bbp_forum_subforum_count":0,"jetpack_post_was_ever_published":false,"footnotes":""},"class_list":["post-1050","page","type-page","status-publish","hentry"],"aioseo_notices":[],"jetpack_sharing_enabled":true,"jetpack-related-posts":[{"id":1046,"url":"https:\/\/gs-cms.com\/?page_id=1046","url_meta":{"origin":1050,"position":0},"title":"Besprechungen","author":"Patrick Schimmel","date":"Montag, 20. Januar 2014","format":false,"excerpt":"Besprechung hinzuf\u00fcgen Mit diesem Button wird eine neue Besprechung hinzugef\u00fcgt. Beim der ersten Besprechung einer Reihe muss eine Gliederung in Unterpunkte (Themen) definiert werden. In einer Reihe werden wiederkehrende Besprechungen zusammengefasst. Alle Besprechungen dieser Reihe haben die gleiche Untergliederung. Alle offenen Punkte der letzten Besprechung einer Reihe werden beim Fortf\u00fchren\u2026","rel":"","context":"In \"Besprechungen\"","block_context":{"text":"Besprechungen","link":"https:\/\/gs-cms.com\/?tag=besprechungen"},"img":{"alt_text":"","src":"https:\/\/i0.wp.com\/gs-cms.com\/wp-content\/uploads\/Besprechungen-Besprechungsdetails-e1395848069575.jpg?resize=350%2C200&ssl=1","width":350,"height":200,"srcset":"https:\/\/i0.wp.com\/gs-cms.com\/wp-content\/uploads\/Besprechungen-Besprechungsdetails-e1395848069575.jpg?resize=350%2C200&ssl=1 1x, https:\/\/i0.wp.com\/gs-cms.com\/wp-content\/uploads\/Besprechungen-Besprechungsdetails-e1395848069575.jpg?resize=525%2C300&ssl=1 1.5x"},"classes":[]},{"id":1207,"url":"https:\/\/gs-cms.com\/?page_id=1207","url_meta":{"origin":1050,"position":1},"title":"Besprechungen","author":"Patrick Schimmel","date":"Sonntag, 2. M\u00e4rz 2014","format":false,"excerpt":"H\u00e4tten Sie auch gerne ein Tool, mit welchem Sie Besprechungen einfach erfassen und die Abarbeitung der\u00a0Besprechungspunkte nachverfolgen k\u00f6nnen? \u00dcbersicht Fortf\u00fchren Wiederkehrende Besprechungen k\u00f6nnen fortgef\u00fchrt werden, wobei automatisch alle nicht erledigten Punkte \u00fcbernommen werden Historie Die \u00c4nderungshistorie jedes Besprechungspunkts wird einzeln automatisch erfasst Verantwortlichkeiten Eindeutigte Zuordnung der Verantwortlichkeit von Besprechungspunkten zu\u2026","rel":"","context":"In \"Besprechungen\"","block_context":{"text":"Besprechungen","link":"https:\/\/gs-cms.com\/?tag=besprechungen"},"img":{"alt_text":"ArrowRight","src":"https:\/\/i0.wp.com\/gs-cms.com\/wp-content\/uploads\/ArrowRight.png?resize=350%2C200&ssl=1","width":350,"height":200},"classes":[]},{"id":1143,"url":"https:\/\/gs-cms.com\/?page_id=1143","url_meta":{"origin":1050,"position":2},"title":"Todo-Liste","author":"Patrick Schimmel","date":"Donnerstag, 30. Januar 2014","format":false,"excerpt":"Mit der Todo-Liste k\u00f6nnen pers\u00f6nliche Aufgaben \u00fcberwacht werden und Aufgaben delegiert werden. Durch die Verbindung mit anderen Modulen k\u00f6nnen Todo-Punke direkt aus Besprechungsprotokollen, M\u00e4ngeln, usw. erzeugt werden. Neue Eintr\u00e4ge werden in der Liste in Rot dargestellt. Todo-Eintrag hinzuf\u00fcgen Hiermit wird ein neuer Todo-Eintrag ohne Verbindung zu einem anderen Modul erzeugt.\u2026","rel":"","context":"In \"Todo\"","block_context":{"text":"Todo","link":"https:\/\/gs-cms.com\/?tag=todo"},"img":{"alt_text":"","src":"https:\/\/i0.wp.com\/gs-cms.com\/wp-content\/uploads\/Todo-Eintrag-Grunddaten.jpg?resize=350%2C200&ssl=1","width":350,"height":200,"srcset":"https:\/\/i0.wp.com\/gs-cms.com\/wp-content\/uploads\/Todo-Eintrag-Grunddaten.jpg?resize=350%2C200&ssl=1 1x, https:\/\/i0.wp.com\/gs-cms.com\/wp-content\/uploads\/Todo-Eintrag-Grunddaten.jpg?resize=525%2C300&ssl=1 1.5x"},"classes":[]},{"id":1039,"url":"https:\/\/gs-cms.com\/?page_id=1039","url_meta":{"origin":1050,"position":3},"title":"Besprechungen","author":"Patrick Schimmel","date":"Montag, 20. Januar 2014","format":false,"excerpt":"In diesem Modul werden die Besprechungen eines Moduls verwaltet. Es eignet sich vor allem, um Besprechungspunkte in wiederkehrenden Besprechungen zu \u00fcberwachen. \u00a0 Dieses Modul verf\u00fcgt nicht wie die anderen \u00fcber einen Multi-Filter. Die angelegten Besprechungstypen, Besprechungen und Besprechungsthemen sind entsprechend Ihrer Hierarchie in einer Baumstruktur geordnet. Durch Auswahl eines Knotens\u2026","rel":"","context":"In \"Besprechungen\"","block_context":{"text":"Besprechungen","link":"https:\/\/gs-cms.com\/?tag=besprechungen"},"img":{"alt_text":"Besprechungen","src":"https:\/\/i0.wp.com\/gs-cms.com\/wp-content\/uploads\/Besprechungen-300x161.png?resize=350%2C200&ssl=1","width":350,"height":200},"classes":[]},{"id":1282,"url":"https:\/\/gs-cms.com\/?page_id=1282","url_meta":{"origin":1050,"position":4},"title":"Berichte bearbeiten","author":"Patrick Schimmel","date":"Montag, 19. Mai 2014","format":false,"excerpt":"Berichtsdaten bearbeiten Mit einem Doppelklick auf einen Eintrag im Berichtsfenster werden grundlegende Einstellungen eines Berichts bearbeitet. Hier kann dem Bericht ein Name und eine Beschreibung vergeben werden. Beides wird im Berichtsauswahlfenster des jeweiligen Moduls angezeigt. Die Einstellung bei \"Daten\" regelt den Datentyp des Berichts, also welche Daten das Programm an\u2026","rel":"","context":"In \"Berichte\"","block_context":{"text":"Berichte","link":"https:\/\/gs-cms.com\/?tag=berichte"},"img":{"alt_text":"","src":"https:\/\/i0.wp.com\/gs-cms.com\/wp-content\/uploads\/Bericht.jpg?resize=350%2C200&ssl=1","width":350,"height":200,"srcset":"https:\/\/i0.wp.com\/gs-cms.com\/wp-content\/uploads\/Bericht.jpg?resize=350%2C200&ssl=1 1x, https:\/\/i0.wp.com\/gs-cms.com\/wp-content\/uploads\/Bericht.jpg?resize=525%2C300&ssl=1 1.5x, https:\/\/i0.wp.com\/gs-cms.com\/wp-content\/uploads\/Bericht.jpg?resize=700%2C400&ssl=1 2x"},"classes":[]},{"id":566,"url":"https:\/\/gs-cms.com\/?page_id=566","url_meta":{"origin":1050,"position":5},"title":"Leistung \u00fcberwachen","author":"Patrick Schimmel","date":"Dienstag, 17. Dezember 2013","format":false,"excerpt":"Leistungsmeldung Die Leistungsmeldung ist ein Untermodul der Projektverwaltung f\u00fcr welchen eigenen Benutzerrechte erforderlich sind. Die Leistungsmeldung wird durch einen Mausklick auf den entsprechenden Button in der Toolbar der Projektverwaltung ge\u00f6ffnet. Beim \u00d6ffnen des Moduls wird die Leistung des aktuellen Monats angezeigt. Unter der Toolbar befindet sich ein Auswahlfeld, in dem\u2026","rel":"","context":"In \"Leistungsmeldung\"","block_context":{"text":"Leistungsmeldung","link":"https:\/\/gs-cms.com\/?tag=leistungsmeldung"},"img":{"alt_text":"Performance","src":"https:\/\/i0.wp.com\/gs-cms.com\/wp-content\/uploads\/Performance.png?resize=350%2C200&ssl=1","width":350,"height":200},"classes":[]}],"_links":{"self":[{"href":"https:\/\/gs-cms.com\/index.php?rest_route=\/wp\/v2\/pages\/1050","targetHints":{"allow":["GET"]}}],"collection":[{"href":"https:\/\/gs-cms.com\/index.php?rest_route=\/wp\/v2\/pages"}],"about":[{"href":"https:\/\/gs-cms.com\/index.php?rest_route=\/wp\/v2\/types\/page"}],"author":[{"embeddable":true,"href":"https:\/\/gs-cms.com\/index.php?rest_route=\/wp\/v2\/users\/11"}],"replies":[{"embeddable":true,"href":"https:\/\/gs-cms.com\/index.php?rest_route=%2Fwp%2Fv2%2Fcomments&post=1050"}],"version-history":[{"count":0,"href":"https:\/\/gs-cms.com\/index.php?rest_route=\/wp\/v2\/pages\/1050\/revisions"}],"up":[{"embeddable":true,"href":"https:\/\/gs-cms.com\/index.php?rest_route=\/wp\/v2\/pages\/1039"}],"wp:attachment":[{"href":"https:\/\/gs-cms.com\/index.php?rest_route=%2Fwp%2Fv2%2Fmedia&parent=1050"}],"curies":[{"name":"wp","href":"https:\/\/api.w.org\/{rel}","templated":true}]}}