
{"id":1039,"date":"2014-01-20T15:21:23","date_gmt":"2014-01-20T14:21:23","guid":{"rendered":"http:\/\/gs-cms.com\/?page_id=1039"},"modified":"2016-01-28T00:09:19","modified_gmt":"2016-01-27T23:09:19","slug":"besprechungen","status":"publish","type":"page","link":"https:\/\/gs-cms.com\/?page_id=1039","title":{"rendered":"Besprechungen"},"content":{"rendered":"<p>In diesem Modul werden die Besprechungen eines Moduls verwaltet. Es eignet sich vor allem, um Besprechungspunkte in wiederkehrenden Besprechungen zu \u00fcberwachen.<\/p>\n<p><img loading=\"lazy\" decoding=\"async\" data-attachment-id=\"2494\" data-permalink=\"https:\/\/gs-cms.com\/?attachment_id=2494\" data-orig-file=\"https:\/\/gs-cms.com\/wp-content\/uploads\/Besprechungen.png\" data-orig-size=\"1600,860\" data-comments-opened=\"1\" data-image-meta=\"{&quot;aperture&quot;:&quot;0&quot;,&quot;credit&quot;:&quot;&quot;,&quot;camera&quot;:&quot;&quot;,&quot;caption&quot;:&quot;&quot;,&quot;created_timestamp&quot;:&quot;0&quot;,&quot;copyright&quot;:&quot;&quot;,&quot;focal_length&quot;:&quot;0&quot;,&quot;iso&quot;:&quot;0&quot;,&quot;shutter_speed&quot;:&quot;0&quot;,&quot;title&quot;:&quot;&quot;,&quot;orientation&quot;:&quot;0&quot;}\" data-image-title=\"Besprechungen\" data-image-description=\"\" data-image-caption=\"\" data-large-file=\"https:\/\/gs-cms.com\/wp-content\/uploads\/Besprechungen-1024x550.png\" class=\" size-medium wp-image-2494 alignnone\" src=\"https:\/\/gs-cms.com\/wp-content\/uploads\/Besprechungen-300x161.png\" alt=\"Besprechungen\" width=\"300\" height=\"161\" srcset=\"https:\/\/gs-cms.com\/wp-content\/uploads\/Besprechungen-300x161.png 300w, https:\/\/gs-cms.com\/wp-content\/uploads\/Besprechungen-1024x550.png 1024w, https:\/\/gs-cms.com\/wp-content\/uploads\/Besprechungen.png 1600w\" sizes=\"auto, (max-width: 300px) 100vw, 300px\" \/><\/p>\n<p>&nbsp;<\/p>\n<p>Dieses Modul verf\u00fcgt nicht wie die anderen \u00fcber einen Multi-Filter. Die angelegten Besprechungstypen, Besprechungen und Besprechungsthemen sind entsprechend Ihrer Hierarchie in einer Baumstruktur geordnet. Durch Auswahl eines Knotens werden die Besprechungspunkte auf diese Auswahl heruntergefiltert.<\/p>\n","protected":false},"excerpt":{"rendered":"<p>In diesem Modul werden die Besprechungen eines Moduls verwaltet. Es eignet sich vor allem, um Besprechungspunkte in wiederkehrenden Besprechungen zu \u00fcberwachen. &nbsp; Dieses Modul verf\u00fcgt nicht wie die anderen \u00fcber einen Multi-Filter. Die angelegten Besprechungstypen, Besprechungen und Besprechungsthemen sind entsprechend Ihrer Hierarchie in einer Baumstruktur geordnet. Durch Auswahl eines Knotens werden die Besprechungspunkte auf diese&hellip;<\/p>\n","protected":false},"author":11,"featured_media":0,"parent":29,"menu_order":4,"comment_status":"closed","ping_status":"closed","template":"helppage.php","meta":{"_bbp_topic_count":0,"_bbp_reply_count":0,"_bbp_total_topic_count":0,"_bbp_total_reply_count":0,"_bbp_voice_count":0,"_bbp_anonymous_reply_count":0,"_bbp_topic_count_hidden":0,"_bbp_reply_count_hidden":0,"_bbp_forum_subforum_count":0,"jetpack_post_was_ever_published":false,"footnotes":""},"class_list":["post-1039","page","type-page","status-publish","hentry"],"aioseo_notices":[],"jetpack_sharing_enabled":true,"jetpack-related-posts":[{"id":1207,"url":"https:\/\/gs-cms.com\/?page_id=1207","url_meta":{"origin":1039,"position":0},"title":"Besprechungen","author":"Patrick Schimmel","date":"Sonntag, 2. M\u00e4rz 2014","format":false,"excerpt":"H\u00e4tten Sie auch gerne ein Tool, mit welchem Sie Besprechungen einfach erfassen und die Abarbeitung der\u00a0Besprechungspunkte nachverfolgen k\u00f6nnen? \u00dcbersicht Fortf\u00fchren Wiederkehrende Besprechungen k\u00f6nnen fortgef\u00fchrt werden, wobei automatisch alle nicht erledigten Punkte \u00fcbernommen werden Historie Die \u00c4nderungshistorie jedes Besprechungspunkts wird einzeln automatisch erfasst Verantwortlichkeiten Eindeutigte Zuordnung der Verantwortlichkeit von Besprechungspunkten zu\u2026","rel":"","context":"In \"Besprechungen\"","block_context":{"text":"Besprechungen","link":"https:\/\/gs-cms.com\/?tag=besprechungen"},"img":{"alt_text":"ArrowRight","src":"https:\/\/i0.wp.com\/gs-cms.com\/wp-content\/uploads\/ArrowRight.png?resize=350%2C200&ssl=1","width":350,"height":200},"classes":[]},{"id":1046,"url":"https:\/\/gs-cms.com\/?page_id=1046","url_meta":{"origin":1039,"position":1},"title":"Besprechungen","author":"Patrick Schimmel","date":"Montag, 20. Januar 2014","format":false,"excerpt":"Besprechung hinzuf\u00fcgen Mit diesem Button wird eine neue Besprechung hinzugef\u00fcgt. Beim der ersten Besprechung einer Reihe muss eine Gliederung in Unterpunkte (Themen) definiert werden. In einer Reihe werden wiederkehrende Besprechungen zusammengefasst. Alle Besprechungen dieser Reihe haben die gleiche Untergliederung. Alle offenen Punkte der letzten Besprechung einer Reihe werden beim Fortf\u00fchren\u2026","rel":"","context":"In \"Besprechungen\"","block_context":{"text":"Besprechungen","link":"https:\/\/gs-cms.com\/?tag=besprechungen"},"img":{"alt_text":"","src":"https:\/\/i0.wp.com\/gs-cms.com\/wp-content\/uploads\/Besprechungen-Besprechungsdetails-e1395848069575.jpg?resize=350%2C200&ssl=1","width":350,"height":200,"srcset":"https:\/\/i0.wp.com\/gs-cms.com\/wp-content\/uploads\/Besprechungen-Besprechungsdetails-e1395848069575.jpg?resize=350%2C200&ssl=1 1x, https:\/\/i0.wp.com\/gs-cms.com\/wp-content\/uploads\/Besprechungen-Besprechungsdetails-e1395848069575.jpg?resize=525%2C300&ssl=1 1.5x"},"classes":[]},{"id":1050,"url":"https:\/\/gs-cms.com\/?page_id=1050","url_meta":{"origin":1039,"position":2},"title":"Besprechungspunkte","author":"Patrick Schimmel","date":"Montag, 20. Januar 2014","format":false,"excerpt":"Besprechungspunkte Besprechungspunkt hinzuf\u00fcgen Hiermit wird ein neuer Punkt zu einer Besprechung hinzugef\u00fcgt. Wenn beim Hinzuf\u00fcgen in der Baumstruktur ein Thema ausgew\u00e4hlt war, so wird dieses Thema beim Punkt automatisch gesetzt. Besprechungspunkt bearbeiten Durch einen Doppelklick auf eine Zeile der Besprechungstabelle wird ein Besprechungspunkt bearbeitet. Folgende Daten k\u00f6nnen erfasst werden: Grunddaten\u2026","rel":"","context":"In \"Besprechungen\"","block_context":{"text":"Besprechungen","link":"https:\/\/gs-cms.com\/?tag=besprechungen"},"img":{"alt_text":"AddMeeting","src":"https:\/\/i0.wp.com\/gs-cms.com\/wp-content\/uploads\/AddMeeting.png?resize=350%2C200&ssl=1","width":350,"height":200},"classes":[]},{"id":1354,"url":"https:\/\/gs-cms.com\/?page_id=1354","url_meta":{"origin":1039,"position":3},"title":"Rechte","author":"Patrick Schimmel","date":"Dienstag, 3. Juni 2014","format":false,"excerpt":"Im Folgenden werden die verf\u00fcgbaren Rechte der einzelnen Module erl\u00e4utert. Allgemeine Module Modul Recht Beschreibung Akquisition Akquisitionsdaten bearbeiten Benutzer hat das Recht die Detaildaten der Akquisition zu bearbeiten. Akquisition Akquisitionstermine bearbeiten Bearbeiten der Termindaten der Akquisitionsdatens\u00e4tze. Akquisition Submissionsergebnisse bearbeiten Bearbeiten der Submissionsergebnisse von Gelegenheiten. Akquisition Akquisitionsdaten drucken Drucken von Berichten\u2026","rel":"","context":"In \"Admin\"","block_context":{"text":"Admin","link":"https:\/\/gs-cms.com\/?tag=admin"},"img":{"alt_text":"","src":"","width":0,"height":0},"classes":[]},{"id":915,"url":"https:\/\/gs-cms.com\/?page_id=915","url_meta":{"origin":1039,"position":4},"title":"Planverwaltung","author":"Patrick Schimmel","date":"Dienstag, 14. Januar 2014","format":false,"excerpt":"In der Planverwaltung k\u00f6nnen Pl\u00e4ne mit Planeingang, Versionierung und dem Planversand verwaltet und \u00fcberwacht werden. Die veralteten Pl\u00e4ne k\u00f6nnen in verschiedenen Dateiformaten auf den Server hochgeladen werden. Zu jedem Plan k\u00f6nnen beliebig viele Planversionen (\u00dcberarbeitungen) angelegt werden. Die Versionen werden \u00fcber den Planindex unterschieden. Wird eine aktualisierte Version eines Plans\u2026","rel":"","context":"In \"Besprechungen\"","block_context":{"text":"Besprechungen","link":"https:\/\/gs-cms.com\/?tag=besprechungen"},"img":{"alt_text":"Planverwaltung","src":"https:\/\/i0.wp.com\/gs-cms.com\/wp-content\/uploads\/Planverwaltung-1024x566.jpg?resize=350%2C200&ssl=1","width":350,"height":200,"srcset":"https:\/\/i0.wp.com\/gs-cms.com\/wp-content\/uploads\/Planverwaltung-1024x566.jpg?resize=350%2C200&ssl=1 1x, https:\/\/i0.wp.com\/gs-cms.com\/wp-content\/uploads\/Planverwaltung-1024x566.jpg?resize=525%2C300&ssl=1 1.5x, https:\/\/i0.wp.com\/gs-cms.com\/wp-content\/uploads\/Planverwaltung-1024x566.jpg?resize=700%2C400&ssl=1 2x"},"classes":[]},{"id":840,"url":"https:\/\/gs-cms.com\/?page_id=840","url_meta":{"origin":1039,"position":5},"title":"Anl\u00e4sse","author":"Patrick Schimmel","date":"Montag, 13. Januar 2014","format":false,"excerpt":"\u00dcber den Schalter in der Toolbar der M\u00e4ngelverwaltung k\u00f6nnen Anl\u00e4sse verwaltet werden. Anl\u00e4sse sind Begehungen, Besprechungen oder Abnahmen, an denen M\u00e4ngel festgestellt wurden. Jedem Mangel kann ein Anlass zugeordnet werden. Zu jedem Anlass k\u00f6nnen die Teilnehmer und ein Verteiler erfasst werden.","rel":"","context":"In \"Anl\u00e4sse\"","block_context":{"text":"Anl\u00e4sse","link":"https:\/\/gs-cms.com\/?tag=anlaesse"},"img":{"alt_text":"Meetings","src":"https:\/\/i0.wp.com\/gs-cms.com\/wp-content\/uploads\/Meetings.png?resize=350%2C200&ssl=1","width":350,"height":200},"classes":[]}],"_links":{"self":[{"href":"https:\/\/gs-cms.com\/index.php?rest_route=\/wp\/v2\/pages\/1039","targetHints":{"allow":["GET"]}}],"collection":[{"href":"https:\/\/gs-cms.com\/index.php?rest_route=\/wp\/v2\/pages"}],"about":[{"href":"https:\/\/gs-cms.com\/index.php?rest_route=\/wp\/v2\/types\/page"}],"author":[{"embeddable":true,"href":"https:\/\/gs-cms.com\/index.php?rest_route=\/wp\/v2\/users\/11"}],"replies":[{"embeddable":true,"href":"https:\/\/gs-cms.com\/index.php?rest_route=%2Fwp%2Fv2%2Fcomments&post=1039"}],"version-history":[{"count":0,"href":"https:\/\/gs-cms.com\/index.php?rest_route=\/wp\/v2\/pages\/1039\/revisions"}],"up":[{"embeddable":true,"href":"https:\/\/gs-cms.com\/index.php?rest_route=\/wp\/v2\/pages\/29"}],"wp:attachment":[{"href":"https:\/\/gs-cms.com\/index.php?rest_route=%2Fwp%2Fv2%2Fmedia&parent=1039"}],"curies":[{"name":"wp","href":"https:\/\/api.w.org\/{rel}","templated":true}]}}